{"id":11,"date":"2015-06-18T19:42:47","date_gmt":"2015-06-18T19:42:47","guid":{"rendered":"http:\/\/qualitrans.hu\/de\/?page_id=11"},"modified":"2016-12-20T14:21:42","modified_gmt":"2016-12-20T14:21:42","slug":"unsere-tatigkeit","status":"publish","type":"page","link":"https:\/\/qualitrans.hu\/de\/unsere-tatigkeit\/","title":{"rendered":"Unsere T\u00e4tigkeit"},"content":{"rendered":"<p>Bei uns sind alle technischen und personellen Voraussetzungen f\u00fcr ein hohes Dienstleistungsniveau gegeben. Alle unsere Fahrzeuge verf\u00fcgen \u00fcber ein GPS-basiertes Verfolgungssystem, Handy und Ladungssicherungsger\u00e4te.<br \/>\nUnser Unternehmen passt sich flexibel an die individuellen Anspr\u00fcche unserer Kunden an und erf\u00fcllt sie genauso Tag f\u00fcr Tag wie die sich wiederholenden allt\u00e4glichen Transportaufgaben. Wir denken, dass wir am besten mit unseren Kunden gemeinsam die optimale L\u00f6sung finden \u2013 und effektiv ihre Auftr\u00e4ge erledigen.<br \/>\nWir sind Mitglieder des Ungarischen Verbands der Stra\u00dfeng\u00fcterverkehrsunternehmen. Wir verf\u00fcgen \u00fcber jede n\u00f6tige Genehmigung, welche zur Aus\u00fcbung unserer T\u00e4tigkeit unerl\u00e4sslich und notwendig ist. Nat\u00fcrlich verf\u00fcgen wir \u00fcber eine Frachtf\u00fchrer-Haftpflicht-Versicherung f\u00fcr den internationalen Stra\u00dfeng\u00fcterverkehr (CMR).<\/p>\n","protected":false},"excerpt":{"rendered":"<p>Bei uns sind alle technischen und personellen Voraussetzungen f\u00fcr ein hohes Dienstleistungsniveau gegeben. Alle unsere Fahrzeuge verf\u00fcgen \u00fcber ein GPS-basiertes Verfolgungssystem, Handy und Ladungssicherungsger\u00e4te. Unser Unternehmen passt sich flexibel an die individuellen Anspr\u00fcche unserer Kunden an und erf\u00fcllt sie genauso Tag f\u00fcr Tag wie die sich wiederholenden allt\u00e4glichen Transportaufgaben. Wir denken, dass wir am besten [&hellip;]<\/p>\n","protected":false},"author":1,"featured_media":244,"parent":0,"menu_order":0,"comment_status":"open","ping_status":"open","template":"","meta":{"_acf_changed":false,"footnotes":""},"class_list":["post-11","page","type-page","status-publish","has-post-thumbnail","hentry"],"acf":[],"yoast_head":"<!-- This site is optimized with the Yoast SEO plugin v27.4 - https:\/\/yoast.com\/product\/yoast-seo-wordpress\/ -->\n<title>Unsere T\u00e4tigkeit - Qualitrans - Deutch<\/title>\n<meta name=\"robots\" content=\"index, follow, max-snippet:-1, max-image-preview:large, max-video-preview:-1\" \/>\n<link rel=\"canonical\" href=\"https:\/\/qualitrans.hu\/de\/unsere-tatigkeit\/\" \/>\n<meta property=\"og:locale\" content=\"hu_HU\" \/>\n<meta property=\"og:type\" content=\"article\" \/>\n<meta property=\"og:title\" content=\"Unsere T\u00e4tigkeit - Qualitrans - Deutch\" \/>\n<meta property=\"og:description\" content=\"Bei uns sind alle technischen und personellen Voraussetzungen f\u00fcr ein hohes Dienstleistungsniveau gegeben. Alle unsere Fahrzeuge verf\u00fcgen \u00fcber ein GPS-basiertes Verfolgungssystem, Handy und Ladungssicherungsger\u00e4te. Unser Unternehmen passt sich flexibel an die individuellen Anspr\u00fcche unserer Kunden an und erf\u00fcllt sie genauso Tag f\u00fcr Tag wie die sich wiederholenden allt\u00e4glichen Transportaufgaben. Wir denken, dass wir am besten [&hellip;]\" \/>\n<meta property=\"og:url\" content=\"https:\/\/qualitrans.hu\/de\/unsere-tatigkeit\/\" \/>\n<meta property=\"og:site_name\" content=\"Qualitrans - Deutch\" \/>\n<meta property=\"article:modified_time\" content=\"2016-12-20T14:21:42+00:00\" \/>\n<meta property=\"og:image\" content=\"https:\/\/qualitrans.hu\/de\/wp-content\/uploads\/sites\/3\/2015\/06\/DSC_0032-1024x681.jpg\" \/>\n\t<meta property=\"og:image:width\" content=\"1024\" \/>\n\t<meta property=\"og:image:height\" content=\"681\" \/>\n\t<meta property=\"og:image:type\" content=\"image\/jpeg\" \/>\n<meta name=\"twitter:card\" content=\"summary_large_image\" \/>\n<meta name=\"twitter:label1\" content=\"Becs\u00fclt olvas\u00e1si id\u0151\" \/>\n\t<meta name=\"twitter:data1\" content=\"1 perc\" \/>\n<script type=\"application\/ld+json\" class=\"yoast-schema-graph\">{\"@context\":\"https:\\\/\\\/schema.org\",\"@graph\":[{\"@type\":\"WebPage\",\"@id\":\"https:\\\/\\\/qualitrans.hu\\\/de\\\/unsere-tatigkeit\\\/\",\"url\":\"https:\\\/\\\/qualitrans.hu\\\/de\\\/unsere-tatigkeit\\\/\",\"name\":\"Unsere T\u00e4tigkeit - Qualitrans - Deutch\",\"isPartOf\":{\"@id\":\"https:\\\/\\\/qualitrans.hu\\\/de\\\/#website\"},\"primaryImageOfPage\":{\"@id\":\"https:\\\/\\\/qualitrans.hu\\\/de\\\/unsere-tatigkeit\\\/#primaryimage\"},\"image\":{\"@id\":\"https:\\\/\\\/qualitrans.hu\\\/de\\\/unsere-tatigkeit\\\/#primaryimage\"},\"thumbnailUrl\":\"https:\\\/\\\/qualitrans.hu\\\/de\\\/wp-content\\\/uploads\\\/sites\\\/3\\\/2015\\\/06\\\/DSC_0032-1024x681.jpg\",\"datePublished\":\"2015-06-18T19:42:47+00:00\",\"dateModified\":\"2016-12-20T14:21:42+00:00\",\"breadcrumb\":{\"@id\":\"https:\\\/\\\/qualitrans.hu\\\/de\\\/unsere-tatigkeit\\\/#breadcrumb\"},\"inLanguage\":\"hu\",\"potentialAction\":[{\"@type\":\"ReadAction\",\"target\":[\"https:\\\/\\\/qualitrans.hu\\\/de\\\/unsere-tatigkeit\\\/\"]}]},{\"@type\":\"ImageObject\",\"inLanguage\":\"hu\",\"@id\":\"https:\\\/\\\/qualitrans.hu\\\/de\\\/unsere-tatigkeit\\\/#primaryimage\",\"url\":\"https:\\\/\\\/qualitrans.hu\\\/de\\\/wp-content\\\/uploads\\\/sites\\\/3\\\/2015\\\/06\\\/DSC_0032-1024x681.jpg\",\"contentUrl\":\"https:\\\/\\\/qualitrans.hu\\\/de\\\/wp-content\\\/uploads\\\/sites\\\/3\\\/2015\\\/06\\\/DSC_0032-1024x681.jpg\",\"width\":1024,\"height\":681},{\"@type\":\"BreadcrumbList\",\"@id\":\"https:\\\/\\\/qualitrans.hu\\\/de\\\/unsere-tatigkeit\\\/#breadcrumb\",\"itemListElement\":[{\"@type\":\"ListItem\",\"position\":1,\"name\":\"Home\",\"item\":\"https:\\\/\\\/qualitrans.hu\\\/de\\\/\"},{\"@type\":\"ListItem\",\"position\":2,\"name\":\"Unsere T\u00e4tigkeit\"}]},{\"@type\":\"WebSite\",\"@id\":\"https:\\\/\\\/qualitrans.hu\\\/de\\\/#website\",\"url\":\"https:\\\/\\\/qualitrans.hu\\\/de\\\/\",\"name\":\"Qualitrans - Deutch\",\"description\":\"25 \u00c9ve a nemzetk\u00f6zi k\u00f6z\u00fati \u00e1rusz\u00e1ll\u00edt\u00e1sban\",\"potentialAction\":[{\"@type\":\"SearchAction\",\"target\":{\"@type\":\"EntryPoint\",\"urlTemplate\":\"https:\\\/\\\/qualitrans.hu\\\/de\\\/?s={search_term_string}\"},\"query-input\":{\"@type\":\"PropertyValueSpecification\",\"valueRequired\":true,\"valueName\":\"search_term_string\"}}],\"inLanguage\":\"hu\"}]}<\/script>\n<!-- \/ Yoast SEO plugin. -->","yoast_head_json":{"title":"Unsere T\u00e4tigkeit - Qualitrans - Deutch","robots":{"index":"index","follow":"follow","max-snippet":"max-snippet:-1","max-image-preview":"max-image-preview:large","max-video-preview":"max-video-preview:-1"},"canonical":"https:\/\/qualitrans.hu\/de\/unsere-tatigkeit\/","og_locale":"hu_HU","og_type":"article","og_title":"Unsere T\u00e4tigkeit - Qualitrans - Deutch","og_description":"Bei uns sind alle technischen und personellen Voraussetzungen f\u00fcr ein hohes Dienstleistungsniveau gegeben. Alle unsere Fahrzeuge verf\u00fcgen \u00fcber ein GPS-basiertes Verfolgungssystem, Handy und Ladungssicherungsger\u00e4te. Unser Unternehmen passt sich flexibel an die individuellen Anspr\u00fcche unserer Kunden an und erf\u00fcllt sie genauso Tag f\u00fcr Tag wie die sich wiederholenden allt\u00e4glichen Transportaufgaben. Wir denken, dass wir am besten [&hellip;]","og_url":"https:\/\/qualitrans.hu\/de\/unsere-tatigkeit\/","og_site_name":"Qualitrans - Deutch","article_modified_time":"2016-12-20T14:21:42+00:00","og_image":[{"width":1024,"height":681,"url":"https:\/\/qualitrans.hu\/de\/wp-content\/uploads\/sites\/3\/2015\/06\/DSC_0032-1024x681.jpg","type":"image\/jpeg"}],"twitter_card":"summary_large_image","twitter_misc":{"Becs\u00fclt olvas\u00e1si id\u0151":"1 perc"},"schema":{"@context":"https:\/\/schema.org","@graph":[{"@type":"WebPage","@id":"https:\/\/qualitrans.hu\/de\/unsere-tatigkeit\/","url":"https:\/\/qualitrans.hu\/de\/unsere-tatigkeit\/","name":"Unsere T\u00e4tigkeit - Qualitrans - Deutch","isPartOf":{"@id":"https:\/\/qualitrans.hu\/de\/#website"},"primaryImageOfPage":{"@id":"https:\/\/qualitrans.hu\/de\/unsere-tatigkeit\/#primaryimage"},"image":{"@id":"https:\/\/qualitrans.hu\/de\/unsere-tatigkeit\/#primaryimage"},"thumbnailUrl":"https:\/\/qualitrans.hu\/de\/wp-content\/uploads\/sites\/3\/2015\/06\/DSC_0032-1024x681.jpg","datePublished":"2015-06-18T19:42:47+00:00","dateModified":"2016-12-20T14:21:42+00:00","breadcrumb":{"@id":"https:\/\/qualitrans.hu\/de\/unsere-tatigkeit\/#breadcrumb"},"inLanguage":"hu","potentialAction":[{"@type":"ReadAction","target":["https:\/\/qualitrans.hu\/de\/unsere-tatigkeit\/"]}]},{"@type":"ImageObject","inLanguage":"hu","@id":"https:\/\/qualitrans.hu\/de\/unsere-tatigkeit\/#primaryimage","url":"https:\/\/qualitrans.hu\/de\/wp-content\/uploads\/sites\/3\/2015\/06\/DSC_0032-1024x681.jpg","contentUrl":"https:\/\/qualitrans.hu\/de\/wp-content\/uploads\/sites\/3\/2015\/06\/DSC_0032-1024x681.jpg","width":1024,"height":681},{"@type":"BreadcrumbList","@id":"https:\/\/qualitrans.hu\/de\/unsere-tatigkeit\/#breadcrumb","itemListElement":[{"@type":"ListItem","position":1,"name":"Home","item":"https:\/\/qualitrans.hu\/de\/"},{"@type":"ListItem","position":2,"name":"Unsere T\u00e4tigkeit"}]},{"@type":"WebSite","@id":"https:\/\/qualitrans.hu\/de\/#website","url":"https:\/\/qualitrans.hu\/de\/","name":"Qualitrans - Deutch","description":"25 \u00c9ve a nemzetk\u00f6zi k\u00f6z\u00fati \u00e1rusz\u00e1ll\u00edt\u00e1sban","potentialAction":[{"@type":"SearchAction","target":{"@type":"EntryPoint","urlTemplate":"https:\/\/qualitrans.hu\/de\/?s={search_term_string}"},"query-input":{"@type":"PropertyValueSpecification","valueRequired":true,"valueName":"search_term_string"}}],"inLanguage":"hu"}]}},"_links":{"self":[{"href":"https:\/\/qualitrans.hu\/de\/wp-json\/wp\/v2\/pages\/11","targetHints":{"allow":["GET"]}}],"collection":[{"href":"https:\/\/qualitrans.hu\/de\/wp-json\/wp\/v2\/pages"}],"about":[{"href":"https:\/\/qualitrans.hu\/de\/wp-json\/wp\/v2\/types\/page"}],"author":[{"embeddable":true,"href":"https:\/\/qualitrans.hu\/de\/wp-json\/wp\/v2\/users\/1"}],"replies":[{"embeddable":true,"href":"https:\/\/qualitrans.hu\/de\/wp-json\/wp\/v2\/comments?post=11"}],"version-history":[{"count":2,"href":"https:\/\/qualitrans.hu\/de\/wp-json\/wp\/v2\/pages\/11\/revisions"}],"predecessor-version":[{"id":139,"href":"https:\/\/qualitrans.hu\/de\/wp-json\/wp\/v2\/pages\/11\/revisions\/139"}],"wp:featuredmedia":[{"embeddable":true,"href":"https:\/\/qualitrans.hu\/de\/wp-json\/wp\/v2\/media\/244"}],"wp:attachment":[{"href":"https:\/\/qualitrans.hu\/de\/wp-json\/wp\/v2\/media?parent=11"}],"curies":[{"name":"wp","href":"https:\/\/api.w.org\/{rel}","templated":true}]}}