{"id":13,"date":"2015-06-18T19:43:45","date_gmt":"2015-06-18T19:43:45","guid":{"rendered":"http:\/\/qualitrans.hu\/de\/?page_id=13"},"modified":"2016-12-20T14:23:14","modified_gmt":"2016-12-20T14:23:14","slug":"qualitatsmanagement","status":"publish","type":"page","link":"https:\/\/qualitrans.hu\/de\/qualitatsmanagement\/","title":{"rendered":"Qualit\u00e4tsmanagement"},"content":{"rendered":"<p>Die LKW-Fahrer spielen in unserer Branche eine Schl\u00fcsselrolle. Wir verwenden gro\u00dfe Sorgfalt auf ihre kontinuierliche Fortbildung, bei der sie Kenntnisse \u00fcber die wirtschaftliche und sichere Fahr- und Verladetechnik erwerben.<br \/>\nF\u00fcr die QUALITRANS \u2013 CARGO Kft. ist einer der wichtigsten Gesichtspunkte die Zufriedenheit unserer Kunden. Das ist hinreichend durch unsere vielen langfristigen Partnerbeziehungen, auf die wir stolz sind, bewiesen. Wir sind stets bem\u00fcht, unsere Kunden nach unserem besten Wissen und Kenntnissen auf hohem Niveau zu bedienen. Unsere Kollegen stehen immer unseren Kunden zur Verf\u00fcgung.<\/p>\n","protected":false},"excerpt":{"rendered":"<p>Die LKW-Fahrer spielen in unserer Branche eine Schl\u00fcsselrolle. Wir verwenden gro\u00dfe Sorgfalt auf ihre kontinuierliche Fortbildung, bei der sie Kenntnisse \u00fcber die wirtschaftliche und sichere Fahr- und Verladetechnik erwerben. F\u00fcr die QUALITRANS \u2013 CARGO Kft. ist einer der wichtigsten Gesichtspunkte die Zufriedenheit unserer Kunden. Das ist hinreichend durch unsere vielen langfristigen Partnerbeziehungen, auf die wir [&hellip;]<\/p>\n","protected":false},"author":1,"featured_media":259,"parent":0,"menu_order":0,"comment_status":"open","ping_status":"open","template":"","meta":{"_acf_changed":false,"footnotes":""},"class_list":["post-13","page","type-page","status-publish","has-post-thumbnail","hentry"],"acf":[],"yoast_head":"<!-- This site is optimized with the Yoast SEO plugin v27.5 - https:\/\/yoast.com\/product\/yoast-seo-wordpress\/ -->\n<title>Qualit\u00e4tsmanagement - Qualitrans - Deutch<\/title>\n<meta name=\"robots\" content=\"index, follow, max-snippet:-1, max-image-preview:large, max-video-preview:-1\" \/>\n<link rel=\"canonical\" href=\"https:\/\/qualitrans.hu\/de\/qualitatsmanagement\/\" \/>\n<meta property=\"og:locale\" content=\"hu_HU\" \/>\n<meta property=\"og:type\" content=\"article\" \/>\n<meta property=\"og:title\" content=\"Qualit\u00e4tsmanagement - Qualitrans - Deutch\" \/>\n<meta property=\"og:description\" content=\"Die LKW-Fahrer spielen in unserer Branche eine Schl\u00fcsselrolle. Wir verwenden gro\u00dfe Sorgfalt auf ihre kontinuierliche Fortbildung, bei der sie Kenntnisse \u00fcber die wirtschaftliche und sichere Fahr- und Verladetechnik erwerben. F\u00fcr die QUALITRANS \u2013 CARGO Kft. ist einer der wichtigsten Gesichtspunkte die Zufriedenheit unserer Kunden. Das ist hinreichend durch unsere vielen langfristigen Partnerbeziehungen, auf die wir [&hellip;]\" \/>\n<meta property=\"og:url\" content=\"https:\/\/qualitrans.hu\/de\/qualitatsmanagement\/\" \/>\n<meta property=\"og:site_name\" content=\"Qualitrans - Deutch\" \/>\n<meta property=\"article:modified_time\" content=\"2016-12-20T14:23:14+00:00\" \/>\n<meta property=\"og:image\" content=\"https:\/\/qualitrans.hu\/de\/wp-content\/uploads\/sites\/3\/2015\/06\/thumb-minoseg.jpg\" \/>\n\t<meta property=\"og:image:width\" content=\"360\" \/>\n\t<meta property=\"og:image:height\" content=\"239\" \/>\n\t<meta property=\"og:image:type\" content=\"image\/jpeg\" \/>\n<meta name=\"twitter:card\" content=\"summary_large_image\" \/>\n<script type=\"application\/ld+json\" class=\"yoast-schema-graph\">{\"@context\":\"https:\\\/\\\/schema.org\",\"@graph\":[{\"@type\":\"WebPage\",\"@id\":\"https:\\\/\\\/qualitrans.hu\\\/de\\\/qualitatsmanagement\\\/\",\"url\":\"https:\\\/\\\/qualitrans.hu\\\/de\\\/qualitatsmanagement\\\/\",\"name\":\"Qualit\u00e4tsmanagement - Qualitrans - Deutch\",\"isPartOf\":{\"@id\":\"https:\\\/\\\/qualitrans.hu\\\/de\\\/#website\"},\"primaryImageOfPage\":{\"@id\":\"https:\\\/\\\/qualitrans.hu\\\/de\\\/qualitatsmanagement\\\/#primaryimage\"},\"image\":{\"@id\":\"https:\\\/\\\/qualitrans.hu\\\/de\\\/qualitatsmanagement\\\/#primaryimage\"},\"thumbnailUrl\":\"https:\\\/\\\/qualitrans.hu\\\/de\\\/wp-content\\\/uploads\\\/sites\\\/3\\\/2015\\\/06\\\/thumb-minoseg.jpg\",\"datePublished\":\"2015-06-18T19:43:45+00:00\",\"dateModified\":\"2016-12-20T14:23:14+00:00\",\"breadcrumb\":{\"@id\":\"https:\\\/\\\/qualitrans.hu\\\/de\\\/qualitatsmanagement\\\/#breadcrumb\"},\"inLanguage\":\"hu\",\"potentialAction\":[{\"@type\":\"ReadAction\",\"target\":[\"https:\\\/\\\/qualitrans.hu\\\/de\\\/qualitatsmanagement\\\/\"]}]},{\"@type\":\"ImageObject\",\"inLanguage\":\"hu\",\"@id\":\"https:\\\/\\\/qualitrans.hu\\\/de\\\/qualitatsmanagement\\\/#primaryimage\",\"url\":\"https:\\\/\\\/qualitrans.hu\\\/de\\\/wp-content\\\/uploads\\\/sites\\\/3\\\/2015\\\/06\\\/thumb-minoseg.jpg\",\"contentUrl\":\"https:\\\/\\\/qualitrans.hu\\\/de\\\/wp-content\\\/uploads\\\/sites\\\/3\\\/2015\\\/06\\\/thumb-minoseg.jpg\",\"width\":360,\"height\":239},{\"@type\":\"BreadcrumbList\",\"@id\":\"https:\\\/\\\/qualitrans.hu\\\/de\\\/qualitatsmanagement\\\/#breadcrumb\",\"itemListElement\":[{\"@type\":\"ListItem\",\"position\":1,\"name\":\"Home\",\"item\":\"https:\\\/\\\/qualitrans.hu\\\/de\\\/\"},{\"@type\":\"ListItem\",\"position\":2,\"name\":\"Qualit\u00e4tsmanagement\"}]},{\"@type\":\"WebSite\",\"@id\":\"https:\\\/\\\/qualitrans.hu\\\/de\\\/#website\",\"url\":\"https:\\\/\\\/qualitrans.hu\\\/de\\\/\",\"name\":\"Qualitrans - Deutch\",\"description\":\"25 \u00c9ve a nemzetk\u00f6zi k\u00f6z\u00fati \u00e1rusz\u00e1ll\u00edt\u00e1sban\",\"potentialAction\":[{\"@type\":\"SearchAction\",\"target\":{\"@type\":\"EntryPoint\",\"urlTemplate\":\"https:\\\/\\\/qualitrans.hu\\\/de\\\/?s={search_term_string}\"},\"query-input\":{\"@type\":\"PropertyValueSpecification\",\"valueRequired\":true,\"valueName\":\"search_term_string\"}}],\"inLanguage\":\"hu\"}]}<\/script>\n<!-- \/ Yoast SEO plugin. -->","yoast_head_json":{"title":"Qualit\u00e4tsmanagement - Qualitrans - Deutch","robots":{"index":"index","follow":"follow","max-snippet":"max-snippet:-1","max-image-preview":"max-image-preview:large","max-video-preview":"max-video-preview:-1"},"canonical":"https:\/\/qualitrans.hu\/de\/qualitatsmanagement\/","og_locale":"hu_HU","og_type":"article","og_title":"Qualit\u00e4tsmanagement - Qualitrans - Deutch","og_description":"Die LKW-Fahrer spielen in unserer Branche eine Schl\u00fcsselrolle. Wir verwenden gro\u00dfe Sorgfalt auf ihre kontinuierliche Fortbildung, bei der sie Kenntnisse \u00fcber die wirtschaftliche und sichere Fahr- und Verladetechnik erwerben. F\u00fcr die QUALITRANS \u2013 CARGO Kft. ist einer der wichtigsten Gesichtspunkte die Zufriedenheit unserer Kunden. Das ist hinreichend durch unsere vielen langfristigen Partnerbeziehungen, auf die wir [&hellip;]","og_url":"https:\/\/qualitrans.hu\/de\/qualitatsmanagement\/","og_site_name":"Qualitrans - Deutch","article_modified_time":"2016-12-20T14:23:14+00:00","og_image":[{"width":360,"height":239,"url":"https:\/\/qualitrans.hu\/de\/wp-content\/uploads\/sites\/3\/2015\/06\/thumb-minoseg.jpg","type":"image\/jpeg"}],"twitter_card":"summary_large_image","schema":{"@context":"https:\/\/schema.org","@graph":[{"@type":"WebPage","@id":"https:\/\/qualitrans.hu\/de\/qualitatsmanagement\/","url":"https:\/\/qualitrans.hu\/de\/qualitatsmanagement\/","name":"Qualit\u00e4tsmanagement - Qualitrans - Deutch","isPartOf":{"@id":"https:\/\/qualitrans.hu\/de\/#website"},"primaryImageOfPage":{"@id":"https:\/\/qualitrans.hu\/de\/qualitatsmanagement\/#primaryimage"},"image":{"@id":"https:\/\/qualitrans.hu\/de\/qualitatsmanagement\/#primaryimage"},"thumbnailUrl":"https:\/\/qualitrans.hu\/de\/wp-content\/uploads\/sites\/3\/2015\/06\/thumb-minoseg.jpg","datePublished":"2015-06-18T19:43:45+00:00","dateModified":"2016-12-20T14:23:14+00:00","breadcrumb":{"@id":"https:\/\/qualitrans.hu\/de\/qualitatsmanagement\/#breadcrumb"},"inLanguage":"hu","potentialAction":[{"@type":"ReadAction","target":["https:\/\/qualitrans.hu\/de\/qualitatsmanagement\/"]}]},{"@type":"ImageObject","inLanguage":"hu","@id":"https:\/\/qualitrans.hu\/de\/qualitatsmanagement\/#primaryimage","url":"https:\/\/qualitrans.hu\/de\/wp-content\/uploads\/sites\/3\/2015\/06\/thumb-minoseg.jpg","contentUrl":"https:\/\/qualitrans.hu\/de\/wp-content\/uploads\/sites\/3\/2015\/06\/thumb-minoseg.jpg","width":360,"height":239},{"@type":"BreadcrumbList","@id":"https:\/\/qualitrans.hu\/de\/qualitatsmanagement\/#breadcrumb","itemListElement":[{"@type":"ListItem","position":1,"name":"Home","item":"https:\/\/qualitrans.hu\/de\/"},{"@type":"ListItem","position":2,"name":"Qualit\u00e4tsmanagement"}]},{"@type":"WebSite","@id":"https:\/\/qualitrans.hu\/de\/#website","url":"https:\/\/qualitrans.hu\/de\/","name":"Qualitrans - Deutch","description":"25 \u00c9ve a nemzetk\u00f6zi k\u00f6z\u00fati \u00e1rusz\u00e1ll\u00edt\u00e1sban","potentialAction":[{"@type":"SearchAction","target":{"@type":"EntryPoint","urlTemplate":"https:\/\/qualitrans.hu\/de\/?s={search_term_string}"},"query-input":{"@type":"PropertyValueSpecification","valueRequired":true,"valueName":"search_term_string"}}],"inLanguage":"hu"}]}},"_links":{"self":[{"href":"https:\/\/qualitrans.hu\/de\/wp-json\/wp\/v2\/pages\/13","targetHints":{"allow":["GET"]}}],"collection":[{"href":"https:\/\/qualitrans.hu\/de\/wp-json\/wp\/v2\/pages"}],"about":[{"href":"https:\/\/qualitrans.hu\/de\/wp-json\/wp\/v2\/types\/page"}],"author":[{"embeddable":true,"href":"https:\/\/qualitrans.hu\/de\/wp-json\/wp\/v2\/users\/1"}],"replies":[{"embeddable":true,"href":"https:\/\/qualitrans.hu\/de\/wp-json\/wp\/v2\/comments?post=13"}],"version-history":[{"count":3,"href":"https:\/\/qualitrans.hu\/de\/wp-json\/wp\/v2\/pages\/13\/revisions"}],"predecessor-version":[{"id":260,"href":"https:\/\/qualitrans.hu\/de\/wp-json\/wp\/v2\/pages\/13\/revisions\/260"}],"wp:featuredmedia":[{"embeddable":true,"href":"https:\/\/qualitrans.hu\/de\/wp-json\/wp\/v2\/media\/259"}],"wp:attachment":[{"href":"https:\/\/qualitrans.hu\/de\/wp-json\/wp\/v2\/media?parent=13"}],"curies":[{"name":"wp","href":"https:\/\/api.w.org\/{rel}","templated":true}]}}