{"id":17,"date":"2015-06-18T19:44:41","date_gmt":"2015-06-18T19:44:41","guid":{"rendered":"http:\/\/qualitrans.hu\/de\/?page_id=17"},"modified":"2016-12-20T14:24:02","modified_gmt":"2016-12-20T14:24:02","slug":"unsere-perspektive","status":"publish","type":"page","link":"https:\/\/qualitrans.hu\/de\/unsere-perspektive\/","title":{"rendered":"Unsere Perspektive"},"content":{"rendered":"<h2>Unsere Mission<\/h2>\n<p>Dass unser Unternehmen \u00fcber Wachstum hinaus zur Entwicklung der ungarischen Wirtschaft beitr\u00e4gt.<\/p>\n<p>Dass unsere Flotte durch kontinuierliche Modernisierung und durch Ausstattung mit noch umweltfreundlicheren LKW-s Ihre Transportaufgaben l\u00f6st und auf deren Wirkung hin sich der Schadstoffaussto\u00df ebenso wie die Umweltbelastung verringert.<\/p>\n<h2>Unsere Werte<\/h2>\n<ul>\n<li>Kundenorientiertheit<\/li>\n<li>Fachlich versierte, motivierte Arbeitskr\u00e4fte<\/li>\n<li>Ausgezeichnete Aufmerksamkeit bei der G\u00fcterbehandlung<\/li>\n<li>Elan, Ausdauer<\/li>\n<li>Berechenbarkeit<\/li>\n<li>Erfahrung<\/li>\n<\/ul>\n","protected":false},"excerpt":{"rendered":"<p>Unsere Mission Dass unser Unternehmen \u00fcber Wachstum hinaus zur Entwicklung der ungarischen Wirtschaft beitr\u00e4gt. Dass unsere Flotte durch kontinuierliche Modernisierung und durch Ausstattung mit noch umweltfreundlicheren LKW-s Ihre Transportaufgaben l\u00f6st und auf deren Wirkung hin sich der Schadstoffaussto\u00df ebenso wie die Umweltbelastung verringert. Unsere Werte Kundenorientiertheit Fachlich versierte, motivierte Arbeitskr\u00e4fte Ausgezeichnete Aufmerksamkeit bei der G\u00fcterbehandlung [&hellip;]<\/p>\n","protected":false},"author":1,"featured_media":262,"parent":0,"menu_order":0,"comment_status":"open","ping_status":"open","template":"","meta":{"_acf_changed":false,"footnotes":""},"class_list":["post-17","page","type-page","status-publish","has-post-thumbnail","hentry"],"acf":[],"yoast_head":"<!-- This site is optimized with the Yoast SEO plugin v27.4 - https:\/\/yoast.com\/product\/yoast-seo-wordpress\/ -->\n<title>Unsere Perspektive - Qualitrans - Deutch<\/title>\n<meta name=\"robots\" content=\"index, follow, max-snippet:-1, max-image-preview:large, max-video-preview:-1\" \/>\n<link rel=\"canonical\" href=\"https:\/\/qualitrans.hu\/de\/unsere-perspektive\/\" \/>\n<meta property=\"og:locale\" content=\"hu_HU\" \/>\n<meta property=\"og:type\" content=\"article\" \/>\n<meta property=\"og:title\" content=\"Unsere Perspektive - Qualitrans - Deutch\" \/>\n<meta property=\"og:description\" content=\"Unsere Mission Dass unser Unternehmen \u00fcber Wachstum hinaus zur Entwicklung der ungarischen Wirtschaft beitr\u00e4gt. Dass unsere Flotte durch kontinuierliche Modernisierung und durch Ausstattung mit noch umweltfreundlicheren LKW-s Ihre Transportaufgaben l\u00f6st und auf deren Wirkung hin sich der Schadstoffaussto\u00df ebenso wie die Umweltbelastung verringert. Unsere Werte Kundenorientiertheit Fachlich versierte, motivierte Arbeitskr\u00e4fte Ausgezeichnete Aufmerksamkeit bei der G\u00fcterbehandlung [&hellip;]\" \/>\n<meta property=\"og:url\" content=\"https:\/\/qualitrans.hu\/de\/unsere-perspektive\/\" \/>\n<meta property=\"og:site_name\" content=\"Qualitrans - Deutch\" \/>\n<meta property=\"article:modified_time\" content=\"2016-12-20T14:24:02+00:00\" \/>\n<meta property=\"og:image\" content=\"https:\/\/qualitrans.hu\/de\/wp-content\/uploads\/sites\/3\/2015\/06\/image009.jpg\" \/>\n\t<meta property=\"og:image:width\" content=\"646\" \/>\n\t<meta property=\"og:image:height\" content=\"323\" \/>\n\t<meta property=\"og:image:type\" content=\"image\/jpeg\" \/>\n<meta name=\"twitter:card\" content=\"summary_large_image\" \/>\n<script type=\"application\/ld+json\" class=\"yoast-schema-graph\">{\"@context\":\"https:\\\/\\\/schema.org\",\"@graph\":[{\"@type\":\"WebPage\",\"@id\":\"https:\\\/\\\/qualitrans.hu\\\/de\\\/unsere-perspektive\\\/\",\"url\":\"https:\\\/\\\/qualitrans.hu\\\/de\\\/unsere-perspektive\\\/\",\"name\":\"Unsere Perspektive - Qualitrans - Deutch\",\"isPartOf\":{\"@id\":\"https:\\\/\\\/qualitrans.hu\\\/de\\\/#website\"},\"primaryImageOfPage\":{\"@id\":\"https:\\\/\\\/qualitrans.hu\\\/de\\\/unsere-perspektive\\\/#primaryimage\"},\"image\":{\"@id\":\"https:\\\/\\\/qualitrans.hu\\\/de\\\/unsere-perspektive\\\/#primaryimage\"},\"thumbnailUrl\":\"https:\\\/\\\/qualitrans.hu\\\/de\\\/wp-content\\\/uploads\\\/sites\\\/3\\\/2015\\\/06\\\/image009.jpg\",\"datePublished\":\"2015-06-18T19:44:41+00:00\",\"dateModified\":\"2016-12-20T14:24:02+00:00\",\"breadcrumb\":{\"@id\":\"https:\\\/\\\/qualitrans.hu\\\/de\\\/unsere-perspektive\\\/#breadcrumb\"},\"inLanguage\":\"hu\",\"potentialAction\":[{\"@type\":\"ReadAction\",\"target\":[\"https:\\\/\\\/qualitrans.hu\\\/de\\\/unsere-perspektive\\\/\"]}]},{\"@type\":\"ImageObject\",\"inLanguage\":\"hu\",\"@id\":\"https:\\\/\\\/qualitrans.hu\\\/de\\\/unsere-perspektive\\\/#primaryimage\",\"url\":\"https:\\\/\\\/qualitrans.hu\\\/de\\\/wp-content\\\/uploads\\\/sites\\\/3\\\/2015\\\/06\\\/image009.jpg\",\"contentUrl\":\"https:\\\/\\\/qualitrans.hu\\\/de\\\/wp-content\\\/uploads\\\/sites\\\/3\\\/2015\\\/06\\\/image009.jpg\",\"width\":646,\"height\":323},{\"@type\":\"BreadcrumbList\",\"@id\":\"https:\\\/\\\/qualitrans.hu\\\/de\\\/unsere-perspektive\\\/#breadcrumb\",\"itemListElement\":[{\"@type\":\"ListItem\",\"position\":1,\"name\":\"Home\",\"item\":\"https:\\\/\\\/qualitrans.hu\\\/de\\\/\"},{\"@type\":\"ListItem\",\"position\":2,\"name\":\"Unsere Perspektive\"}]},{\"@type\":\"WebSite\",\"@id\":\"https:\\\/\\\/qualitrans.hu\\\/de\\\/#website\",\"url\":\"https:\\\/\\\/qualitrans.hu\\\/de\\\/\",\"name\":\"Qualitrans - Deutch\",\"description\":\"25 \u00c9ve a nemzetk\u00f6zi k\u00f6z\u00fati \u00e1rusz\u00e1ll\u00edt\u00e1sban\",\"potentialAction\":[{\"@type\":\"SearchAction\",\"target\":{\"@type\":\"EntryPoint\",\"urlTemplate\":\"https:\\\/\\\/qualitrans.hu\\\/de\\\/?s={search_term_string}\"},\"query-input\":{\"@type\":\"PropertyValueSpecification\",\"valueRequired\":true,\"valueName\":\"search_term_string\"}}],\"inLanguage\":\"hu\"}]}<\/script>\n<!-- \/ Yoast SEO plugin. -->","yoast_head_json":{"title":"Unsere Perspektive - Qualitrans - Deutch","robots":{"index":"index","follow":"follow","max-snippet":"max-snippet:-1","max-image-preview":"max-image-preview:large","max-video-preview":"max-video-preview:-1"},"canonical":"https:\/\/qualitrans.hu\/de\/unsere-perspektive\/","og_locale":"hu_HU","og_type":"article","og_title":"Unsere Perspektive - Qualitrans - Deutch","og_description":"Unsere Mission Dass unser Unternehmen \u00fcber Wachstum hinaus zur Entwicklung der ungarischen Wirtschaft beitr\u00e4gt. Dass unsere Flotte durch kontinuierliche Modernisierung und durch Ausstattung mit noch umweltfreundlicheren LKW-s Ihre Transportaufgaben l\u00f6st und auf deren Wirkung hin sich der Schadstoffaussto\u00df ebenso wie die Umweltbelastung verringert. Unsere Werte Kundenorientiertheit Fachlich versierte, motivierte Arbeitskr\u00e4fte Ausgezeichnete Aufmerksamkeit bei der G\u00fcterbehandlung [&hellip;]","og_url":"https:\/\/qualitrans.hu\/de\/unsere-perspektive\/","og_site_name":"Qualitrans - Deutch","article_modified_time":"2016-12-20T14:24:02+00:00","og_image":[{"width":646,"height":323,"url":"https:\/\/qualitrans.hu\/de\/wp-content\/uploads\/sites\/3\/2015\/06\/image009.jpg","type":"image\/jpeg"}],"twitter_card":"summary_large_image","schema":{"@context":"https:\/\/schema.org","@graph":[{"@type":"WebPage","@id":"https:\/\/qualitrans.hu\/de\/unsere-perspektive\/","url":"https:\/\/qualitrans.hu\/de\/unsere-perspektive\/","name":"Unsere Perspektive - Qualitrans - Deutch","isPartOf":{"@id":"https:\/\/qualitrans.hu\/de\/#website"},"primaryImageOfPage":{"@id":"https:\/\/qualitrans.hu\/de\/unsere-perspektive\/#primaryimage"},"image":{"@id":"https:\/\/qualitrans.hu\/de\/unsere-perspektive\/#primaryimage"},"thumbnailUrl":"https:\/\/qualitrans.hu\/de\/wp-content\/uploads\/sites\/3\/2015\/06\/image009.jpg","datePublished":"2015-06-18T19:44:41+00:00","dateModified":"2016-12-20T14:24:02+00:00","breadcrumb":{"@id":"https:\/\/qualitrans.hu\/de\/unsere-perspektive\/#breadcrumb"},"inLanguage":"hu","potentialAction":[{"@type":"ReadAction","target":["https:\/\/qualitrans.hu\/de\/unsere-perspektive\/"]}]},{"@type":"ImageObject","inLanguage":"hu","@id":"https:\/\/qualitrans.hu\/de\/unsere-perspektive\/#primaryimage","url":"https:\/\/qualitrans.hu\/de\/wp-content\/uploads\/sites\/3\/2015\/06\/image009.jpg","contentUrl":"https:\/\/qualitrans.hu\/de\/wp-content\/uploads\/sites\/3\/2015\/06\/image009.jpg","width":646,"height":323},{"@type":"BreadcrumbList","@id":"https:\/\/qualitrans.hu\/de\/unsere-perspektive\/#breadcrumb","itemListElement":[{"@type":"ListItem","position":1,"name":"Home","item":"https:\/\/qualitrans.hu\/de\/"},{"@type":"ListItem","position":2,"name":"Unsere Perspektive"}]},{"@type":"WebSite","@id":"https:\/\/qualitrans.hu\/de\/#website","url":"https:\/\/qualitrans.hu\/de\/","name":"Qualitrans - Deutch","description":"25 \u00c9ve a nemzetk\u00f6zi k\u00f6z\u00fati \u00e1rusz\u00e1ll\u00edt\u00e1sban","potentialAction":[{"@type":"SearchAction","target":{"@type":"EntryPoint","urlTemplate":"https:\/\/qualitrans.hu\/de\/?s={search_term_string}"},"query-input":{"@type":"PropertyValueSpecification","valueRequired":true,"valueName":"search_term_string"}}],"inLanguage":"hu"}]}},"_links":{"self":[{"href":"https:\/\/qualitrans.hu\/de\/wp-json\/wp\/v2\/pages\/17","targetHints":{"allow":["GET"]}}],"collection":[{"href":"https:\/\/qualitrans.hu\/de\/wp-json\/wp\/v2\/pages"}],"about":[{"href":"https:\/\/qualitrans.hu\/de\/wp-json\/wp\/v2\/types\/page"}],"author":[{"embeddable":true,"href":"https:\/\/qualitrans.hu\/de\/wp-json\/wp\/v2\/users\/1"}],"replies":[{"embeddable":true,"href":"https:\/\/qualitrans.hu\/de\/wp-json\/wp\/v2\/comments?post=17"}],"version-history":[{"count":4,"href":"https:\/\/qualitrans.hu\/de\/wp-json\/wp\/v2\/pages\/17\/revisions"}],"predecessor-version":[{"id":147,"href":"https:\/\/qualitrans.hu\/de\/wp-json\/wp\/v2\/pages\/17\/revisions\/147"}],"wp:featuredmedia":[{"embeddable":true,"href":"https:\/\/qualitrans.hu\/de\/wp-json\/wp\/v2\/media\/262"}],"wp:attachment":[{"href":"https:\/\/qualitrans.hu\/de\/wp-json\/wp\/v2\/media?parent=17"}],"curies":[{"name":"wp","href":"https:\/\/api.w.org\/{rel}","templated":true}]}}