{"id":19,"date":"2015-06-18T19:45:19","date_gmt":"2015-06-18T19:45:19","guid":{"rendered":"http:\/\/qualitrans.hu\/de\/?page_id=19"},"modified":"2016-12-20T14:12:02","modified_gmt":"2016-12-20T14:12:02","slug":"autotransport","status":"publish","type":"page","link":"https:\/\/qualitrans.hu\/de\/autotransport\/","title":{"rendered":"Autotransport"},"content":{"rendered":"<p>Auf diesem Gebiet verf\u00fcgen wir \u00fcber 20 Jahre Erfahrung. Unabh\u00e4ngig davon, ob es um Neu- oder Gebrauchtwagen geht, \u00fcbernehmen wir deren Transport in internationalen Transportrelationen.<\/p>\n<p>Den \u00fcberwiegenden Teil unserer Transportaufgaben macht der Transport von neuen Personenkraftwagen aus. Unsere Autotransporter sind auch dazu geeignet, Personenkraftwagen, Kleinlaster und Kleinbusse zu transportieren.<\/p>\n\n","protected":false},"excerpt":{"rendered":"<p>Auf diesem Gebiet verf\u00fcgen wir \u00fcber 20 Jahre Erfahrung. Unabh\u00e4ngig davon, ob es um Neu- oder Gebrauchtwagen geht, \u00fcbernehmen wir deren Transport in internationalen Transportrelationen. Den \u00fcberwiegenden Teil unserer Transportaufgaben macht der Transport von neuen Personenkraftwagen aus. Unsere Autotransporter sind auch dazu geeignet, Personenkraftwagen, Kleinlaster und Kleinbusse zu transportieren.<\/p>\n","protected":false},"author":1,"featured_media":157,"parent":0,"menu_order":0,"comment_status":"open","ping_status":"open","template":"","meta":{"_acf_changed":false,"footnotes":""},"class_list":["post-19","page","type-page","status-publish","has-post-thumbnail","hentry"],"acf":[],"yoast_head":"<!-- This site is optimized with the Yoast SEO plugin v27.5 - https:\/\/yoast.com\/product\/yoast-seo-wordpress\/ -->\n<title>Autotransport - Qualitrans - Deutch<\/title>\n<meta name=\"robots\" content=\"index, follow, max-snippet:-1, max-image-preview:large, max-video-preview:-1\" \/>\n<link rel=\"canonical\" href=\"https:\/\/qualitrans.hu\/de\/autotransport\/\" \/>\n<meta property=\"og:locale\" content=\"hu_HU\" \/>\n<meta property=\"og:type\" content=\"article\" \/>\n<meta property=\"og:title\" content=\"Autotransport - Qualitrans - Deutch\" \/>\n<meta property=\"og:description\" content=\"Auf diesem Gebiet verf\u00fcgen wir \u00fcber 20 Jahre Erfahrung. Unabh\u00e4ngig davon, ob es um Neu- oder Gebrauchtwagen geht, \u00fcbernehmen wir deren Transport in internationalen Transportrelationen. Den \u00fcberwiegenden Teil unserer Transportaufgaben macht der Transport von neuen Personenkraftwagen aus. Unsere Autotransporter sind auch dazu geeignet, Personenkraftwagen, Kleinlaster und Kleinbusse zu transportieren.\" \/>\n<meta property=\"og:url\" content=\"https:\/\/qualitrans.hu\/de\/autotransport\/\" \/>\n<meta property=\"og:site_name\" content=\"Qualitrans - Deutch\" \/>\n<meta property=\"article:modified_time\" content=\"2016-12-20T14:12:02+00:00\" \/>\n<meta property=\"og:image\" content=\"https:\/\/qualitrans.hu\/de\/wp-content\/uploads\/sites\/3\/2016\/12\/front-1.jpg\" \/>\n\t<meta property=\"og:image:width\" content=\"1200\" \/>\n\t<meta property=\"og:image:height\" content=\"798\" \/>\n\t<meta property=\"og:image:type\" content=\"image\/jpeg\" \/>\n<meta name=\"twitter:card\" content=\"summary_large_image\" \/>\n<script type=\"application\/ld+json\" class=\"yoast-schema-graph\">{\"@context\":\"https:\\\/\\\/schema.org\",\"@graph\":[{\"@type\":\"WebPage\",\"@id\":\"https:\\\/\\\/qualitrans.hu\\\/de\\\/autotransport\\\/\",\"url\":\"https:\\\/\\\/qualitrans.hu\\\/de\\\/autotransport\\\/\",\"name\":\"Autotransport - Qualitrans - Deutch\",\"isPartOf\":{\"@id\":\"https:\\\/\\\/qualitrans.hu\\\/de\\\/#website\"},\"primaryImageOfPage\":{\"@id\":\"https:\\\/\\\/qualitrans.hu\\\/de\\\/autotransport\\\/#primaryimage\"},\"image\":{\"@id\":\"https:\\\/\\\/qualitrans.hu\\\/de\\\/autotransport\\\/#primaryimage\"},\"thumbnailUrl\":\"https:\\\/\\\/qualitrans.hu\\\/de\\\/wp-content\\\/uploads\\\/sites\\\/3\\\/2016\\\/12\\\/front-1.jpg\",\"datePublished\":\"2015-06-18T19:45:19+00:00\",\"dateModified\":\"2016-12-20T14:12:02+00:00\",\"breadcrumb\":{\"@id\":\"https:\\\/\\\/qualitrans.hu\\\/de\\\/autotransport\\\/#breadcrumb\"},\"inLanguage\":\"hu\",\"potentialAction\":[{\"@type\":\"ReadAction\",\"target\":[\"https:\\\/\\\/qualitrans.hu\\\/de\\\/autotransport\\\/\"]}]},{\"@type\":\"ImageObject\",\"inLanguage\":\"hu\",\"@id\":\"https:\\\/\\\/qualitrans.hu\\\/de\\\/autotransport\\\/#primaryimage\",\"url\":\"https:\\\/\\\/qualitrans.hu\\\/de\\\/wp-content\\\/uploads\\\/sites\\\/3\\\/2016\\\/12\\\/front-1.jpg\",\"contentUrl\":\"https:\\\/\\\/qualitrans.hu\\\/de\\\/wp-content\\\/uploads\\\/sites\\\/3\\\/2016\\\/12\\\/front-1.jpg\",\"width\":1200,\"height\":798},{\"@type\":\"BreadcrumbList\",\"@id\":\"https:\\\/\\\/qualitrans.hu\\\/de\\\/autotransport\\\/#breadcrumb\",\"itemListElement\":[{\"@type\":\"ListItem\",\"position\":1,\"name\":\"Home\",\"item\":\"https:\\\/\\\/qualitrans.hu\\\/de\\\/\"},{\"@type\":\"ListItem\",\"position\":2,\"name\":\"Autotransport\"}]},{\"@type\":\"WebSite\",\"@id\":\"https:\\\/\\\/qualitrans.hu\\\/de\\\/#website\",\"url\":\"https:\\\/\\\/qualitrans.hu\\\/de\\\/\",\"name\":\"Qualitrans - Deutch\",\"description\":\"25 \u00c9ve a nemzetk\u00f6zi k\u00f6z\u00fati \u00e1rusz\u00e1ll\u00edt\u00e1sban\",\"potentialAction\":[{\"@type\":\"SearchAction\",\"target\":{\"@type\":\"EntryPoint\",\"urlTemplate\":\"https:\\\/\\\/qualitrans.hu\\\/de\\\/?s={search_term_string}\"},\"query-input\":{\"@type\":\"PropertyValueSpecification\",\"valueRequired\":true,\"valueName\":\"search_term_string\"}}],\"inLanguage\":\"hu\"}]}<\/script>\n<!-- \/ Yoast SEO plugin. -->","yoast_head_json":{"title":"Autotransport - Qualitrans - Deutch","robots":{"index":"index","follow":"follow","max-snippet":"max-snippet:-1","max-image-preview":"max-image-preview:large","max-video-preview":"max-video-preview:-1"},"canonical":"https:\/\/qualitrans.hu\/de\/autotransport\/","og_locale":"hu_HU","og_type":"article","og_title":"Autotransport - Qualitrans - Deutch","og_description":"Auf diesem Gebiet verf\u00fcgen wir \u00fcber 20 Jahre Erfahrung. Unabh\u00e4ngig davon, ob es um Neu- oder Gebrauchtwagen geht, \u00fcbernehmen wir deren Transport in internationalen Transportrelationen. Den \u00fcberwiegenden Teil unserer Transportaufgaben macht der Transport von neuen Personenkraftwagen aus. Unsere Autotransporter sind auch dazu geeignet, Personenkraftwagen, Kleinlaster und Kleinbusse zu transportieren.","og_url":"https:\/\/qualitrans.hu\/de\/autotransport\/","og_site_name":"Qualitrans - Deutch","article_modified_time":"2016-12-20T14:12:02+00:00","og_image":[{"width":1200,"height":798,"url":"https:\/\/qualitrans.hu\/de\/wp-content\/uploads\/sites\/3\/2016\/12\/front-1.jpg","type":"image\/jpeg"}],"twitter_card":"summary_large_image","schema":{"@context":"https:\/\/schema.org","@graph":[{"@type":"WebPage","@id":"https:\/\/qualitrans.hu\/de\/autotransport\/","url":"https:\/\/qualitrans.hu\/de\/autotransport\/","name":"Autotransport - Qualitrans - Deutch","isPartOf":{"@id":"https:\/\/qualitrans.hu\/de\/#website"},"primaryImageOfPage":{"@id":"https:\/\/qualitrans.hu\/de\/autotransport\/#primaryimage"},"image":{"@id":"https:\/\/qualitrans.hu\/de\/autotransport\/#primaryimage"},"thumbnailUrl":"https:\/\/qualitrans.hu\/de\/wp-content\/uploads\/sites\/3\/2016\/12\/front-1.jpg","datePublished":"2015-06-18T19:45:19+00:00","dateModified":"2016-12-20T14:12:02+00:00","breadcrumb":{"@id":"https:\/\/qualitrans.hu\/de\/autotransport\/#breadcrumb"},"inLanguage":"hu","potentialAction":[{"@type":"ReadAction","target":["https:\/\/qualitrans.hu\/de\/autotransport\/"]}]},{"@type":"ImageObject","inLanguage":"hu","@id":"https:\/\/qualitrans.hu\/de\/autotransport\/#primaryimage","url":"https:\/\/qualitrans.hu\/de\/wp-content\/uploads\/sites\/3\/2016\/12\/front-1.jpg","contentUrl":"https:\/\/qualitrans.hu\/de\/wp-content\/uploads\/sites\/3\/2016\/12\/front-1.jpg","width":1200,"height":798},{"@type":"BreadcrumbList","@id":"https:\/\/qualitrans.hu\/de\/autotransport\/#breadcrumb","itemListElement":[{"@type":"ListItem","position":1,"name":"Home","item":"https:\/\/qualitrans.hu\/de\/"},{"@type":"ListItem","position":2,"name":"Autotransport"}]},{"@type":"WebSite","@id":"https:\/\/qualitrans.hu\/de\/#website","url":"https:\/\/qualitrans.hu\/de\/","name":"Qualitrans - Deutch","description":"25 \u00c9ve a nemzetk\u00f6zi k\u00f6z\u00fati \u00e1rusz\u00e1ll\u00edt\u00e1sban","potentialAction":[{"@type":"SearchAction","target":{"@type":"EntryPoint","urlTemplate":"https:\/\/qualitrans.hu\/de\/?s={search_term_string}"},"query-input":{"@type":"PropertyValueSpecification","valueRequired":true,"valueName":"search_term_string"}}],"inLanguage":"hu"}]}},"_links":{"self":[{"href":"https:\/\/qualitrans.hu\/de\/wp-json\/wp\/v2\/pages\/19","targetHints":{"allow":["GET"]}}],"collection":[{"href":"https:\/\/qualitrans.hu\/de\/wp-json\/wp\/v2\/pages"}],"about":[{"href":"https:\/\/qualitrans.hu\/de\/wp-json\/wp\/v2\/types\/page"}],"author":[{"embeddable":true,"href":"https:\/\/qualitrans.hu\/de\/wp-json\/wp\/v2\/users\/1"}],"replies":[{"embeddable":true,"href":"https:\/\/qualitrans.hu\/de\/wp-json\/wp\/v2\/comments?post=19"}],"version-history":[{"count":8,"href":"https:\/\/qualitrans.hu\/de\/wp-json\/wp\/v2\/pages\/19\/revisions"}],"predecessor-version":[{"id":181,"href":"https:\/\/qualitrans.hu\/de\/wp-json\/wp\/v2\/pages\/19\/revisions\/181"}],"wp:featuredmedia":[{"embeddable":true,"href":"https:\/\/qualitrans.hu\/de\/wp-json\/wp\/v2\/media\/157"}],"wp:attachment":[{"href":"https:\/\/qualitrans.hu\/de\/wp-json\/wp\/v2\/media?parent=19"}],"curies":[{"name":"wp","href":"https:\/\/api.w.org\/{rel}","templated":true}]}}