{"id":25,"date":"2015-06-18T19:46:51","date_gmt":"2015-06-18T19:46:51","guid":{"rendered":"http:\/\/qualitrans.hu\/de\/?page_id=25"},"modified":"2016-12-20T14:18:38","modified_gmt":"2016-12-20T14:18:38","slug":"herkommlicher-gutertransport","status":"publish","type":"page","link":"https:\/\/qualitrans.hu\/de\/herkommlicher-gutertransport\/","title":{"rendered":"Herk\u00f6mmlicher G\u00fctertransport"},"content":{"rendered":"<p>Unsere mit Abdeckplane ausgestatten Anh\u00e4nger haben eine Rollo-Konstruktion, sie sind f\u00fcr eine Beladung von oben mit Kran ausgelegt. Die Innenh\u00f6he des Laderaums betr\u00e4gt mindestens 2,8 Meter.<\/p>\n<p>Wir stehen au\u00dferdem auch f\u00fcr den Transport von aus Versandst\u00fccken zusammengestellten ADR-Ladungen zur Verf\u00fcgung.<\/p>\n<p>Wir freuen uns \u00fcber Ihre Meldung und hoffen Sie bald unter unseren Auftraggebern begr\u00fc\u00dfen zu d\u00fcrfen.<\/p>\n\n","protected":false},"excerpt":{"rendered":"<p>Unsere mit Abdeckplane ausgestatten Anh\u00e4nger haben eine Rollo-Konstruktion, sie sind f\u00fcr eine Beladung von oben mit Kran ausgelegt. Die Innenh\u00f6he des Laderaums betr\u00e4gt mindestens 2,8 Meter. Wir stehen au\u00dferdem auch f\u00fcr den Transport von aus Versandst\u00fccken zusammengestellten ADR-Ladungen zur Verf\u00fcgung. Wir freuen uns \u00fcber Ihre Meldung und hoffen Sie bald unter unseren Auftraggebern begr\u00fc\u00dfen zu [&hellip;]<\/p>\n","protected":false},"author":1,"featured_media":160,"parent":0,"menu_order":0,"comment_status":"open","ping_status":"open","template":"","meta":{"_acf_changed":false,"footnotes":""},"class_list":["post-25","page","type-page","status-publish","has-post-thumbnail","hentry"],"acf":[],"yoast_head":"<!-- This site is optimized with the Yoast SEO plugin v27.4 - https:\/\/yoast.com\/product\/yoast-seo-wordpress\/ -->\n<title>Herk\u00f6mmlicher G\u00fctertransport - Qualitrans - Deutch<\/title>\n<meta name=\"robots\" content=\"index, follow, max-snippet:-1, max-image-preview:large, max-video-preview:-1\" \/>\n<link rel=\"canonical\" href=\"https:\/\/qualitrans.hu\/de\/herkommlicher-gutertransport\/\" \/>\n<meta property=\"og:locale\" content=\"hu_HU\" \/>\n<meta property=\"og:type\" content=\"article\" \/>\n<meta property=\"og:title\" content=\"Herk\u00f6mmlicher G\u00fctertransport - Qualitrans - Deutch\" \/>\n<meta property=\"og:description\" content=\"Unsere mit Abdeckplane ausgestatten Anh\u00e4nger haben eine Rollo-Konstruktion, sie sind f\u00fcr eine Beladung von oben mit Kran ausgelegt. Die Innenh\u00f6he des Laderaums betr\u00e4gt mindestens 2,8 Meter. Wir stehen au\u00dferdem auch f\u00fcr den Transport von aus Versandst\u00fccken zusammengestellten ADR-Ladungen zur Verf\u00fcgung. Wir freuen uns \u00fcber Ihre Meldung und hoffen Sie bald unter unseren Auftraggebern begr\u00fc\u00dfen zu [&hellip;]\" \/>\n<meta property=\"og:url\" content=\"https:\/\/qualitrans.hu\/de\/herkommlicher-gutertransport\/\" \/>\n<meta property=\"og:site_name\" content=\"Qualitrans - Deutch\" \/>\n<meta property=\"article:modified_time\" content=\"2016-12-20T14:18:38+00:00\" \/>\n<meta property=\"og:image\" content=\"https:\/\/qualitrans.hu\/de\/wp-content\/uploads\/sites\/3\/2016\/12\/front-4.jpg\" \/>\n\t<meta property=\"og:image:width\" content=\"1200\" \/>\n\t<meta property=\"og:image:height\" content=\"798\" \/>\n\t<meta property=\"og:image:type\" content=\"image\/jpeg\" \/>\n<meta name=\"twitter:card\" content=\"summary_large_image\" \/>\n<script type=\"application\/ld+json\" class=\"yoast-schema-graph\">{\"@context\":\"https:\\\/\\\/schema.org\",\"@graph\":[{\"@type\":\"WebPage\",\"@id\":\"https:\\\/\\\/qualitrans.hu\\\/de\\\/herkommlicher-gutertransport\\\/\",\"url\":\"https:\\\/\\\/qualitrans.hu\\\/de\\\/herkommlicher-gutertransport\\\/\",\"name\":\"Herk\u00f6mmlicher G\u00fctertransport - Qualitrans - Deutch\",\"isPartOf\":{\"@id\":\"https:\\\/\\\/qualitrans.hu\\\/de\\\/#website\"},\"primaryImageOfPage\":{\"@id\":\"https:\\\/\\\/qualitrans.hu\\\/de\\\/herkommlicher-gutertransport\\\/#primaryimage\"},\"image\":{\"@id\":\"https:\\\/\\\/qualitrans.hu\\\/de\\\/herkommlicher-gutertransport\\\/#primaryimage\"},\"thumbnailUrl\":\"https:\\\/\\\/qualitrans.hu\\\/de\\\/wp-content\\\/uploads\\\/sites\\\/3\\\/2016\\\/12\\\/front-4.jpg\",\"datePublished\":\"2015-06-18T19:46:51+00:00\",\"dateModified\":\"2016-12-20T14:18:38+00:00\",\"breadcrumb\":{\"@id\":\"https:\\\/\\\/qualitrans.hu\\\/de\\\/herkommlicher-gutertransport\\\/#breadcrumb\"},\"inLanguage\":\"hu\",\"potentialAction\":[{\"@type\":\"ReadAction\",\"target\":[\"https:\\\/\\\/qualitrans.hu\\\/de\\\/herkommlicher-gutertransport\\\/\"]}]},{\"@type\":\"ImageObject\",\"inLanguage\":\"hu\",\"@id\":\"https:\\\/\\\/qualitrans.hu\\\/de\\\/herkommlicher-gutertransport\\\/#primaryimage\",\"url\":\"https:\\\/\\\/qualitrans.hu\\\/de\\\/wp-content\\\/uploads\\\/sites\\\/3\\\/2016\\\/12\\\/front-4.jpg\",\"contentUrl\":\"https:\\\/\\\/qualitrans.hu\\\/de\\\/wp-content\\\/uploads\\\/sites\\\/3\\\/2016\\\/12\\\/front-4.jpg\",\"width\":1200,\"height\":798},{\"@type\":\"BreadcrumbList\",\"@id\":\"https:\\\/\\\/qualitrans.hu\\\/de\\\/herkommlicher-gutertransport\\\/#breadcrumb\",\"itemListElement\":[{\"@type\":\"ListItem\",\"position\":1,\"name\":\"Home\",\"item\":\"https:\\\/\\\/qualitrans.hu\\\/de\\\/\"},{\"@type\":\"ListItem\",\"position\":2,\"name\":\"Herk\u00f6mmlicher G\u00fctertransport\"}]},{\"@type\":\"WebSite\",\"@id\":\"https:\\\/\\\/qualitrans.hu\\\/de\\\/#website\",\"url\":\"https:\\\/\\\/qualitrans.hu\\\/de\\\/\",\"name\":\"Qualitrans - Deutch\",\"description\":\"25 \u00c9ve a nemzetk\u00f6zi k\u00f6z\u00fati \u00e1rusz\u00e1ll\u00edt\u00e1sban\",\"potentialAction\":[{\"@type\":\"SearchAction\",\"target\":{\"@type\":\"EntryPoint\",\"urlTemplate\":\"https:\\\/\\\/qualitrans.hu\\\/de\\\/?s={search_term_string}\"},\"query-input\":{\"@type\":\"PropertyValueSpecification\",\"valueRequired\":true,\"valueName\":\"search_term_string\"}}],\"inLanguage\":\"hu\"}]}<\/script>\n<!-- \/ Yoast SEO plugin. -->","yoast_head_json":{"title":"Herk\u00f6mmlicher G\u00fctertransport - Qualitrans - Deutch","robots":{"index":"index","follow":"follow","max-snippet":"max-snippet:-1","max-image-preview":"max-image-preview:large","max-video-preview":"max-video-preview:-1"},"canonical":"https:\/\/qualitrans.hu\/de\/herkommlicher-gutertransport\/","og_locale":"hu_HU","og_type":"article","og_title":"Herk\u00f6mmlicher G\u00fctertransport - Qualitrans - Deutch","og_description":"Unsere mit Abdeckplane ausgestatten Anh\u00e4nger haben eine Rollo-Konstruktion, sie sind f\u00fcr eine Beladung von oben mit Kran ausgelegt. Die Innenh\u00f6he des Laderaums betr\u00e4gt mindestens 2,8 Meter. Wir stehen au\u00dferdem auch f\u00fcr den Transport von aus Versandst\u00fccken zusammengestellten ADR-Ladungen zur Verf\u00fcgung. Wir freuen uns \u00fcber Ihre Meldung und hoffen Sie bald unter unseren Auftraggebern begr\u00fc\u00dfen zu [&hellip;]","og_url":"https:\/\/qualitrans.hu\/de\/herkommlicher-gutertransport\/","og_site_name":"Qualitrans - Deutch","article_modified_time":"2016-12-20T14:18:38+00:00","og_image":[{"width":1200,"height":798,"url":"https:\/\/qualitrans.hu\/de\/wp-content\/uploads\/sites\/3\/2016\/12\/front-4.jpg","type":"image\/jpeg"}],"twitter_card":"summary_large_image","schema":{"@context":"https:\/\/schema.org","@graph":[{"@type":"WebPage","@id":"https:\/\/qualitrans.hu\/de\/herkommlicher-gutertransport\/","url":"https:\/\/qualitrans.hu\/de\/herkommlicher-gutertransport\/","name":"Herk\u00f6mmlicher G\u00fctertransport - Qualitrans - Deutch","isPartOf":{"@id":"https:\/\/qualitrans.hu\/de\/#website"},"primaryImageOfPage":{"@id":"https:\/\/qualitrans.hu\/de\/herkommlicher-gutertransport\/#primaryimage"},"image":{"@id":"https:\/\/qualitrans.hu\/de\/herkommlicher-gutertransport\/#primaryimage"},"thumbnailUrl":"https:\/\/qualitrans.hu\/de\/wp-content\/uploads\/sites\/3\/2016\/12\/front-4.jpg","datePublished":"2015-06-18T19:46:51+00:00","dateModified":"2016-12-20T14:18:38+00:00","breadcrumb":{"@id":"https:\/\/qualitrans.hu\/de\/herkommlicher-gutertransport\/#breadcrumb"},"inLanguage":"hu","potentialAction":[{"@type":"ReadAction","target":["https:\/\/qualitrans.hu\/de\/herkommlicher-gutertransport\/"]}]},{"@type":"ImageObject","inLanguage":"hu","@id":"https:\/\/qualitrans.hu\/de\/herkommlicher-gutertransport\/#primaryimage","url":"https:\/\/qualitrans.hu\/de\/wp-content\/uploads\/sites\/3\/2016\/12\/front-4.jpg","contentUrl":"https:\/\/qualitrans.hu\/de\/wp-content\/uploads\/sites\/3\/2016\/12\/front-4.jpg","width":1200,"height":798},{"@type":"BreadcrumbList","@id":"https:\/\/qualitrans.hu\/de\/herkommlicher-gutertransport\/#breadcrumb","itemListElement":[{"@type":"ListItem","position":1,"name":"Home","item":"https:\/\/qualitrans.hu\/de\/"},{"@type":"ListItem","position":2,"name":"Herk\u00f6mmlicher G\u00fctertransport"}]},{"@type":"WebSite","@id":"https:\/\/qualitrans.hu\/de\/#website","url":"https:\/\/qualitrans.hu\/de\/","name":"Qualitrans - Deutch","description":"25 \u00c9ve a nemzetk\u00f6zi k\u00f6z\u00fati \u00e1rusz\u00e1ll\u00edt\u00e1sban","potentialAction":[{"@type":"SearchAction","target":{"@type":"EntryPoint","urlTemplate":"https:\/\/qualitrans.hu\/de\/?s={search_term_string}"},"query-input":{"@type":"PropertyValueSpecification","valueRequired":true,"valueName":"search_term_string"}}],"inLanguage":"hu"}]}},"_links":{"self":[{"href":"https:\/\/qualitrans.hu\/de\/wp-json\/wp\/v2\/pages\/25","targetHints":{"allow":["GET"]}}],"collection":[{"href":"https:\/\/qualitrans.hu\/de\/wp-json\/wp\/v2\/pages"}],"about":[{"href":"https:\/\/qualitrans.hu\/de\/wp-json\/wp\/v2\/types\/page"}],"author":[{"embeddable":true,"href":"https:\/\/qualitrans.hu\/de\/wp-json\/wp\/v2\/users\/1"}],"replies":[{"embeddable":true,"href":"https:\/\/qualitrans.hu\/de\/wp-json\/wp\/v2\/comments?post=25"}],"version-history":[{"count":4,"href":"https:\/\/qualitrans.hu\/de\/wp-json\/wp\/v2\/pages\/25\/revisions"}],"predecessor-version":[{"id":252,"href":"https:\/\/qualitrans.hu\/de\/wp-json\/wp\/v2\/pages\/25\/revisions\/252"}],"wp:featuredmedia":[{"embeddable":true,"href":"https:\/\/qualitrans.hu\/de\/wp-json\/wp\/v2\/media\/160"}],"wp:attachment":[{"href":"https:\/\/qualitrans.hu\/de\/wp-json\/wp\/v2\/media?parent=25"}],"curies":[{"name":"wp","href":"https:\/\/api.w.org\/{rel}","templated":true}]}}