{"id":27,"date":"2015-06-18T19:47:34","date_gmt":"2015-06-18T19:47:34","guid":{"rendered":"http:\/\/qualitrans.hu\/de\/?page_id=27"},"modified":"2016-12-20T14:19:36","modified_gmt":"2016-12-20T14:19:36","slug":"lagerung-von-kraftfahrzeugen","status":"publish","type":"page","link":"https:\/\/qualitrans.hu\/de\/lagerung-von-kraftfahrzeugen\/","title":{"rendered":"Lagerung von Kraftfahrzeugen"},"content":{"rendered":"<p>Insofern Ihnen die vor\u00fcbergehende oder langfristige Aufbewahrung von Kraftfahrzeugen, Nutzfahrzeugen oder landwirtschaftlichen Maschinen Probleme bereitet, rufen Sie unsere Firma an, wir stehen Ihnen zur Verf\u00fcgung!<\/p>\n<h2>Was wir empfehlen:<\/h2>\n<ul>\n<li>Unsere Kom\u00e1romer Niederlassung ist gut zu erreichen, M1 \u2013 und von der Autobahn h\u00f6chsten 3 km entfernt.<\/li>\n<li>Portierservice, Wachdienst f\u00fcr Niederlassung (365 \/ 24)<\/li>\n<li>Video\u00fcberwachungsanlage, Infrarotzaun<\/li>\n<li>Administration<\/li>\n<\/ul>\n\n","protected":false},"excerpt":{"rendered":"<p>Insofern Ihnen die vor\u00fcbergehende oder langfristige Aufbewahrung von Kraftfahrzeugen, Nutzfahrzeugen oder landwirtschaftlichen Maschinen Probleme bereitet, rufen Sie unsere Firma an, wir stehen Ihnen zur Verf\u00fcgung! Was wir empfehlen: Unsere Kom\u00e1romer Niederlassung ist gut zu erreichen, M1 \u2013 und von der Autobahn h\u00f6chsten 3 km entfernt. Portierservice, Wachdienst f\u00fcr Niederlassung (365 \/ 24) Video\u00fcberwachungsanlage, Infrarotzaun Administration<\/p>\n","protected":false},"author":1,"featured_media":161,"parent":0,"menu_order":0,"comment_status":"open","ping_status":"open","template":"","meta":{"_acf_changed":false,"footnotes":""},"class_list":["post-27","page","type-page","status-publish","has-post-thumbnail","hentry"],"acf":[],"yoast_head":"<!-- This site is optimized with the Yoast SEO plugin v27.4 - https:\/\/yoast.com\/product\/yoast-seo-wordpress\/ -->\n<title>Lagerung von Kraftfahrzeugen - Qualitrans - Deutch<\/title>\n<meta name=\"robots\" content=\"index, follow, max-snippet:-1, max-image-preview:large, max-video-preview:-1\" \/>\n<link rel=\"canonical\" href=\"https:\/\/qualitrans.hu\/de\/lagerung-von-kraftfahrzeugen\/\" \/>\n<meta property=\"og:locale\" content=\"hu_HU\" \/>\n<meta property=\"og:type\" content=\"article\" \/>\n<meta property=\"og:title\" content=\"Lagerung von Kraftfahrzeugen - Qualitrans - Deutch\" \/>\n<meta property=\"og:description\" content=\"Insofern Ihnen die vor\u00fcbergehende oder langfristige Aufbewahrung von Kraftfahrzeugen, Nutzfahrzeugen oder landwirtschaftlichen Maschinen Probleme bereitet, rufen Sie unsere Firma an, wir stehen Ihnen zur Verf\u00fcgung! Was wir empfehlen: Unsere Kom\u00e1romer Niederlassung ist gut zu erreichen, M1 \u2013 und von der Autobahn h\u00f6chsten 3 km entfernt. Portierservice, Wachdienst f\u00fcr Niederlassung (365 \/ 24) Video\u00fcberwachungsanlage, Infrarotzaun Administration\" \/>\n<meta property=\"og:url\" content=\"https:\/\/qualitrans.hu\/de\/lagerung-von-kraftfahrzeugen\/\" \/>\n<meta property=\"og:site_name\" content=\"Qualitrans - Deutch\" \/>\n<meta property=\"article:modified_time\" content=\"2016-12-20T14:19:36+00:00\" \/>\n<meta property=\"og:image\" content=\"https:\/\/qualitrans.hu\/de\/wp-content\/uploads\/sites\/3\/2016\/12\/front-5.jpg\" \/>\n\t<meta property=\"og:image:width\" content=\"1200\" \/>\n\t<meta property=\"og:image:height\" content=\"798\" \/>\n\t<meta property=\"og:image:type\" content=\"image\/jpeg\" \/>\n<meta name=\"twitter:card\" content=\"summary_large_image\" \/>\n<script type=\"application\/ld+json\" class=\"yoast-schema-graph\">{\"@context\":\"https:\\\/\\\/schema.org\",\"@graph\":[{\"@type\":\"WebPage\",\"@id\":\"https:\\\/\\\/qualitrans.hu\\\/de\\\/lagerung-von-kraftfahrzeugen\\\/\",\"url\":\"https:\\\/\\\/qualitrans.hu\\\/de\\\/lagerung-von-kraftfahrzeugen\\\/\",\"name\":\"Lagerung von Kraftfahrzeugen - Qualitrans - Deutch\",\"isPartOf\":{\"@id\":\"https:\\\/\\\/qualitrans.hu\\\/de\\\/#website\"},\"primaryImageOfPage\":{\"@id\":\"https:\\\/\\\/qualitrans.hu\\\/de\\\/lagerung-von-kraftfahrzeugen\\\/#primaryimage\"},\"image\":{\"@id\":\"https:\\\/\\\/qualitrans.hu\\\/de\\\/lagerung-von-kraftfahrzeugen\\\/#primaryimage\"},\"thumbnailUrl\":\"https:\\\/\\\/qualitrans.hu\\\/de\\\/wp-content\\\/uploads\\\/sites\\\/3\\\/2016\\\/12\\\/front-5.jpg\",\"datePublished\":\"2015-06-18T19:47:34+00:00\",\"dateModified\":\"2016-12-20T14:19:36+00:00\",\"breadcrumb\":{\"@id\":\"https:\\\/\\\/qualitrans.hu\\\/de\\\/lagerung-von-kraftfahrzeugen\\\/#breadcrumb\"},\"inLanguage\":\"hu\",\"potentialAction\":[{\"@type\":\"ReadAction\",\"target\":[\"https:\\\/\\\/qualitrans.hu\\\/de\\\/lagerung-von-kraftfahrzeugen\\\/\"]}]},{\"@type\":\"ImageObject\",\"inLanguage\":\"hu\",\"@id\":\"https:\\\/\\\/qualitrans.hu\\\/de\\\/lagerung-von-kraftfahrzeugen\\\/#primaryimage\",\"url\":\"https:\\\/\\\/qualitrans.hu\\\/de\\\/wp-content\\\/uploads\\\/sites\\\/3\\\/2016\\\/12\\\/front-5.jpg\",\"contentUrl\":\"https:\\\/\\\/qualitrans.hu\\\/de\\\/wp-content\\\/uploads\\\/sites\\\/3\\\/2016\\\/12\\\/front-5.jpg\",\"width\":1200,\"height\":798},{\"@type\":\"BreadcrumbList\",\"@id\":\"https:\\\/\\\/qualitrans.hu\\\/de\\\/lagerung-von-kraftfahrzeugen\\\/#breadcrumb\",\"itemListElement\":[{\"@type\":\"ListItem\",\"position\":1,\"name\":\"Home\",\"item\":\"https:\\\/\\\/qualitrans.hu\\\/de\\\/\"},{\"@type\":\"ListItem\",\"position\":2,\"name\":\"Lagerung von Kraftfahrzeugen\"}]},{\"@type\":\"WebSite\",\"@id\":\"https:\\\/\\\/qualitrans.hu\\\/de\\\/#website\",\"url\":\"https:\\\/\\\/qualitrans.hu\\\/de\\\/\",\"name\":\"Qualitrans - Deutch\",\"description\":\"25 \u00c9ve a nemzetk\u00f6zi k\u00f6z\u00fati \u00e1rusz\u00e1ll\u00edt\u00e1sban\",\"potentialAction\":[{\"@type\":\"SearchAction\",\"target\":{\"@type\":\"EntryPoint\",\"urlTemplate\":\"https:\\\/\\\/qualitrans.hu\\\/de\\\/?s={search_term_string}\"},\"query-input\":{\"@type\":\"PropertyValueSpecification\",\"valueRequired\":true,\"valueName\":\"search_term_string\"}}],\"inLanguage\":\"hu\"}]}<\/script>\n<!-- \/ Yoast SEO plugin. -->","yoast_head_json":{"title":"Lagerung von Kraftfahrzeugen - Qualitrans - Deutch","robots":{"index":"index","follow":"follow","max-snippet":"max-snippet:-1","max-image-preview":"max-image-preview:large","max-video-preview":"max-video-preview:-1"},"canonical":"https:\/\/qualitrans.hu\/de\/lagerung-von-kraftfahrzeugen\/","og_locale":"hu_HU","og_type":"article","og_title":"Lagerung von Kraftfahrzeugen - Qualitrans - Deutch","og_description":"Insofern Ihnen die vor\u00fcbergehende oder langfristige Aufbewahrung von Kraftfahrzeugen, Nutzfahrzeugen oder landwirtschaftlichen Maschinen Probleme bereitet, rufen Sie unsere Firma an, wir stehen Ihnen zur Verf\u00fcgung! Was wir empfehlen: Unsere Kom\u00e1romer Niederlassung ist gut zu erreichen, M1 \u2013 und von der Autobahn h\u00f6chsten 3 km entfernt. Portierservice, Wachdienst f\u00fcr Niederlassung (365 \/ 24) Video\u00fcberwachungsanlage, Infrarotzaun Administration","og_url":"https:\/\/qualitrans.hu\/de\/lagerung-von-kraftfahrzeugen\/","og_site_name":"Qualitrans - Deutch","article_modified_time":"2016-12-20T14:19:36+00:00","og_image":[{"width":1200,"height":798,"url":"https:\/\/qualitrans.hu\/de\/wp-content\/uploads\/sites\/3\/2016\/12\/front-5.jpg","type":"image\/jpeg"}],"twitter_card":"summary_large_image","schema":{"@context":"https:\/\/schema.org","@graph":[{"@type":"WebPage","@id":"https:\/\/qualitrans.hu\/de\/lagerung-von-kraftfahrzeugen\/","url":"https:\/\/qualitrans.hu\/de\/lagerung-von-kraftfahrzeugen\/","name":"Lagerung von Kraftfahrzeugen - Qualitrans - Deutch","isPartOf":{"@id":"https:\/\/qualitrans.hu\/de\/#website"},"primaryImageOfPage":{"@id":"https:\/\/qualitrans.hu\/de\/lagerung-von-kraftfahrzeugen\/#primaryimage"},"image":{"@id":"https:\/\/qualitrans.hu\/de\/lagerung-von-kraftfahrzeugen\/#primaryimage"},"thumbnailUrl":"https:\/\/qualitrans.hu\/de\/wp-content\/uploads\/sites\/3\/2016\/12\/front-5.jpg","datePublished":"2015-06-18T19:47:34+00:00","dateModified":"2016-12-20T14:19:36+00:00","breadcrumb":{"@id":"https:\/\/qualitrans.hu\/de\/lagerung-von-kraftfahrzeugen\/#breadcrumb"},"inLanguage":"hu","potentialAction":[{"@type":"ReadAction","target":["https:\/\/qualitrans.hu\/de\/lagerung-von-kraftfahrzeugen\/"]}]},{"@type":"ImageObject","inLanguage":"hu","@id":"https:\/\/qualitrans.hu\/de\/lagerung-von-kraftfahrzeugen\/#primaryimage","url":"https:\/\/qualitrans.hu\/de\/wp-content\/uploads\/sites\/3\/2016\/12\/front-5.jpg","contentUrl":"https:\/\/qualitrans.hu\/de\/wp-content\/uploads\/sites\/3\/2016\/12\/front-5.jpg","width":1200,"height":798},{"@type":"BreadcrumbList","@id":"https:\/\/qualitrans.hu\/de\/lagerung-von-kraftfahrzeugen\/#breadcrumb","itemListElement":[{"@type":"ListItem","position":1,"name":"Home","item":"https:\/\/qualitrans.hu\/de\/"},{"@type":"ListItem","position":2,"name":"Lagerung von Kraftfahrzeugen"}]},{"@type":"WebSite","@id":"https:\/\/qualitrans.hu\/de\/#website","url":"https:\/\/qualitrans.hu\/de\/","name":"Qualitrans - Deutch","description":"25 \u00c9ve a nemzetk\u00f6zi k\u00f6z\u00fati \u00e1rusz\u00e1ll\u00edt\u00e1sban","potentialAction":[{"@type":"SearchAction","target":{"@type":"EntryPoint","urlTemplate":"https:\/\/qualitrans.hu\/de\/?s={search_term_string}"},"query-input":{"@type":"PropertyValueSpecification","valueRequired":true,"valueName":"search_term_string"}}],"inLanguage":"hu"}]}},"_links":{"self":[{"href":"https:\/\/qualitrans.hu\/de\/wp-json\/wp\/v2\/pages\/27","targetHints":{"allow":["GET"]}}],"collection":[{"href":"https:\/\/qualitrans.hu\/de\/wp-json\/wp\/v2\/pages"}],"about":[{"href":"https:\/\/qualitrans.hu\/de\/wp-json\/wp\/v2\/types\/page"}],"author":[{"embeddable":true,"href":"https:\/\/qualitrans.hu\/de\/wp-json\/wp\/v2\/users\/1"}],"replies":[{"embeddable":true,"href":"https:\/\/qualitrans.hu\/de\/wp-json\/wp\/v2\/comments?post=27"}],"version-history":[{"count":3,"href":"https:\/\/qualitrans.hu\/de\/wp-json\/wp\/v2\/pages\/27\/revisions"}],"predecessor-version":[{"id":257,"href":"https:\/\/qualitrans.hu\/de\/wp-json\/wp\/v2\/pages\/27\/revisions\/257"}],"wp:featuredmedia":[{"embeddable":true,"href":"https:\/\/qualitrans.hu\/de\/wp-json\/wp\/v2\/media\/161"}],"wp:attachment":[{"href":"https:\/\/qualitrans.hu\/de\/wp-json\/wp\/v2\/media?parent=27"}],"curies":[{"name":"wp","href":"https:\/\/api.w.org\/{rel}","templated":true}]}}