{"id":31,"date":"2015-06-18T19:49:00","date_gmt":"2015-06-18T19:49:00","guid":{"rendered":"http:\/\/qualitrans.hu\/de\/?page_id=31"},"modified":"2016-12-20T14:20:03","modified_gmt":"2016-12-20T14:20:03","slug":"werkstatt-lkw-waschanlage","status":"publish","type":"page","link":"https:\/\/qualitrans.hu\/de\/werkstatt-lkw-waschanlage\/","title":{"rendered":"Werkstatt, LKW-Waschanlage"},"content":{"rendered":"<p>Das von unserer Firmenleitung angewandte Qualit\u00e4tsanforderungssystem gew\u00e4hrleistet das hohe Niveau des technischen Zustands unserer Flotte. Die technische Ausr\u00fcstung unserer Werkstatt sowie der Sachverstand unserer Fachleute garantieren die Sicherheit unserer Fahrzeuge im internationalen Stra\u00dfenverkehr.<br \/>\nAuch die Abnahme der technischen und Umweltschutzpr\u00fcfungen unseres Fahrzeugparks wird in unserer Niederlassung durchgef\u00fchrt.<\/p>\n","protected":false},"excerpt":{"rendered":"<p>Das von unserer Firmenleitung angewandte Qualit\u00e4tsanforderungssystem gew\u00e4hrleistet das hohe Niveau des technischen Zustands unserer Flotte. Die technische Ausr\u00fcstung unserer Werkstatt sowie der Sachverstand unserer Fachleute garantieren die Sicherheit unserer Fahrzeuge im internationalen Stra\u00dfenverkehr. Auch die Abnahme der technischen und Umweltschutzpr\u00fcfungen unseres Fahrzeugparks wird in unserer Niederlassung durchgef\u00fchrt.<\/p>\n","protected":false},"author":1,"featured_media":162,"parent":0,"menu_order":0,"comment_status":"open","ping_status":"open","template":"","meta":{"_acf_changed":false,"footnotes":""},"class_list":["post-31","page","type-page","status-publish","has-post-thumbnail","hentry"],"acf":[],"yoast_head":"<!-- This site is optimized with the Yoast SEO plugin v27.4 - https:\/\/yoast.com\/product\/yoast-seo-wordpress\/ -->\n<title>Werkstatt, LKW-Waschanlage - Qualitrans - Deutch<\/title>\n<meta name=\"robots\" content=\"index, follow, max-snippet:-1, max-image-preview:large, max-video-preview:-1\" \/>\n<link rel=\"canonical\" href=\"https:\/\/qualitrans.hu\/de\/werkstatt-lkw-waschanlage\/\" \/>\n<meta property=\"og:locale\" content=\"hu_HU\" \/>\n<meta property=\"og:type\" content=\"article\" \/>\n<meta property=\"og:title\" content=\"Werkstatt, LKW-Waschanlage - Qualitrans - Deutch\" \/>\n<meta property=\"og:description\" content=\"Das von unserer Firmenleitung angewandte Qualit\u00e4tsanforderungssystem gew\u00e4hrleistet das hohe Niveau des technischen Zustands unserer Flotte. Die technische Ausr\u00fcstung unserer Werkstatt sowie der Sachverstand unserer Fachleute garantieren die Sicherheit unserer Fahrzeuge im internationalen Stra\u00dfenverkehr. Auch die Abnahme der technischen und Umweltschutzpr\u00fcfungen unseres Fahrzeugparks wird in unserer Niederlassung durchgef\u00fchrt.\" \/>\n<meta property=\"og:url\" content=\"https:\/\/qualitrans.hu\/de\/werkstatt-lkw-waschanlage\/\" \/>\n<meta property=\"og:site_name\" content=\"Qualitrans - Deutch\" \/>\n<meta property=\"article:modified_time\" content=\"2016-12-20T14:20:03+00:00\" \/>\n<meta property=\"og:image\" content=\"https:\/\/qualitrans.hu\/de\/wp-content\/uploads\/sites\/3\/2016\/12\/front-6.jpg\" \/>\n\t<meta property=\"og:image:width\" content=\"1200\" \/>\n\t<meta property=\"og:image:height\" content=\"794\" \/>\n\t<meta property=\"og:image:type\" content=\"image\/jpeg\" \/>\n<meta name=\"twitter:card\" content=\"summary_large_image\" \/>\n<script type=\"application\/ld+json\" class=\"yoast-schema-graph\">{\"@context\":\"https:\\\/\\\/schema.org\",\"@graph\":[{\"@type\":\"WebPage\",\"@id\":\"https:\\\/\\\/qualitrans.hu\\\/de\\\/werkstatt-lkw-waschanlage\\\/\",\"url\":\"https:\\\/\\\/qualitrans.hu\\\/de\\\/werkstatt-lkw-waschanlage\\\/\",\"name\":\"Werkstatt, LKW-Waschanlage - Qualitrans - Deutch\",\"isPartOf\":{\"@id\":\"https:\\\/\\\/qualitrans.hu\\\/de\\\/#website\"},\"primaryImageOfPage\":{\"@id\":\"https:\\\/\\\/qualitrans.hu\\\/de\\\/werkstatt-lkw-waschanlage\\\/#primaryimage\"},\"image\":{\"@id\":\"https:\\\/\\\/qualitrans.hu\\\/de\\\/werkstatt-lkw-waschanlage\\\/#primaryimage\"},\"thumbnailUrl\":\"https:\\\/\\\/qualitrans.hu\\\/de\\\/wp-content\\\/uploads\\\/sites\\\/3\\\/2016\\\/12\\\/front-6.jpg\",\"datePublished\":\"2015-06-18T19:49:00+00:00\",\"dateModified\":\"2016-12-20T14:20:03+00:00\",\"breadcrumb\":{\"@id\":\"https:\\\/\\\/qualitrans.hu\\\/de\\\/werkstatt-lkw-waschanlage\\\/#breadcrumb\"},\"inLanguage\":\"hu\",\"potentialAction\":[{\"@type\":\"ReadAction\",\"target\":[\"https:\\\/\\\/qualitrans.hu\\\/de\\\/werkstatt-lkw-waschanlage\\\/\"]}]},{\"@type\":\"ImageObject\",\"inLanguage\":\"hu\",\"@id\":\"https:\\\/\\\/qualitrans.hu\\\/de\\\/werkstatt-lkw-waschanlage\\\/#primaryimage\",\"url\":\"https:\\\/\\\/qualitrans.hu\\\/de\\\/wp-content\\\/uploads\\\/sites\\\/3\\\/2016\\\/12\\\/front-6.jpg\",\"contentUrl\":\"https:\\\/\\\/qualitrans.hu\\\/de\\\/wp-content\\\/uploads\\\/sites\\\/3\\\/2016\\\/12\\\/front-6.jpg\",\"width\":1200,\"height\":794},{\"@type\":\"BreadcrumbList\",\"@id\":\"https:\\\/\\\/qualitrans.hu\\\/de\\\/werkstatt-lkw-waschanlage\\\/#breadcrumb\",\"itemListElement\":[{\"@type\":\"ListItem\",\"position\":1,\"name\":\"Home\",\"item\":\"https:\\\/\\\/qualitrans.hu\\\/de\\\/\"},{\"@type\":\"ListItem\",\"position\":2,\"name\":\"Werkstatt, LKW-Waschanlage\"}]},{\"@type\":\"WebSite\",\"@id\":\"https:\\\/\\\/qualitrans.hu\\\/de\\\/#website\",\"url\":\"https:\\\/\\\/qualitrans.hu\\\/de\\\/\",\"name\":\"Qualitrans - Deutch\",\"description\":\"25 \u00c9ve a nemzetk\u00f6zi k\u00f6z\u00fati \u00e1rusz\u00e1ll\u00edt\u00e1sban\",\"potentialAction\":[{\"@type\":\"SearchAction\",\"target\":{\"@type\":\"EntryPoint\",\"urlTemplate\":\"https:\\\/\\\/qualitrans.hu\\\/de\\\/?s={search_term_string}\"},\"query-input\":{\"@type\":\"PropertyValueSpecification\",\"valueRequired\":true,\"valueName\":\"search_term_string\"}}],\"inLanguage\":\"hu\"}]}<\/script>\n<!-- \/ Yoast SEO plugin. -->","yoast_head_json":{"title":"Werkstatt, LKW-Waschanlage - Qualitrans - Deutch","robots":{"index":"index","follow":"follow","max-snippet":"max-snippet:-1","max-image-preview":"max-image-preview:large","max-video-preview":"max-video-preview:-1"},"canonical":"https:\/\/qualitrans.hu\/de\/werkstatt-lkw-waschanlage\/","og_locale":"hu_HU","og_type":"article","og_title":"Werkstatt, LKW-Waschanlage - Qualitrans - Deutch","og_description":"Das von unserer Firmenleitung angewandte Qualit\u00e4tsanforderungssystem gew\u00e4hrleistet das hohe Niveau des technischen Zustands unserer Flotte. Die technische Ausr\u00fcstung unserer Werkstatt sowie der Sachverstand unserer Fachleute garantieren die Sicherheit unserer Fahrzeuge im internationalen Stra\u00dfenverkehr. Auch die Abnahme der technischen und Umweltschutzpr\u00fcfungen unseres Fahrzeugparks wird in unserer Niederlassung durchgef\u00fchrt.","og_url":"https:\/\/qualitrans.hu\/de\/werkstatt-lkw-waschanlage\/","og_site_name":"Qualitrans - Deutch","article_modified_time":"2016-12-20T14:20:03+00:00","og_image":[{"width":1200,"height":794,"url":"https:\/\/qualitrans.hu\/de\/wp-content\/uploads\/sites\/3\/2016\/12\/front-6.jpg","type":"image\/jpeg"}],"twitter_card":"summary_large_image","schema":{"@context":"https:\/\/schema.org","@graph":[{"@type":"WebPage","@id":"https:\/\/qualitrans.hu\/de\/werkstatt-lkw-waschanlage\/","url":"https:\/\/qualitrans.hu\/de\/werkstatt-lkw-waschanlage\/","name":"Werkstatt, LKW-Waschanlage - Qualitrans - Deutch","isPartOf":{"@id":"https:\/\/qualitrans.hu\/de\/#website"},"primaryImageOfPage":{"@id":"https:\/\/qualitrans.hu\/de\/werkstatt-lkw-waschanlage\/#primaryimage"},"image":{"@id":"https:\/\/qualitrans.hu\/de\/werkstatt-lkw-waschanlage\/#primaryimage"},"thumbnailUrl":"https:\/\/qualitrans.hu\/de\/wp-content\/uploads\/sites\/3\/2016\/12\/front-6.jpg","datePublished":"2015-06-18T19:49:00+00:00","dateModified":"2016-12-20T14:20:03+00:00","breadcrumb":{"@id":"https:\/\/qualitrans.hu\/de\/werkstatt-lkw-waschanlage\/#breadcrumb"},"inLanguage":"hu","potentialAction":[{"@type":"ReadAction","target":["https:\/\/qualitrans.hu\/de\/werkstatt-lkw-waschanlage\/"]}]},{"@type":"ImageObject","inLanguage":"hu","@id":"https:\/\/qualitrans.hu\/de\/werkstatt-lkw-waschanlage\/#primaryimage","url":"https:\/\/qualitrans.hu\/de\/wp-content\/uploads\/sites\/3\/2016\/12\/front-6.jpg","contentUrl":"https:\/\/qualitrans.hu\/de\/wp-content\/uploads\/sites\/3\/2016\/12\/front-6.jpg","width":1200,"height":794},{"@type":"BreadcrumbList","@id":"https:\/\/qualitrans.hu\/de\/werkstatt-lkw-waschanlage\/#breadcrumb","itemListElement":[{"@type":"ListItem","position":1,"name":"Home","item":"https:\/\/qualitrans.hu\/de\/"},{"@type":"ListItem","position":2,"name":"Werkstatt, LKW-Waschanlage"}]},{"@type":"WebSite","@id":"https:\/\/qualitrans.hu\/de\/#website","url":"https:\/\/qualitrans.hu\/de\/","name":"Qualitrans - Deutch","description":"25 \u00c9ve a nemzetk\u00f6zi k\u00f6z\u00fati \u00e1rusz\u00e1ll\u00edt\u00e1sban","potentialAction":[{"@type":"SearchAction","target":{"@type":"EntryPoint","urlTemplate":"https:\/\/qualitrans.hu\/de\/?s={search_term_string}"},"query-input":{"@type":"PropertyValueSpecification","valueRequired":true,"valueName":"search_term_string"}}],"inLanguage":"hu"}]}},"_links":{"self":[{"href":"https:\/\/qualitrans.hu\/de\/wp-json\/wp\/v2\/pages\/31","targetHints":{"allow":["GET"]}}],"collection":[{"href":"https:\/\/qualitrans.hu\/de\/wp-json\/wp\/v2\/pages"}],"about":[{"href":"https:\/\/qualitrans.hu\/de\/wp-json\/wp\/v2\/types\/page"}],"author":[{"embeddable":true,"href":"https:\/\/qualitrans.hu\/de\/wp-json\/wp\/v2\/users\/1"}],"replies":[{"embeddable":true,"href":"https:\/\/qualitrans.hu\/de\/wp-json\/wp\/v2\/comments?post=31"}],"version-history":[{"count":2,"href":"https:\/\/qualitrans.hu\/de\/wp-json\/wp\/v2\/pages\/31\/revisions"}],"predecessor-version":[{"id":138,"href":"https:\/\/qualitrans.hu\/de\/wp-json\/wp\/v2\/pages\/31\/revisions\/138"}],"wp:featuredmedia":[{"embeddable":true,"href":"https:\/\/qualitrans.hu\/de\/wp-json\/wp\/v2\/media\/162"}],"wp:attachment":[{"href":"https:\/\/qualitrans.hu\/de\/wp-json\/wp\/v2\/media?parent=31"}],"curies":[{"name":"wp","href":"https:\/\/api.w.org\/{rel}","templated":true}]}}