{"id":52,"date":"2015-06-22T19:47:34","date_gmt":"2015-06-22T19:47:34","guid":{"rendered":"http:\/\/qualitrans.hu\/de\/?page_id=52"},"modified":"2016-12-20T14:09:18","modified_gmt":"2016-12-20T14:09:18","slug":"fooldal","status":"publish","type":"page","link":"https:\/\/qualitrans.hu\/de\/","title":{"rendered":"F\u0150OLDAL"},"content":{"rendered":"<div class=\"row\">\n<div class=\"col-md-4 col-sm-6\">\n<div class=\"lead-cards\">\n<figure><a href=\"http:\/\/qualitrans.hu\/de\/autotransport\/\"><img decoding=\"async\" class=\"img-responsive\" src=\"http:\/\/qualitrans.hu\/de\/wp-content\/uploads\/sites\/3\/2016\/12\/front-1.jpg\" alt=\"Aut\u00f3sz\u00e1ll\u00edt\u00e1s\" \/><\/a><\/figure>\n<h2><a href=\"http:\/\/qualitrans.hu\/de\/autotransport\/\">Autotransport<\/a><\/h2>\n<p>Die QUALITRANS \u2013 CARGO Kft. Ist eine der gr\u00f6\u00dften sich mit Autotransport besch\u00e4ftigenden G\u00fctertransportfirmen in Ungarn.<\/p>\n<\/div>\n<\/div>\n<div class=\"col-md-4 col-sm-6\">\n<div class=\"lead-cards\">\n<figure><a href=\"http:\/\/qualitrans.hu\/de\/nutzfahrzeugtransport\/\"><img decoding=\"async\" class=\"img-responsive\" src=\"http:\/\/qualitrans.hu\/de\/wp-content\/uploads\/sites\/3\/2016\/12\/front-2.jpg\" alt=\"Haszong\u00e9pj\u00e1rm\u0171 sz\u00e1ll\u00edt\u00e1s\" \/><\/a><\/figure>\n<h2><a href=\"http:\/\/qualitrans.hu\/de\/nutzfahrzeugtransport\/\">NUTZFAHRZEUGTRANSPORT<\/a><\/h2>\n<p>Die QUALITRANS \u2013 CARGO Kft. \u00fcbernimmt es, Nutzfahrzeuge, landwirtschaftliche Maschinen und Baumaschinen zu transportieren &#8211; und zwar europaweit.<\/p>\n<\/div>\n<\/div>\n<div class=\"col-md-4 col-sm-6\">\n<div class=\"lead-cards\">\n<figure><a href=\"http:\/\/qualitrans.hu\/de\/erntemaschinentransport\/\"><img decoding=\"async\" class=\"img-responsive\" src=\"http:\/\/qualitrans.hu\/de\/wp-content\/uploads\/sites\/3\/2016\/12\/front-3.jpg\" alt=\"Betakar\u00edt\u00f3g\u00e9p sz\u00e1ll\u00edt\u00e1s\" \/><\/a><\/figure>\n<h2><a href=\"http:\/\/qualitrans.hu\/de\/erntemaschinentransport\/\">ERNTEMASCHINENTRANSPORT<\/a><\/h2>\n<p>Haben Sie im Ausland eine gebrauchte Erntemaschine gekauft? Der Heimtransport verursacht Ihnen Probleme? Die QUALITRANS \u2013 CARGO Kft. l\u00f6st Ihr Problem!<\/p>\n<\/div>\n<\/div>\n<div class=\"col-md-4 col-sm-6\">\n<div class=\"lead-cards\">\n<figure><a href=\"http:\/\/qualitrans.hu\/de\/herkommlicher-gutertransport\/\"><img decoding=\"async\" class=\"img-responsive\" src=\"http:\/\/qualitrans.hu\/de\/wp-content\/uploads\/sites\/3\/2016\/12\/front-4.jpg\" alt=\"Konvencion\u00e1lis sz\u00e1ll\u00edt\u00e1s\" \/><\/a><\/figure>\n<h2><a href=\"http:\/\/qualitrans.hu\/de\/herkommlicher-gutertransport\/\">HERK\u00d6MMLICHER G\u00dcTERTRANSPORT<\/a><\/h2>\n<p>Der f\u00fcr herk\u00f6mmlichen G\u00fctertransport geeignete Fahrzeugpark der QUALITRANS \u2013 CARGO Kft. besteht aus 13,6-Plateauanh\u00e4ngern mit gerader Ladefl\u00e4che.<\/p>\n<\/div>\n<\/div>\n<div class=\"col-md-4 col-sm-6\">\n<div class=\"lead-cards\">\n<figure><a href=\"http:\/\/qualitrans.hu\/de\/lagerung-von-kraftfahrzeugen\/\"><img decoding=\"async\" class=\"img-responsive\" src=\"http:\/\/qualitrans.hu\/de\/wp-content\/uploads\/sites\/3\/2016\/12\/front-5.jpg\" alt=\"G\u00e9pj\u00e1rm\u0171 rakt\u00e1roz\u00e1s\" \/><\/a><\/figure>\n<h2><a href=\"http:\/\/qualitrans.hu\/de\/lagerung-von-kraftfahrzeugen\/\">LAGERUNG VON KRAFTFAHRZEUGEN<\/a><\/h2>\n<p>In der Kom\u00e1romer Niederlassung unserer Firma steht unseren Auftraggebern auf einer Fl\u00e4che von 7000 m2 ein offenes Lager zur Verf\u00fcgung.<\/p>\n<\/div>\n<\/div>\n<div class=\"col-md-4 col-sm-6\">\n<div class=\"lead-cards\">\n<figure><a href=\"http:\/\/qualitrans.hu\/de\/werkstatt-lkw-waschanlage\/\"><img decoding=\"async\" class=\"img-responsive\" src=\"http:\/\/qualitrans.hu\/de\/wp-content\/uploads\/sites\/3\/2016\/12\/front-6.jpg\" alt=\"Szerv\u00edz, kamionmos\u00f3\" \/><\/a><\/figure>\n<h2><a href=\"http:\/\/qualitrans.hu\/de\/werkstatt-lkw-waschanlage\/\">WERKSTATT, LKW-WASCHANLAGE<\/a><\/h2>\n<p>Unsere Fahrzeuge durchlaufen bei ihrer Ankunft in der Niederlassung eine umfassende technische und \u00e4sthetische \u00dcberpr\u00fcfung.<\/p>\n<\/div>\n<\/div>\n<\/div>\n","protected":false},"excerpt":{"rendered":"<p>Autotransport Die QUALITRANS \u2013 CARGO Kft. Ist eine der gr\u00f6\u00dften sich mit Autotransport besch\u00e4ftigenden G\u00fctertransportfirmen in Ungarn. NUTZFAHRZEUGTRANSPORT Die QUALITRANS \u2013 CARGO Kft. \u00fcbernimmt es, Nutzfahrzeuge, landwirtschaftliche Maschinen und Baumaschinen zu transportieren &#8211; und zwar europaweit. ERNTEMASCHINENTRANSPORT Haben Sie im Ausland eine gebrauchte Erntemaschine gekauft? Der Heimtransport verursacht Ihnen Probleme? Die QUALITRANS \u2013 CARGO Kft. [&hellip;]<\/p>\n","protected":false},"author":1,"featured_media":0,"parent":0,"menu_order":0,"comment_status":"open","ping_status":"open","template":"","meta":{"_acf_changed":false,"footnotes":""},"class_list":["post-52","page","type-page","status-publish","hentry"],"acf":[],"yoast_head":"<!-- This site is optimized with the Yoast SEO plugin v27.5 - https:\/\/yoast.com\/product\/yoast-seo-wordpress\/ -->\n<title>F\u0150OLDAL - Qualitrans - Deutch<\/title>\n<meta name=\"robots\" content=\"index, follow, max-snippet:-1, max-image-preview:large, max-video-preview:-1\" \/>\n<link rel=\"canonical\" href=\"https:\/\/qualitrans.hu\/de\/\" \/>\n<meta property=\"og:locale\" content=\"hu_HU\" \/>\n<meta property=\"og:type\" content=\"article\" \/>\n<meta property=\"og:title\" content=\"F\u0150OLDAL - Qualitrans - Deutch\" \/>\n<meta property=\"og:description\" content=\"Autotransport Die QUALITRANS \u2013 CARGO Kft. Ist eine der gr\u00f6\u00dften sich mit Autotransport besch\u00e4ftigenden G\u00fctertransportfirmen in Ungarn. NUTZFAHRZEUGTRANSPORT Die QUALITRANS \u2013 CARGO Kft. \u00fcbernimmt es, Nutzfahrzeuge, landwirtschaftliche Maschinen und Baumaschinen zu transportieren &#8211; und zwar europaweit. ERNTEMASCHINENTRANSPORT Haben Sie im Ausland eine gebrauchte Erntemaschine gekauft? Der Heimtransport verursacht Ihnen Probleme? Die QUALITRANS \u2013 CARGO Kft. [&hellip;]\" \/>\n<meta property=\"og:url\" content=\"https:\/\/qualitrans.hu\/de\/\" \/>\n<meta property=\"og:site_name\" content=\"Qualitrans - Deutch\" \/>\n<meta property=\"article:modified_time\" content=\"2016-12-20T14:09:18+00:00\" \/>\n<meta property=\"og:image\" content=\"http:\/\/qualitrans.hu\/de\/wp-content\/uploads\/sites\/3\/2016\/12\/front-1.jpg\" \/>\n<meta name=\"twitter:card\" content=\"summary_large_image\" \/>\n<meta name=\"twitter:label1\" content=\"Becs\u00fclt olvas\u00e1si id\u0151\" \/>\n\t<meta name=\"twitter:data1\" content=\"1 perc\" \/>\n<script type=\"application\/ld+json\" class=\"yoast-schema-graph\">{\"@context\":\"https:\\\/\\\/schema.org\",\"@graph\":[{\"@type\":\"WebPage\",\"@id\":\"https:\\\/\\\/qualitrans.hu\\\/de\\\/\",\"url\":\"https:\\\/\\\/qualitrans.hu\\\/de\\\/\",\"name\":\"F\u0150OLDAL - Qualitrans - Deutch\",\"isPartOf\":{\"@id\":\"https:\\\/\\\/qualitrans.hu\\\/de\\\/#website\"},\"primaryImageOfPage\":{\"@id\":\"https:\\\/\\\/qualitrans.hu\\\/de\\\/#primaryimage\"},\"image\":{\"@id\":\"https:\\\/\\\/qualitrans.hu\\\/de\\\/#primaryimage\"},\"thumbnailUrl\":\"http:\\\/\\\/qualitrans.hu\\\/de\\\/wp-content\\\/uploads\\\/sites\\\/3\\\/2016\\\/12\\\/front-1.jpg\",\"datePublished\":\"2015-06-22T19:47:34+00:00\",\"dateModified\":\"2016-12-20T14:09:18+00:00\",\"breadcrumb\":{\"@id\":\"https:\\\/\\\/qualitrans.hu\\\/de\\\/#breadcrumb\"},\"inLanguage\":\"hu\",\"potentialAction\":[{\"@type\":\"ReadAction\",\"target\":[\"https:\\\/\\\/qualitrans.hu\\\/de\\\/\"]}]},{\"@type\":\"ImageObject\",\"inLanguage\":\"hu\",\"@id\":\"https:\\\/\\\/qualitrans.hu\\\/de\\\/#primaryimage\",\"url\":\"http:\\\/\\\/qualitrans.hu\\\/de\\\/wp-content\\\/uploads\\\/sites\\\/3\\\/2016\\\/12\\\/front-1.jpg\",\"contentUrl\":\"http:\\\/\\\/qualitrans.hu\\\/de\\\/wp-content\\\/uploads\\\/sites\\\/3\\\/2016\\\/12\\\/front-1.jpg\"},{\"@type\":\"BreadcrumbList\",\"@id\":\"https:\\\/\\\/qualitrans.hu\\\/de\\\/#breadcrumb\",\"itemListElement\":[{\"@type\":\"ListItem\",\"position\":1,\"name\":\"Home\",\"item\":\"https:\\\/\\\/qualitrans.hu\\\/de\\\/\"},{\"@type\":\"ListItem\",\"position\":2,\"name\":\"F\u0150OLDAL\"}]},{\"@type\":\"WebSite\",\"@id\":\"https:\\\/\\\/qualitrans.hu\\\/de\\\/#website\",\"url\":\"https:\\\/\\\/qualitrans.hu\\\/de\\\/\",\"name\":\"Qualitrans - Deutch\",\"description\":\"25 \u00c9ve a nemzetk\u00f6zi k\u00f6z\u00fati \u00e1rusz\u00e1ll\u00edt\u00e1sban\",\"potentialAction\":[{\"@type\":\"SearchAction\",\"target\":{\"@type\":\"EntryPoint\",\"urlTemplate\":\"https:\\\/\\\/qualitrans.hu\\\/de\\\/?s={search_term_string}\"},\"query-input\":{\"@type\":\"PropertyValueSpecification\",\"valueRequired\":true,\"valueName\":\"search_term_string\"}}],\"inLanguage\":\"hu\"}]}<\/script>\n<!-- \/ Yoast SEO plugin. -->","yoast_head_json":{"title":"F\u0150OLDAL - Qualitrans - Deutch","robots":{"index":"index","follow":"follow","max-snippet":"max-snippet:-1","max-image-preview":"max-image-preview:large","max-video-preview":"max-video-preview:-1"},"canonical":"https:\/\/qualitrans.hu\/de\/","og_locale":"hu_HU","og_type":"article","og_title":"F\u0150OLDAL - Qualitrans - Deutch","og_description":"Autotransport Die QUALITRANS \u2013 CARGO Kft. Ist eine der gr\u00f6\u00dften sich mit Autotransport besch\u00e4ftigenden G\u00fctertransportfirmen in Ungarn. NUTZFAHRZEUGTRANSPORT Die QUALITRANS \u2013 CARGO Kft. \u00fcbernimmt es, Nutzfahrzeuge, landwirtschaftliche Maschinen und Baumaschinen zu transportieren &#8211; und zwar europaweit. ERNTEMASCHINENTRANSPORT Haben Sie im Ausland eine gebrauchte Erntemaschine gekauft? Der Heimtransport verursacht Ihnen Probleme? Die QUALITRANS \u2013 CARGO Kft. [&hellip;]","og_url":"https:\/\/qualitrans.hu\/de\/","og_site_name":"Qualitrans - Deutch","article_modified_time":"2016-12-20T14:09:18+00:00","og_image":[{"url":"http:\/\/qualitrans.hu\/de\/wp-content\/uploads\/sites\/3\/2016\/12\/front-1.jpg","type":"","width":"","height":""}],"twitter_card":"summary_large_image","twitter_misc":{"Becs\u00fclt olvas\u00e1si id\u0151":"1 perc"},"schema":{"@context":"https:\/\/schema.org","@graph":[{"@type":"WebPage","@id":"https:\/\/qualitrans.hu\/de\/","url":"https:\/\/qualitrans.hu\/de\/","name":"F\u0150OLDAL - Qualitrans - Deutch","isPartOf":{"@id":"https:\/\/qualitrans.hu\/de\/#website"},"primaryImageOfPage":{"@id":"https:\/\/qualitrans.hu\/de\/#primaryimage"},"image":{"@id":"https:\/\/qualitrans.hu\/de\/#primaryimage"},"thumbnailUrl":"http:\/\/qualitrans.hu\/de\/wp-content\/uploads\/sites\/3\/2016\/12\/front-1.jpg","datePublished":"2015-06-22T19:47:34+00:00","dateModified":"2016-12-20T14:09:18+00:00","breadcrumb":{"@id":"https:\/\/qualitrans.hu\/de\/#breadcrumb"},"inLanguage":"hu","potentialAction":[{"@type":"ReadAction","target":["https:\/\/qualitrans.hu\/de\/"]}]},{"@type":"ImageObject","inLanguage":"hu","@id":"https:\/\/qualitrans.hu\/de\/#primaryimage","url":"http:\/\/qualitrans.hu\/de\/wp-content\/uploads\/sites\/3\/2016\/12\/front-1.jpg","contentUrl":"http:\/\/qualitrans.hu\/de\/wp-content\/uploads\/sites\/3\/2016\/12\/front-1.jpg"},{"@type":"BreadcrumbList","@id":"https:\/\/qualitrans.hu\/de\/#breadcrumb","itemListElement":[{"@type":"ListItem","position":1,"name":"Home","item":"https:\/\/qualitrans.hu\/de\/"},{"@type":"ListItem","position":2,"name":"F\u0150OLDAL"}]},{"@type":"WebSite","@id":"https:\/\/qualitrans.hu\/de\/#website","url":"https:\/\/qualitrans.hu\/de\/","name":"Qualitrans - Deutch","description":"25 \u00c9ve a nemzetk\u00f6zi k\u00f6z\u00fati \u00e1rusz\u00e1ll\u00edt\u00e1sban","potentialAction":[{"@type":"SearchAction","target":{"@type":"EntryPoint","urlTemplate":"https:\/\/qualitrans.hu\/de\/?s={search_term_string}"},"query-input":{"@type":"PropertyValueSpecification","valueRequired":true,"valueName":"search_term_string"}}],"inLanguage":"hu"}]}},"_links":{"self":[{"href":"https:\/\/qualitrans.hu\/de\/wp-json\/wp\/v2\/pages\/52","targetHints":{"allow":["GET"]}}],"collection":[{"href":"https:\/\/qualitrans.hu\/de\/wp-json\/wp\/v2\/pages"}],"about":[{"href":"https:\/\/qualitrans.hu\/de\/wp-json\/wp\/v2\/types\/page"}],"author":[{"embeddable":true,"href":"https:\/\/qualitrans.hu\/de\/wp-json\/wp\/v2\/users\/1"}],"replies":[{"embeddable":true,"href":"https:\/\/qualitrans.hu\/de\/wp-json\/wp\/v2\/comments?post=52"}],"version-history":[{"count":10,"href":"https:\/\/qualitrans.hu\/de\/wp-json\/wp\/v2\/pages\/52\/revisions"}],"predecessor-version":[{"id":163,"href":"https:\/\/qualitrans.hu\/de\/wp-json\/wp\/v2\/pages\/52\/revisions\/163"}],"wp:attachment":[{"href":"https:\/\/qualitrans.hu\/de\/wp-json\/wp\/v2\/media?parent=52"}],"curies":[{"name":"wp","href":"https:\/\/api.w.org\/{rel}","templated":true}]}}