{"id":6,"date":"2015-06-18T19:41:59","date_gmt":"2015-06-18T19:41:59","guid":{"rendered":"http:\/\/qualitrans.hu\/de\/?page_id=6"},"modified":"2016-12-20T14:20:48","modified_gmt":"2016-12-20T14:20:48","slug":"uber-uns","status":"publish","type":"page","link":"https:\/\/qualitrans.hu\/de\/uber-uns\/","title":{"rendered":"\u00dcber Uns"},"content":{"rendered":"<p>Die QUALITRANS \u2013 CARGO Kft. ist eine zu 100 % in ungarischem Eigentum befindliche, sich mit internationalem G\u00fctertransport auf der Stra\u00dfe besch\u00e4ftigende Firma. Unsere Hauptdienstleistungsbereiche: Autotransport, Transport von Nutzfahrzeugen und Erntemaschinen sowie herk\u00f6mmlicher G\u00fctertransport.<\/p>\n<p>Unser Unternehmen hat sich mit den Jahren intensiv weiterentwickelt und seine Marktposition in Europa gefestigt. Wir streben danach, mit unseren Kunden eine stabile, dauerhafte Gesch\u00e4ftsbeziehung zu aufzubauen. Unsere Flotte besteht heutzutage aus mehr als 150 f\u00fcr den internationalen Verkehr verwendeten Lastz\u00fcgen. F\u00fcr die QUALITRANS \u2013 CARGO sind 230 ausgebildete Mitarbeiter t\u00e4tig.<\/p>\n<p>Unsere Qualit\u00e4tsdienstleistungen beruhen auf drei S\u00e4ulen: Sachverstand, Engagement, Erfahrung.<\/p>\n","protected":false},"excerpt":{"rendered":"<p>Die QUALITRANS \u2013 CARGO Kft. ist eine zu 100 % in ungarischem Eigentum befindliche, sich mit internationalem G\u00fctertransport auf der Stra\u00dfe besch\u00e4ftigende Firma. Unsere Hauptdienstleistungsbereiche: Autotransport, Transport von Nutzfahrzeugen und Erntemaschinen sowie herk\u00f6mmlicher G\u00fctertransport. Unser Unternehmen hat sich mit den Jahren intensiv weiterentwickelt und seine Marktposition in Europa gefestigt. Wir streben danach, mit unseren Kunden [&hellip;]<\/p>\n","protected":false},"author":1,"featured_media":258,"parent":0,"menu_order":0,"comment_status":"open","ping_status":"open","template":"","meta":{"_acf_changed":false,"footnotes":""},"class_list":["post-6","page","type-page","status-publish","has-post-thumbnail","hentry"],"acf":[],"yoast_head":"<!-- This site is optimized with the Yoast SEO plugin v27.4 - https:\/\/yoast.com\/product\/yoast-seo-wordpress\/ -->\n<title>\u00dcber Uns - Qualitrans - Deutch<\/title>\n<meta name=\"robots\" content=\"index, follow, max-snippet:-1, max-image-preview:large, max-video-preview:-1\" \/>\n<link rel=\"canonical\" href=\"https:\/\/qualitrans.hu\/de\/uber-uns\/\" \/>\n<meta property=\"og:locale\" content=\"hu_HU\" \/>\n<meta property=\"og:type\" content=\"article\" \/>\n<meta property=\"og:title\" content=\"\u00dcber Uns - Qualitrans - Deutch\" \/>\n<meta property=\"og:description\" content=\"Die QUALITRANS \u2013 CARGO Kft. ist eine zu 100 % in ungarischem Eigentum befindliche, sich mit internationalem G\u00fctertransport auf der Stra\u00dfe besch\u00e4ftigende Firma. Unsere Hauptdienstleistungsbereiche: Autotransport, Transport von Nutzfahrzeugen und Erntemaschinen sowie herk\u00f6mmlicher G\u00fctertransport. Unser Unternehmen hat sich mit den Jahren intensiv weiterentwickelt und seine Marktposition in Europa gefestigt. Wir streben danach, mit unseren Kunden [&hellip;]\" \/>\n<meta property=\"og:url\" content=\"https:\/\/qualitrans.hu\/de\/uber-uns\/\" \/>\n<meta property=\"og:site_name\" content=\"Qualitrans - Deutch\" \/>\n<meta property=\"article:modified_time\" content=\"2016-12-20T14:20:48+00:00\" \/>\n<meta property=\"og:image\" content=\"https:\/\/qualitrans.hu\/de\/wp-content\/uploads\/sites\/3\/2015\/06\/Nikon-152.jpg\" \/>\n\t<meta property=\"og:image:width\" content=\"1116\" \/>\n\t<meta property=\"og:image:height\" content=\"742\" \/>\n\t<meta property=\"og:image:type\" content=\"image\/jpeg\" \/>\n<meta name=\"twitter:card\" content=\"summary_large_image\" \/>\n<meta name=\"twitter:label1\" content=\"Becs\u00fclt olvas\u00e1si id\u0151\" \/>\n\t<meta name=\"twitter:data1\" content=\"1 perc\" \/>\n<script type=\"application\/ld+json\" class=\"yoast-schema-graph\">{\"@context\":\"https:\\\/\\\/schema.org\",\"@graph\":[{\"@type\":\"WebPage\",\"@id\":\"https:\\\/\\\/qualitrans.hu\\\/de\\\/uber-uns\\\/\",\"url\":\"https:\\\/\\\/qualitrans.hu\\\/de\\\/uber-uns\\\/\",\"name\":\"\u00dcber Uns - Qualitrans - Deutch\",\"isPartOf\":{\"@id\":\"https:\\\/\\\/qualitrans.hu\\\/de\\\/#website\"},\"primaryImageOfPage\":{\"@id\":\"https:\\\/\\\/qualitrans.hu\\\/de\\\/uber-uns\\\/#primaryimage\"},\"image\":{\"@id\":\"https:\\\/\\\/qualitrans.hu\\\/de\\\/uber-uns\\\/#primaryimage\"},\"thumbnailUrl\":\"https:\\\/\\\/qualitrans.hu\\\/de\\\/wp-content\\\/uploads\\\/sites\\\/3\\\/2015\\\/06\\\/Nikon-152.jpg\",\"datePublished\":\"2015-06-18T19:41:59+00:00\",\"dateModified\":\"2016-12-20T14:20:48+00:00\",\"breadcrumb\":{\"@id\":\"https:\\\/\\\/qualitrans.hu\\\/de\\\/uber-uns\\\/#breadcrumb\"},\"inLanguage\":\"hu\",\"potentialAction\":[{\"@type\":\"ReadAction\",\"target\":[\"https:\\\/\\\/qualitrans.hu\\\/de\\\/uber-uns\\\/\"]}]},{\"@type\":\"ImageObject\",\"inLanguage\":\"hu\",\"@id\":\"https:\\\/\\\/qualitrans.hu\\\/de\\\/uber-uns\\\/#primaryimage\",\"url\":\"https:\\\/\\\/qualitrans.hu\\\/de\\\/wp-content\\\/uploads\\\/sites\\\/3\\\/2015\\\/06\\\/Nikon-152.jpg\",\"contentUrl\":\"https:\\\/\\\/qualitrans.hu\\\/de\\\/wp-content\\\/uploads\\\/sites\\\/3\\\/2015\\\/06\\\/Nikon-152.jpg\",\"width\":1116,\"height\":742},{\"@type\":\"BreadcrumbList\",\"@id\":\"https:\\\/\\\/qualitrans.hu\\\/de\\\/uber-uns\\\/#breadcrumb\",\"itemListElement\":[{\"@type\":\"ListItem\",\"position\":1,\"name\":\"Home\",\"item\":\"https:\\\/\\\/qualitrans.hu\\\/de\\\/\"},{\"@type\":\"ListItem\",\"position\":2,\"name\":\"\u00dcber Uns\"}]},{\"@type\":\"WebSite\",\"@id\":\"https:\\\/\\\/qualitrans.hu\\\/de\\\/#website\",\"url\":\"https:\\\/\\\/qualitrans.hu\\\/de\\\/\",\"name\":\"Qualitrans - Deutch\",\"description\":\"25 \u00c9ve a nemzetk\u00f6zi k\u00f6z\u00fati \u00e1rusz\u00e1ll\u00edt\u00e1sban\",\"potentialAction\":[{\"@type\":\"SearchAction\",\"target\":{\"@type\":\"EntryPoint\",\"urlTemplate\":\"https:\\\/\\\/qualitrans.hu\\\/de\\\/?s={search_term_string}\"},\"query-input\":{\"@type\":\"PropertyValueSpecification\",\"valueRequired\":true,\"valueName\":\"search_term_string\"}}],\"inLanguage\":\"hu\"}]}<\/script>\n<!-- \/ Yoast SEO plugin. -->","yoast_head_json":{"title":"\u00dcber Uns - Qualitrans - Deutch","robots":{"index":"index","follow":"follow","max-snippet":"max-snippet:-1","max-image-preview":"max-image-preview:large","max-video-preview":"max-video-preview:-1"},"canonical":"https:\/\/qualitrans.hu\/de\/uber-uns\/","og_locale":"hu_HU","og_type":"article","og_title":"\u00dcber Uns - Qualitrans - Deutch","og_description":"Die QUALITRANS \u2013 CARGO Kft. ist eine zu 100 % in ungarischem Eigentum befindliche, sich mit internationalem G\u00fctertransport auf der Stra\u00dfe besch\u00e4ftigende Firma. Unsere Hauptdienstleistungsbereiche: Autotransport, Transport von Nutzfahrzeugen und Erntemaschinen sowie herk\u00f6mmlicher G\u00fctertransport. Unser Unternehmen hat sich mit den Jahren intensiv weiterentwickelt und seine Marktposition in Europa gefestigt. Wir streben danach, mit unseren Kunden [&hellip;]","og_url":"https:\/\/qualitrans.hu\/de\/uber-uns\/","og_site_name":"Qualitrans - Deutch","article_modified_time":"2016-12-20T14:20:48+00:00","og_image":[{"width":1116,"height":742,"url":"https:\/\/qualitrans.hu\/de\/wp-content\/uploads\/sites\/3\/2015\/06\/Nikon-152.jpg","type":"image\/jpeg"}],"twitter_card":"summary_large_image","twitter_misc":{"Becs\u00fclt olvas\u00e1si id\u0151":"1 perc"},"schema":{"@context":"https:\/\/schema.org","@graph":[{"@type":"WebPage","@id":"https:\/\/qualitrans.hu\/de\/uber-uns\/","url":"https:\/\/qualitrans.hu\/de\/uber-uns\/","name":"\u00dcber Uns - Qualitrans - Deutch","isPartOf":{"@id":"https:\/\/qualitrans.hu\/de\/#website"},"primaryImageOfPage":{"@id":"https:\/\/qualitrans.hu\/de\/uber-uns\/#primaryimage"},"image":{"@id":"https:\/\/qualitrans.hu\/de\/uber-uns\/#primaryimage"},"thumbnailUrl":"https:\/\/qualitrans.hu\/de\/wp-content\/uploads\/sites\/3\/2015\/06\/Nikon-152.jpg","datePublished":"2015-06-18T19:41:59+00:00","dateModified":"2016-12-20T14:20:48+00:00","breadcrumb":{"@id":"https:\/\/qualitrans.hu\/de\/uber-uns\/#breadcrumb"},"inLanguage":"hu","potentialAction":[{"@type":"ReadAction","target":["https:\/\/qualitrans.hu\/de\/uber-uns\/"]}]},{"@type":"ImageObject","inLanguage":"hu","@id":"https:\/\/qualitrans.hu\/de\/uber-uns\/#primaryimage","url":"https:\/\/qualitrans.hu\/de\/wp-content\/uploads\/sites\/3\/2015\/06\/Nikon-152.jpg","contentUrl":"https:\/\/qualitrans.hu\/de\/wp-content\/uploads\/sites\/3\/2015\/06\/Nikon-152.jpg","width":1116,"height":742},{"@type":"BreadcrumbList","@id":"https:\/\/qualitrans.hu\/de\/uber-uns\/#breadcrumb","itemListElement":[{"@type":"ListItem","position":1,"name":"Home","item":"https:\/\/qualitrans.hu\/de\/"},{"@type":"ListItem","position":2,"name":"\u00dcber Uns"}]},{"@type":"WebSite","@id":"https:\/\/qualitrans.hu\/de\/#website","url":"https:\/\/qualitrans.hu\/de\/","name":"Qualitrans - Deutch","description":"25 \u00c9ve a nemzetk\u00f6zi k\u00f6z\u00fati \u00e1rusz\u00e1ll\u00edt\u00e1sban","potentialAction":[{"@type":"SearchAction","target":{"@type":"EntryPoint","urlTemplate":"https:\/\/qualitrans.hu\/de\/?s={search_term_string}"},"query-input":{"@type":"PropertyValueSpecification","valueRequired":true,"valueName":"search_term_string"}}],"inLanguage":"hu"}]}},"_links":{"self":[{"href":"https:\/\/qualitrans.hu\/de\/wp-json\/wp\/v2\/pages\/6","targetHints":{"allow":["GET"]}}],"collection":[{"href":"https:\/\/qualitrans.hu\/de\/wp-json\/wp\/v2\/pages"}],"about":[{"href":"https:\/\/qualitrans.hu\/de\/wp-json\/wp\/v2\/types\/page"}],"author":[{"embeddable":true,"href":"https:\/\/qualitrans.hu\/de\/wp-json\/wp\/v2\/users\/1"}],"replies":[{"embeddable":true,"href":"https:\/\/qualitrans.hu\/de\/wp-json\/wp\/v2\/comments?post=6"}],"version-history":[{"count":3,"href":"https:\/\/qualitrans.hu\/de\/wp-json\/wp\/v2\/pages\/6\/revisions"}],"predecessor-version":[{"id":135,"href":"https:\/\/qualitrans.hu\/de\/wp-json\/wp\/v2\/pages\/6\/revisions\/135"}],"wp:featuredmedia":[{"embeddable":true,"href":"https:\/\/qualitrans.hu\/de\/wp-json\/wp\/v2\/media\/258"}],"wp:attachment":[{"href":"https:\/\/qualitrans.hu\/de\/wp-json\/wp\/v2\/media?parent=6"}],"curies":[{"name":"wp","href":"https:\/\/api.w.org\/{rel}","templated":true}]}}