{"id":11,"date":"2015-06-18T19:42:47","date_gmt":"2015-06-18T19:42:47","guid":{"rendered":"http:\/\/qualitrans.hu\/en\/?page_id=11"},"modified":"2016-12-20T16:00:42","modified_gmt":"2016-12-20T14:00:42","slug":"more-about","status":"publish","type":"page","link":"https:\/\/qualitrans.hu\/en\/more-about\/","title":{"rendered":"More about QUALITRANS \u2013 CARGO Ltd."},"content":{"rendered":"<p>In terms of engineering and staffing QUALITRANS \u2013 CARGO Ltd. has all what is takes to provide top-notch services. All vehicles are equipped with GPS tracking system, cell phone and cargo restraint fixtures.<\/p>\n<p>QUALITRANS \u2013 CARGO Ltd. adapts flexibly to individual customer needs: such needs are satisfied day-to-day as habitually as the daily recurrent freight commitments. We believe that the right solution to efficiently carry out commitments is selected jointly with the Customer.<\/p>\n<p>QUALITRANS \u2013 CARGO Ltd. is the member of the Hungarian Road Transport Association (MKFE). We possess all licenses and have taken out all insurances required to engage in international road transport business, including the CMR (Overseas Carrier&#8217;s Liability) Insurance.<\/p>\n","protected":false},"excerpt":{"rendered":"<p>In terms of engineering and staffing QUALITRANS \u2013 CARGO Ltd. has all what is takes to provide top-notch services. All vehicles are equipped with GPS tracking system, cell phone and cargo restraint fixtures. QUALITRANS \u2013 CARGO Ltd. adapts flexibly to individual customer needs: such needs are satisfied day-to-day as habitually as the daily recurrent freight [&hellip;]<\/p>\n","protected":false},"author":1,"featured_media":259,"parent":0,"menu_order":0,"comment_status":"open","ping_status":"open","template":"","meta":{"_acf_changed":false,"footnotes":""},"class_list":["post-11","page","type-page","status-publish","has-post-thumbnail","hentry"],"acf":[],"yoast_head":"<!-- This site is optimized with the Yoast SEO plugin v27.3 - https:\/\/yoast.com\/product\/yoast-seo-wordpress\/ -->\n<title>More about QUALITRANS \u2013 CARGO Ltd. - Qualitrans - English<\/title>\n<meta name=\"robots\" content=\"index, follow, max-snippet:-1, max-image-preview:large, max-video-preview:-1\" \/>\n<link rel=\"canonical\" href=\"https:\/\/qualitrans.hu\/en\/more-about\/\" \/>\n<meta property=\"og:locale\" content=\"hu_HU\" \/>\n<meta property=\"og:type\" content=\"article\" \/>\n<meta property=\"og:title\" content=\"More about QUALITRANS \u2013 CARGO Ltd. - Qualitrans - English\" \/>\n<meta property=\"og:description\" content=\"In terms of engineering and staffing QUALITRANS \u2013 CARGO Ltd. has all what is takes to provide top-notch services. All vehicles are equipped with GPS tracking system, cell phone and cargo restraint fixtures. QUALITRANS \u2013 CARGO Ltd. adapts flexibly to individual customer needs: such needs are satisfied day-to-day as habitually as the daily recurrent freight [&hellip;]\" \/>\n<meta property=\"og:url\" content=\"https:\/\/qualitrans.hu\/en\/more-about\/\" \/>\n<meta property=\"og:site_name\" content=\"Qualitrans - English\" \/>\n<meta property=\"article:modified_time\" content=\"2016-12-20T14:00:42+00:00\" \/>\n<meta property=\"og:image\" content=\"https:\/\/qualitrans.hu\/en\/wp-content\/uploads\/sites\/2\/2015\/06\/DSC_0032-1024x681.jpg\" \/>\n\t<meta property=\"og:image:width\" content=\"1024\" \/>\n\t<meta property=\"og:image:height\" content=\"681\" \/>\n\t<meta property=\"og:image:type\" content=\"image\/jpeg\" \/>\n<meta name=\"twitter:card\" content=\"summary_large_image\" \/>\n<meta name=\"twitter:label1\" content=\"Becs\u00fclt olvas\u00e1si id\u0151\" \/>\n\t<meta name=\"twitter:data1\" content=\"1 perc\" \/>\n<script type=\"application\/ld+json\" class=\"yoast-schema-graph\">{\"@context\":\"https:\\\/\\\/schema.org\",\"@graph\":[{\"@type\":\"WebPage\",\"@id\":\"https:\\\/\\\/qualitrans.hu\\\/en\\\/more-about\\\/\",\"url\":\"https:\\\/\\\/qualitrans.hu\\\/en\\\/more-about\\\/\",\"name\":\"More about QUALITRANS \u2013 CARGO Ltd. - Qualitrans - English\",\"isPartOf\":{\"@id\":\"https:\\\/\\\/qualitrans.hu\\\/en\\\/#website\"},\"primaryImageOfPage\":{\"@id\":\"https:\\\/\\\/qualitrans.hu\\\/en\\\/more-about\\\/#primaryimage\"},\"image\":{\"@id\":\"https:\\\/\\\/qualitrans.hu\\\/en\\\/more-about\\\/#primaryimage\"},\"thumbnailUrl\":\"https:\\\/\\\/qualitrans.hu\\\/en\\\/wp-content\\\/uploads\\\/sites\\\/2\\\/2015\\\/06\\\/DSC_0032-1024x681.jpg\",\"datePublished\":\"2015-06-18T19:42:47+00:00\",\"dateModified\":\"2016-12-20T14:00:42+00:00\",\"breadcrumb\":{\"@id\":\"https:\\\/\\\/qualitrans.hu\\\/en\\\/more-about\\\/#breadcrumb\"},\"inLanguage\":\"hu\",\"potentialAction\":[{\"@type\":\"ReadAction\",\"target\":[\"https:\\\/\\\/qualitrans.hu\\\/en\\\/more-about\\\/\"]}]},{\"@type\":\"ImageObject\",\"inLanguage\":\"hu\",\"@id\":\"https:\\\/\\\/qualitrans.hu\\\/en\\\/more-about\\\/#primaryimage\",\"url\":\"https:\\\/\\\/qualitrans.hu\\\/en\\\/wp-content\\\/uploads\\\/sites\\\/2\\\/2015\\\/06\\\/DSC_0032-1024x681.jpg\",\"contentUrl\":\"https:\\\/\\\/qualitrans.hu\\\/en\\\/wp-content\\\/uploads\\\/sites\\\/2\\\/2015\\\/06\\\/DSC_0032-1024x681.jpg\",\"width\":1024,\"height\":681},{\"@type\":\"BreadcrumbList\",\"@id\":\"https:\\\/\\\/qualitrans.hu\\\/en\\\/more-about\\\/#breadcrumb\",\"itemListElement\":[{\"@type\":\"ListItem\",\"position\":1,\"name\":\"Home\",\"item\":\"https:\\\/\\\/qualitrans.hu\\\/en\\\/\"},{\"@type\":\"ListItem\",\"position\":2,\"name\":\"More about QUALITRANS \u2013 CARGO Ltd.\"}]},{\"@type\":\"WebSite\",\"@id\":\"https:\\\/\\\/qualitrans.hu\\\/en\\\/#website\",\"url\":\"https:\\\/\\\/qualitrans.hu\\\/en\\\/\",\"name\":\"Qualitrans - English\",\"description\":\"27 years in the business of international road freight transport\",\"potentialAction\":[{\"@type\":\"SearchAction\",\"target\":{\"@type\":\"EntryPoint\",\"urlTemplate\":\"https:\\\/\\\/qualitrans.hu\\\/en\\\/?s={search_term_string}\"},\"query-input\":{\"@type\":\"PropertyValueSpecification\",\"valueRequired\":true,\"valueName\":\"search_term_string\"}}],\"inLanguage\":\"hu\"}]}<\/script>\n<!-- \/ Yoast SEO plugin. -->","yoast_head_json":{"title":"More about QUALITRANS \u2013 CARGO Ltd. - Qualitrans - English","robots":{"index":"index","follow":"follow","max-snippet":"max-snippet:-1","max-image-preview":"max-image-preview:large","max-video-preview":"max-video-preview:-1"},"canonical":"https:\/\/qualitrans.hu\/en\/more-about\/","og_locale":"hu_HU","og_type":"article","og_title":"More about QUALITRANS \u2013 CARGO Ltd. - Qualitrans - English","og_description":"In terms of engineering and staffing QUALITRANS \u2013 CARGO Ltd. has all what is takes to provide top-notch services. All vehicles are equipped with GPS tracking system, cell phone and cargo restraint fixtures. QUALITRANS \u2013 CARGO Ltd. adapts flexibly to individual customer needs: such needs are satisfied day-to-day as habitually as the daily recurrent freight [&hellip;]","og_url":"https:\/\/qualitrans.hu\/en\/more-about\/","og_site_name":"Qualitrans - English","article_modified_time":"2016-12-20T14:00:42+00:00","og_image":[{"width":1024,"height":681,"url":"https:\/\/qualitrans.hu\/en\/wp-content\/uploads\/sites\/2\/2015\/06\/DSC_0032-1024x681.jpg","type":"image\/jpeg"}],"twitter_card":"summary_large_image","twitter_misc":{"Becs\u00fclt olvas\u00e1si id\u0151":"1 perc"},"schema":{"@context":"https:\/\/schema.org","@graph":[{"@type":"WebPage","@id":"https:\/\/qualitrans.hu\/en\/more-about\/","url":"https:\/\/qualitrans.hu\/en\/more-about\/","name":"More about QUALITRANS \u2013 CARGO Ltd. - Qualitrans - English","isPartOf":{"@id":"https:\/\/qualitrans.hu\/en\/#website"},"primaryImageOfPage":{"@id":"https:\/\/qualitrans.hu\/en\/more-about\/#primaryimage"},"image":{"@id":"https:\/\/qualitrans.hu\/en\/more-about\/#primaryimage"},"thumbnailUrl":"https:\/\/qualitrans.hu\/en\/wp-content\/uploads\/sites\/2\/2015\/06\/DSC_0032-1024x681.jpg","datePublished":"2015-06-18T19:42:47+00:00","dateModified":"2016-12-20T14:00:42+00:00","breadcrumb":{"@id":"https:\/\/qualitrans.hu\/en\/more-about\/#breadcrumb"},"inLanguage":"hu","potentialAction":[{"@type":"ReadAction","target":["https:\/\/qualitrans.hu\/en\/more-about\/"]}]},{"@type":"ImageObject","inLanguage":"hu","@id":"https:\/\/qualitrans.hu\/en\/more-about\/#primaryimage","url":"https:\/\/qualitrans.hu\/en\/wp-content\/uploads\/sites\/2\/2015\/06\/DSC_0032-1024x681.jpg","contentUrl":"https:\/\/qualitrans.hu\/en\/wp-content\/uploads\/sites\/2\/2015\/06\/DSC_0032-1024x681.jpg","width":1024,"height":681},{"@type":"BreadcrumbList","@id":"https:\/\/qualitrans.hu\/en\/more-about\/#breadcrumb","itemListElement":[{"@type":"ListItem","position":1,"name":"Home","item":"https:\/\/qualitrans.hu\/en\/"},{"@type":"ListItem","position":2,"name":"More about QUALITRANS \u2013 CARGO Ltd."}]},{"@type":"WebSite","@id":"https:\/\/qualitrans.hu\/en\/#website","url":"https:\/\/qualitrans.hu\/en\/","name":"Qualitrans - English","description":"27 years in the business of international road freight transport","potentialAction":[{"@type":"SearchAction","target":{"@type":"EntryPoint","urlTemplate":"https:\/\/qualitrans.hu\/en\/?s={search_term_string}"},"query-input":{"@type":"PropertyValueSpecification","valueRequired":true,"valueName":"search_term_string"}}],"inLanguage":"hu"}]}},"_links":{"self":[{"href":"https:\/\/qualitrans.hu\/en\/wp-json\/wp\/v2\/pages\/11","targetHints":{"allow":["GET"]}}],"collection":[{"href":"https:\/\/qualitrans.hu\/en\/wp-json\/wp\/v2\/pages"}],"about":[{"href":"https:\/\/qualitrans.hu\/en\/wp-json\/wp\/v2\/types\/page"}],"author":[{"embeddable":true,"href":"https:\/\/qualitrans.hu\/en\/wp-json\/wp\/v2\/users\/1"}],"replies":[{"embeddable":true,"href":"https:\/\/qualitrans.hu\/en\/wp-json\/wp\/v2\/comments?post=11"}],"version-history":[{"count":4,"href":"https:\/\/qualitrans.hu\/en\/wp-json\/wp\/v2\/pages\/11\/revisions"}],"predecessor-version":[{"id":276,"href":"https:\/\/qualitrans.hu\/en\/wp-json\/wp\/v2\/pages\/11\/revisions\/276"}],"wp:featuredmedia":[{"embeddable":true,"href":"https:\/\/qualitrans.hu\/en\/wp-json\/wp\/v2\/media\/259"}],"wp:attachment":[{"href":"https:\/\/qualitrans.hu\/en\/wp-json\/wp\/v2\/media?parent=11"}],"curies":[{"name":"wp","href":"https:\/\/api.w.org\/{rel}","templated":true}]}}