{"id":21,"date":"2015-06-18T19:46:00","date_gmt":"2015-06-18T19:46:00","guid":{"rendered":"http:\/\/qualitrans.hu\/en\/?page_id=21"},"modified":"2017-01-10T10:30:26","modified_gmt":"2017-01-10T08:30:26","slug":"commercial-vehicle-transport","status":"publish","type":"page","link":"https:\/\/qualitrans.hu\/en\/commercial-vehicle-transport\/","title":{"rendered":"Commercial vehicle transport"},"content":{"rendered":"<p>The fleet of our commercial vehicle trailers consists of a number of specialized bodywork structures. Our staff is at your disposal in planning the transport route and recommending the best fit for your cargo.<\/p>\n<p>Our staff of specially trained drivers is responsible for loading and fixing the vehicles on the trailers.<\/p>\n<p>All trailers for commercial vehicle transport have additional licenses in nearly all countries in Europe, so oversize cargo is not an insuperable obstacle for the international deliveries of QUALITRANS \u2013 CARGO Ltd.<\/p>\n<p>Commercial vehicle transport is a specialist business in road freight transport. Please do not hesitate to contact our helpful staff with your questions.<\/p>\n\n","protected":false},"excerpt":{"rendered":"<p>The fleet of our commercial vehicle trailers consists of a number of specialized bodywork structures. Our staff is at your disposal in planning the transport route and recommending the best fit for your cargo. Our staff of specially trained drivers is responsible for loading and fixing the vehicles on the trailers. All trailers for commercial [&hellip;]<\/p>\n","protected":false},"author":1,"featured_media":201,"parent":0,"menu_order":0,"comment_status":"open","ping_status":"open","template":"","meta":{"_acf_changed":false,"footnotes":""},"class_list":["post-21","page","type-page","status-publish","has-post-thumbnail","hentry"],"acf":[],"yoast_head":"<!-- This site is optimized with the Yoast SEO plugin v27.3 - https:\/\/yoast.com\/product\/yoast-seo-wordpress\/ -->\n<title>Commercial vehicle transport - Qualitrans - English<\/title>\n<meta name=\"robots\" content=\"index, follow, max-snippet:-1, max-image-preview:large, max-video-preview:-1\" \/>\n<link rel=\"canonical\" href=\"https:\/\/qualitrans.hu\/en\/commercial-vehicle-transport\/\" \/>\n<meta property=\"og:locale\" content=\"hu_HU\" \/>\n<meta property=\"og:type\" content=\"article\" \/>\n<meta property=\"og:title\" content=\"Commercial vehicle transport - Qualitrans - English\" \/>\n<meta property=\"og:description\" content=\"The fleet of our commercial vehicle trailers consists of a number of specialized bodywork structures. Our staff is at your disposal in planning the transport route and recommending the best fit for your cargo. Our staff of specially trained drivers is responsible for loading and fixing the vehicles on the trailers. All trailers for commercial [&hellip;]\" \/>\n<meta property=\"og:url\" content=\"https:\/\/qualitrans.hu\/en\/commercial-vehicle-transport\/\" \/>\n<meta property=\"og:site_name\" content=\"Qualitrans - English\" \/>\n<meta property=\"article:modified_time\" content=\"2017-01-10T08:30:26+00:00\" \/>\n<meta property=\"og:image\" content=\"https:\/\/qualitrans.hu\/en\/wp-content\/uploads\/sites\/2\/2016\/12\/front-2.jpg\" \/>\n\t<meta property=\"og:image:width\" content=\"1200\" \/>\n\t<meta property=\"og:image:height\" content=\"798\" \/>\n\t<meta property=\"og:image:type\" content=\"image\/jpeg\" \/>\n<meta name=\"twitter:card\" content=\"summary_large_image\" \/>\n<meta name=\"twitter:label1\" content=\"Becs\u00fclt olvas\u00e1si id\u0151\" \/>\n\t<meta name=\"twitter:data1\" content=\"1 perc\" \/>\n<script type=\"application\/ld+json\" class=\"yoast-schema-graph\">{\"@context\":\"https:\\\/\\\/schema.org\",\"@graph\":[{\"@type\":\"WebPage\",\"@id\":\"https:\\\/\\\/qualitrans.hu\\\/en\\\/commercial-vehicle-transport\\\/\",\"url\":\"https:\\\/\\\/qualitrans.hu\\\/en\\\/commercial-vehicle-transport\\\/\",\"name\":\"Commercial vehicle transport - Qualitrans - English\",\"isPartOf\":{\"@id\":\"https:\\\/\\\/qualitrans.hu\\\/en\\\/#website\"},\"primaryImageOfPage\":{\"@id\":\"https:\\\/\\\/qualitrans.hu\\\/en\\\/commercial-vehicle-transport\\\/#primaryimage\"},\"image\":{\"@id\":\"https:\\\/\\\/qualitrans.hu\\\/en\\\/commercial-vehicle-transport\\\/#primaryimage\"},\"thumbnailUrl\":\"https:\\\/\\\/qualitrans.hu\\\/en\\\/wp-content\\\/uploads\\\/sites\\\/2\\\/2016\\\/12\\\/front-2.jpg\",\"datePublished\":\"2015-06-18T19:46:00+00:00\",\"dateModified\":\"2017-01-10T08:30:26+00:00\",\"breadcrumb\":{\"@id\":\"https:\\\/\\\/qualitrans.hu\\\/en\\\/commercial-vehicle-transport\\\/#breadcrumb\"},\"inLanguage\":\"hu\",\"potentialAction\":[{\"@type\":\"ReadAction\",\"target\":[\"https:\\\/\\\/qualitrans.hu\\\/en\\\/commercial-vehicle-transport\\\/\"]}]},{\"@type\":\"ImageObject\",\"inLanguage\":\"hu\",\"@id\":\"https:\\\/\\\/qualitrans.hu\\\/en\\\/commercial-vehicle-transport\\\/#primaryimage\",\"url\":\"https:\\\/\\\/qualitrans.hu\\\/en\\\/wp-content\\\/uploads\\\/sites\\\/2\\\/2016\\\/12\\\/front-2.jpg\",\"contentUrl\":\"https:\\\/\\\/qualitrans.hu\\\/en\\\/wp-content\\\/uploads\\\/sites\\\/2\\\/2016\\\/12\\\/front-2.jpg\",\"width\":1200,\"height\":798},{\"@type\":\"BreadcrumbList\",\"@id\":\"https:\\\/\\\/qualitrans.hu\\\/en\\\/commercial-vehicle-transport\\\/#breadcrumb\",\"itemListElement\":[{\"@type\":\"ListItem\",\"position\":1,\"name\":\"Home\",\"item\":\"https:\\\/\\\/qualitrans.hu\\\/en\\\/\"},{\"@type\":\"ListItem\",\"position\":2,\"name\":\"Commercial vehicle transport\"}]},{\"@type\":\"WebSite\",\"@id\":\"https:\\\/\\\/qualitrans.hu\\\/en\\\/#website\",\"url\":\"https:\\\/\\\/qualitrans.hu\\\/en\\\/\",\"name\":\"Qualitrans - English\",\"description\":\"27 years in the business of international road freight transport\",\"potentialAction\":[{\"@type\":\"SearchAction\",\"target\":{\"@type\":\"EntryPoint\",\"urlTemplate\":\"https:\\\/\\\/qualitrans.hu\\\/en\\\/?s={search_term_string}\"},\"query-input\":{\"@type\":\"PropertyValueSpecification\",\"valueRequired\":true,\"valueName\":\"search_term_string\"}}],\"inLanguage\":\"hu\"}]}<\/script>\n<!-- \/ Yoast SEO plugin. -->","yoast_head_json":{"title":"Commercial vehicle transport - Qualitrans - English","robots":{"index":"index","follow":"follow","max-snippet":"max-snippet:-1","max-image-preview":"max-image-preview:large","max-video-preview":"max-video-preview:-1"},"canonical":"https:\/\/qualitrans.hu\/en\/commercial-vehicle-transport\/","og_locale":"hu_HU","og_type":"article","og_title":"Commercial vehicle transport - Qualitrans - English","og_description":"The fleet of our commercial vehicle trailers consists of a number of specialized bodywork structures. Our staff is at your disposal in planning the transport route and recommending the best fit for your cargo. Our staff of specially trained drivers is responsible for loading and fixing the vehicles on the trailers. All trailers for commercial [&hellip;]","og_url":"https:\/\/qualitrans.hu\/en\/commercial-vehicle-transport\/","og_site_name":"Qualitrans - English","article_modified_time":"2017-01-10T08:30:26+00:00","og_image":[{"width":1200,"height":798,"url":"https:\/\/qualitrans.hu\/en\/wp-content\/uploads\/sites\/2\/2016\/12\/front-2.jpg","type":"image\/jpeg"}],"twitter_card":"summary_large_image","twitter_misc":{"Becs\u00fclt olvas\u00e1si id\u0151":"1 perc"},"schema":{"@context":"https:\/\/schema.org","@graph":[{"@type":"WebPage","@id":"https:\/\/qualitrans.hu\/en\/commercial-vehicle-transport\/","url":"https:\/\/qualitrans.hu\/en\/commercial-vehicle-transport\/","name":"Commercial vehicle transport - Qualitrans - English","isPartOf":{"@id":"https:\/\/qualitrans.hu\/en\/#website"},"primaryImageOfPage":{"@id":"https:\/\/qualitrans.hu\/en\/commercial-vehicle-transport\/#primaryimage"},"image":{"@id":"https:\/\/qualitrans.hu\/en\/commercial-vehicle-transport\/#primaryimage"},"thumbnailUrl":"https:\/\/qualitrans.hu\/en\/wp-content\/uploads\/sites\/2\/2016\/12\/front-2.jpg","datePublished":"2015-06-18T19:46:00+00:00","dateModified":"2017-01-10T08:30:26+00:00","breadcrumb":{"@id":"https:\/\/qualitrans.hu\/en\/commercial-vehicle-transport\/#breadcrumb"},"inLanguage":"hu","potentialAction":[{"@type":"ReadAction","target":["https:\/\/qualitrans.hu\/en\/commercial-vehicle-transport\/"]}]},{"@type":"ImageObject","inLanguage":"hu","@id":"https:\/\/qualitrans.hu\/en\/commercial-vehicle-transport\/#primaryimage","url":"https:\/\/qualitrans.hu\/en\/wp-content\/uploads\/sites\/2\/2016\/12\/front-2.jpg","contentUrl":"https:\/\/qualitrans.hu\/en\/wp-content\/uploads\/sites\/2\/2016\/12\/front-2.jpg","width":1200,"height":798},{"@type":"BreadcrumbList","@id":"https:\/\/qualitrans.hu\/en\/commercial-vehicle-transport\/#breadcrumb","itemListElement":[{"@type":"ListItem","position":1,"name":"Home","item":"https:\/\/qualitrans.hu\/en\/"},{"@type":"ListItem","position":2,"name":"Commercial vehicle transport"}]},{"@type":"WebSite","@id":"https:\/\/qualitrans.hu\/en\/#website","url":"https:\/\/qualitrans.hu\/en\/","name":"Qualitrans - English","description":"27 years in the business of international road freight transport","potentialAction":[{"@type":"SearchAction","target":{"@type":"EntryPoint","urlTemplate":"https:\/\/qualitrans.hu\/en\/?s={search_term_string}"},"query-input":{"@type":"PropertyValueSpecification","valueRequired":true,"valueName":"search_term_string"}}],"inLanguage":"hu"}]}},"_links":{"self":[{"href":"https:\/\/qualitrans.hu\/en\/wp-json\/wp\/v2\/pages\/21","targetHints":{"allow":["GET"]}}],"collection":[{"href":"https:\/\/qualitrans.hu\/en\/wp-json\/wp\/v2\/pages"}],"about":[{"href":"https:\/\/qualitrans.hu\/en\/wp-json\/wp\/v2\/types\/page"}],"author":[{"embeddable":true,"href":"https:\/\/qualitrans.hu\/en\/wp-json\/wp\/v2\/users\/1"}],"replies":[{"embeddable":true,"href":"https:\/\/qualitrans.hu\/en\/wp-json\/wp\/v2\/comments?post=21"}],"version-history":[{"count":8,"href":"https:\/\/qualitrans.hu\/en\/wp-json\/wp\/v2\/pages\/21\/revisions"}],"predecessor-version":[{"id":290,"href":"https:\/\/qualitrans.hu\/en\/wp-json\/wp\/v2\/pages\/21\/revisions\/290"}],"wp:featuredmedia":[{"embeddable":true,"href":"https:\/\/qualitrans.hu\/en\/wp-json\/wp\/v2\/media\/201"}],"wp:attachment":[{"href":"https:\/\/qualitrans.hu\/en\/wp-json\/wp\/v2\/media?parent=21"}],"curies":[{"name":"wp","href":"https:\/\/api.w.org\/{rel}","templated":true}]}}