{"id":38,"date":"2015-06-18T19:55:16","date_gmt":"2015-06-18T19:55:16","guid":{"rendered":"http:\/\/qualitrans.hu\/en\/?page_id=38"},"modified":"2019-02-28T12:03:00","modified_gmt":"2019-02-28T10:03:00","slug":"contact","status":"publish","type":"page","link":"https:\/\/qualitrans.hu\/en\/contact\/","title":{"rendered":"Contact"},"content":{"rendered":"<div class=\"row content-cards\">\n<div class=\"col-md-3 col-sm-3\">\n<figure><img decoding=\"async\" class=\"img-responsive\" src=\"http:\/\/qualitrans.hu\/en\/wp-content\/uploads\/sites\/2\/2016\/12\/ferfi.jpg\" alt=\"Aut\u00f3sz\u00e1ll\u00edt\u00e1s\" \/><\/figure>\n<\/div>\n<div class=\"col-md-9 col-sm-9 contacts\">\n<h3>K\u00fcbler G\u00e1bor<\/h3>\n<h4>head of logistics<\/h4>\n<p>Telephone: <a href=\"tel:+3678416021\">+36 78\u00a0416\u00a0021<\/a><\/p>\n<p>Facsimile: <a href=\"tel:+3678416180\">+36 78\u00a0416\u00a0180<\/a><\/p>\n<p>Cell phone: <a href=\"tel:+3678416180\">+36 78\u00a0416\u00a0180<\/a><\/p>\n<p><a href=\"mailto:kuebler@qualitrans.hu\">kuebler@qualitrans.hu<\/a><\/p>\n<\/div>\n<\/div>\n<div class=\"row content-cards\">\n<div class=\"col-md-3 col-sm-3\">\n<figure><img decoding=\"async\" class=\"img-responsive\" src=\"http:\/\/qualitrans.hu\/en\/wp-content\/uploads\/sites\/2\/2016\/12\/no.jpg\" alt=\"Aut\u00f3sz\u00e1ll\u00edt\u00e1s\" \/><\/figure>\n<\/div>\n<div class=\"col-md-9 col-sm-9 contacts\">\n<h3>Ildik\u00f3 Urb\u00e1n<\/h3>\n<h4>forwarder, combine transport<\/h4>\n<p>Telephone: <a href=\"tel:+3678516011\">+36 78\u00a0516\u00a0011<\/a><\/p>\n<p>Facsimile: <a href=\"tel:+3678416180\">+36 78\u00a0416\u00a0180<\/a><\/p>\n<p>Cell phone: <a href=\"tel:+36306385658\">+36 30\u00a0638\u00a05658<\/a><\/p>\n<p><a href=\"mailto:urbanildi@qualitrans.hu\">urbanildi@qualitrans.hu<\/a><\/p>\n<\/div>\n<\/div>\n<div class=\"row content-cards\">\n<div class=\"col-md-3 col-sm-3\">\n<figure><img decoding=\"async\" class=\"img-responsive\" src=\"http:\/\/qualitrans.hu\/en\/wp-content\/uploads\/sites\/2\/2016\/12\/ferfi.jpg\" alt=\"Aut\u00f3sz\u00e1ll\u00edt\u00e1s\" \/><\/figure>\n<\/div>\n<div class=\"col-md-9 col-sm-9 contacts\">\n<h3>Tam\u00e1s Anisity<\/h3>\n<h4>commercial vehicle transport<\/h4>\n<p>Telephone: <a href=\"tel:+3678566022\">+36 78\u00a0566\u00a0022<\/a><\/p>\n<p>Facsimile: <a href=\"tel:+3678416180\">+36 78\u00a0416\u00a0180<\/a><\/p>\n<p>Cell phone: <a href=\"tel:+36307460124\">+36 30\u00a0746\u00a00124<\/a><\/p>\n<p><a href=\"mailto:anisity@qualitrans.hu\">anisity@qualitrans.hu<\/a><\/p>\n<\/div>\n<\/div>\n<div class=\"row content-cards\">\n<div class=\"col-md-3 col-sm-3\">\n<figure><img decoding=\"async\" class=\"img-responsive\" src=\"http:\/\/qualitrans.hu\/en\/wp-content\/uploads\/sites\/2\/2016\/12\/no.jpg\" alt=\"Aut\u00f3sz\u00e1ll\u00edt\u00e1s\" \/><\/figure>\n<\/div>\n<div class=\"col-md-9 col-sm-9 contacts\">\n<h3>Csilla Cz\u00e1r<\/h3>\n<h4>forwarder, conventional transport<\/h4>\n<p>Telephone: <a href=\"tel:+3678516010\">+36 78\u00a0516\u00a0010<\/a><\/p>\n<p>Facsimile: <a href=\"tel:+3678416180\">+36 78\u00a0416\u00a0180<\/a><\/p>\n<p>Cell phone: <a href=\"tel:+36302074955\">+36 30\u00a0207\u00a04955<\/a><\/p>\n<p><a href=\"mailto:csilla.czar@qualitrans.hu\">csilla.czar@qualitrans.hu<\/a><\/p>\n<\/div>\n<\/div>\n<div class=\"row content-cards\">\n<div class=\"col-md-3 col-sm-3\">\n<figure><img decoding=\"async\" class=\"img-responsive\" src=\"http:\/\/qualitrans.hu\/en\/wp-content\/uploads\/sites\/2\/2016\/12\/ferfi.jpg\" alt=\"Aut\u00f3sz\u00e1ll\u00edt\u00e1s\" \/><\/figure>\n<\/div>\n<div class=\"col-md-9 col-sm-9 contacts\">\n<h3>Tibor Vincze<\/h3>\n<h4>forwarder, car transport<\/h4>\n<p>Telephone: <a href=\"tel:+3678516024\">+36 78\u00a0516\u00a0024<\/a><\/p>\n<p>Facsimile: <a href=\"tel:+3678416180\">+36 78\u00a0416\u00a0180<\/a><\/p>\n<p>Cell phone: <a href=\"tel:+36302288807\">+36 30\u00a0228\u00a08807<\/a><\/p>\n<p><a href=\"mailto:vinczetibor@qualitrans.hu\">vinczetibor@qualitrans.hu<\/a><\/p>\n<\/div>\n<\/div>\n<div class=\"row content-cards\">\n<div class=\"col-md-3 col-sm-3\">\n<figure><img decoding=\"async\" class=\"img-responsive\" src=\"http:\/\/qualitrans.hu\/en\/wp-content\/uploads\/sites\/2\/2016\/12\/no.jpg\" alt=\"Aut\u00f3sz\u00e1ll\u00edt\u00e1s\" \/><\/figure>\n<\/div>\n<div class=\"col-md-9 col-sm-9 contacts\">\n<h3>Katalin Orosz<\/h3>\n<h4>insurance administrator<\/h4>\n<p>Telephone: <a href=\"tel:+3678566017\">+36 78\u00a0566\u00a0017<\/a><\/p>\n<p>Facsimile: <a href=\"tel:+3678416180\">+36 78\u00a0416\u00a0180<\/a><\/p>\n<p>Cell phone: <a href=\"tel:+36304158459\">+36 30\u00a0415\u00a08459<\/a><\/p>\n<p><a href=\"mailto:oroszkati@qualitrans.hu\">oroszkati@qualitrans.hu<\/a><\/p>\n<\/div>\n<\/div>\n","protected":false},"excerpt":{"rendered":"<p>K\u00fcbler G\u00e1bor head of logistics Telephone: +36 78\u00a0416\u00a0021 Facsimile: +36 78\u00a0416\u00a0180 Cell phone: +36 78\u00a0416\u00a0180 kuebler@qualitrans.hu Ildik\u00f3 Urb\u00e1n forwarder, combine transport Telephone: +36 78\u00a0516\u00a0011 Facsimile: +36 78\u00a0416\u00a0180 Cell phone: +36 30\u00a0638\u00a05658 urbanildi@qualitrans.hu Tam\u00e1s Anisity commercial vehicle transport Telephone: +36 78\u00a0566\u00a0022 Facsimile: +36 78\u00a0416\u00a0180 Cell phone: +36 30\u00a0746\u00a00124 anisity@qualitrans.hu Csilla Cz\u00e1r forwarder, conventional transport Telephone: +36 [&hellip;]<\/p>\n","protected":false},"author":1,"featured_media":0,"parent":0,"menu_order":0,"comment_status":"open","ping_status":"open","template":"","meta":{"_acf_changed":false,"footnotes":""},"class_list":["post-38","page","type-page","status-publish","hentry"],"acf":[],"yoast_head":"<!-- This site is optimized with the Yoast SEO plugin v27.3 - https:\/\/yoast.com\/product\/yoast-seo-wordpress\/ -->\n<title>Contact - Qualitrans - English<\/title>\n<meta name=\"robots\" content=\"index, follow, max-snippet:-1, max-image-preview:large, max-video-preview:-1\" \/>\n<link rel=\"canonical\" href=\"https:\/\/qualitrans.hu\/en\/contact\/\" \/>\n<meta property=\"og:locale\" content=\"hu_HU\" \/>\n<meta property=\"og:type\" content=\"article\" \/>\n<meta property=\"og:title\" content=\"Contact - Qualitrans - English\" \/>\n<meta property=\"og:description\" content=\"K\u00fcbler G\u00e1bor head of logistics Telephone: +36 78\u00a0416\u00a0021 Facsimile: +36 78\u00a0416\u00a0180 Cell phone: +36 78\u00a0416\u00a0180 kuebler@qualitrans.hu Ildik\u00f3 Urb\u00e1n forwarder, combine transport Telephone: +36 78\u00a0516\u00a0011 Facsimile: +36 78\u00a0416\u00a0180 Cell phone: +36 30\u00a0638\u00a05658 urbanildi@qualitrans.hu Tam\u00e1s Anisity commercial vehicle transport Telephone: +36 78\u00a0566\u00a0022 Facsimile: +36 78\u00a0416\u00a0180 Cell phone: +36 30\u00a0746\u00a00124 anisity@qualitrans.hu Csilla Cz\u00e1r forwarder, conventional transport Telephone: +36 [&hellip;]\" \/>\n<meta property=\"og:url\" content=\"https:\/\/qualitrans.hu\/en\/contact\/\" \/>\n<meta property=\"og:site_name\" content=\"Qualitrans - English\" \/>\n<meta property=\"article:modified_time\" content=\"2019-02-28T10:03:00+00:00\" \/>\n<meta property=\"og:image\" content=\"http:\/\/qualitrans.hu\/en\/wp-content\/uploads\/sites\/2\/2016\/12\/ferfi.jpg\" \/>\n<meta name=\"twitter:card\" content=\"summary_large_image\" \/>\n<script type=\"application\/ld+json\" class=\"yoast-schema-graph\">{\"@context\":\"https:\\\/\\\/schema.org\",\"@graph\":[{\"@type\":\"WebPage\",\"@id\":\"https:\\\/\\\/qualitrans.hu\\\/en\\\/contact\\\/\",\"url\":\"https:\\\/\\\/qualitrans.hu\\\/en\\\/contact\\\/\",\"name\":\"Contact - Qualitrans - English\",\"isPartOf\":{\"@id\":\"https:\\\/\\\/qualitrans.hu\\\/en\\\/#website\"},\"primaryImageOfPage\":{\"@id\":\"https:\\\/\\\/qualitrans.hu\\\/en\\\/contact\\\/#primaryimage\"},\"image\":{\"@id\":\"https:\\\/\\\/qualitrans.hu\\\/en\\\/contact\\\/#primaryimage\"},\"thumbnailUrl\":\"http:\\\/\\\/qualitrans.hu\\\/en\\\/wp-content\\\/uploads\\\/sites\\\/2\\\/2016\\\/12\\\/ferfi.jpg\",\"datePublished\":\"2015-06-18T19:55:16+00:00\",\"dateModified\":\"2019-02-28T10:03:00+00:00\",\"breadcrumb\":{\"@id\":\"https:\\\/\\\/qualitrans.hu\\\/en\\\/contact\\\/#breadcrumb\"},\"inLanguage\":\"hu\",\"potentialAction\":[{\"@type\":\"ReadAction\",\"target\":[\"https:\\\/\\\/qualitrans.hu\\\/en\\\/contact\\\/\"]}]},{\"@type\":\"ImageObject\",\"inLanguage\":\"hu\",\"@id\":\"https:\\\/\\\/qualitrans.hu\\\/en\\\/contact\\\/#primaryimage\",\"url\":\"http:\\\/\\\/qualitrans.hu\\\/en\\\/wp-content\\\/uploads\\\/sites\\\/2\\\/2016\\\/12\\\/ferfi.jpg\",\"contentUrl\":\"http:\\\/\\\/qualitrans.hu\\\/en\\\/wp-content\\\/uploads\\\/sites\\\/2\\\/2016\\\/12\\\/ferfi.jpg\"},{\"@type\":\"BreadcrumbList\",\"@id\":\"https:\\\/\\\/qualitrans.hu\\\/en\\\/contact\\\/#breadcrumb\",\"itemListElement\":[{\"@type\":\"ListItem\",\"position\":1,\"name\":\"Home\",\"item\":\"https:\\\/\\\/qualitrans.hu\\\/en\\\/\"},{\"@type\":\"ListItem\",\"position\":2,\"name\":\"Contact\"}]},{\"@type\":\"WebSite\",\"@id\":\"https:\\\/\\\/qualitrans.hu\\\/en\\\/#website\",\"url\":\"https:\\\/\\\/qualitrans.hu\\\/en\\\/\",\"name\":\"Qualitrans - English\",\"description\":\"27 years in the business of international road freight transport\",\"potentialAction\":[{\"@type\":\"SearchAction\",\"target\":{\"@type\":\"EntryPoint\",\"urlTemplate\":\"https:\\\/\\\/qualitrans.hu\\\/en\\\/?s={search_term_string}\"},\"query-input\":{\"@type\":\"PropertyValueSpecification\",\"valueRequired\":true,\"valueName\":\"search_term_string\"}}],\"inLanguage\":\"hu\"}]}<\/script>\n<!-- \/ Yoast SEO plugin. -->","yoast_head_json":{"title":"Contact - Qualitrans - English","robots":{"index":"index","follow":"follow","max-snippet":"max-snippet:-1","max-image-preview":"max-image-preview:large","max-video-preview":"max-video-preview:-1"},"canonical":"https:\/\/qualitrans.hu\/en\/contact\/","og_locale":"hu_HU","og_type":"article","og_title":"Contact - Qualitrans - English","og_description":"K\u00fcbler G\u00e1bor head of logistics Telephone: +36 78\u00a0416\u00a0021 Facsimile: +36 78\u00a0416\u00a0180 Cell phone: +36 78\u00a0416\u00a0180 kuebler@qualitrans.hu Ildik\u00f3 Urb\u00e1n forwarder, combine transport Telephone: +36 78\u00a0516\u00a0011 Facsimile: +36 78\u00a0416\u00a0180 Cell phone: +36 30\u00a0638\u00a05658 urbanildi@qualitrans.hu Tam\u00e1s Anisity commercial vehicle transport Telephone: +36 78\u00a0566\u00a0022 Facsimile: +36 78\u00a0416\u00a0180 Cell phone: +36 30\u00a0746\u00a00124 anisity@qualitrans.hu Csilla Cz\u00e1r forwarder, conventional transport Telephone: +36 [&hellip;]","og_url":"https:\/\/qualitrans.hu\/en\/contact\/","og_site_name":"Qualitrans - English","article_modified_time":"2019-02-28T10:03:00+00:00","og_image":[{"url":"http:\/\/qualitrans.hu\/en\/wp-content\/uploads\/sites\/2\/2016\/12\/ferfi.jpg","type":"","width":"","height":""}],"twitter_card":"summary_large_image","schema":{"@context":"https:\/\/schema.org","@graph":[{"@type":"WebPage","@id":"https:\/\/qualitrans.hu\/en\/contact\/","url":"https:\/\/qualitrans.hu\/en\/contact\/","name":"Contact - Qualitrans - English","isPartOf":{"@id":"https:\/\/qualitrans.hu\/en\/#website"},"primaryImageOfPage":{"@id":"https:\/\/qualitrans.hu\/en\/contact\/#primaryimage"},"image":{"@id":"https:\/\/qualitrans.hu\/en\/contact\/#primaryimage"},"thumbnailUrl":"http:\/\/qualitrans.hu\/en\/wp-content\/uploads\/sites\/2\/2016\/12\/ferfi.jpg","datePublished":"2015-06-18T19:55:16+00:00","dateModified":"2019-02-28T10:03:00+00:00","breadcrumb":{"@id":"https:\/\/qualitrans.hu\/en\/contact\/#breadcrumb"},"inLanguage":"hu","potentialAction":[{"@type":"ReadAction","target":["https:\/\/qualitrans.hu\/en\/contact\/"]}]},{"@type":"ImageObject","inLanguage":"hu","@id":"https:\/\/qualitrans.hu\/en\/contact\/#primaryimage","url":"http:\/\/qualitrans.hu\/en\/wp-content\/uploads\/sites\/2\/2016\/12\/ferfi.jpg","contentUrl":"http:\/\/qualitrans.hu\/en\/wp-content\/uploads\/sites\/2\/2016\/12\/ferfi.jpg"},{"@type":"BreadcrumbList","@id":"https:\/\/qualitrans.hu\/en\/contact\/#breadcrumb","itemListElement":[{"@type":"ListItem","position":1,"name":"Home","item":"https:\/\/qualitrans.hu\/en\/"},{"@type":"ListItem","position":2,"name":"Contact"}]},{"@type":"WebSite","@id":"https:\/\/qualitrans.hu\/en\/#website","url":"https:\/\/qualitrans.hu\/en\/","name":"Qualitrans - English","description":"27 years in the business of international road freight transport","potentialAction":[{"@type":"SearchAction","target":{"@type":"EntryPoint","urlTemplate":"https:\/\/qualitrans.hu\/en\/?s={search_term_string}"},"query-input":{"@type":"PropertyValueSpecification","valueRequired":true,"valueName":"search_term_string"}}],"inLanguage":"hu"}]}},"_links":{"self":[{"href":"https:\/\/qualitrans.hu\/en\/wp-json\/wp\/v2\/pages\/38","targetHints":{"allow":["GET"]}}],"collection":[{"href":"https:\/\/qualitrans.hu\/en\/wp-json\/wp\/v2\/pages"}],"about":[{"href":"https:\/\/qualitrans.hu\/en\/wp-json\/wp\/v2\/types\/page"}],"author":[{"embeddable":true,"href":"https:\/\/qualitrans.hu\/en\/wp-json\/wp\/v2\/users\/1"}],"replies":[{"embeddable":true,"href":"https:\/\/qualitrans.hu\/en\/wp-json\/wp\/v2\/comments?post=38"}],"version-history":[{"count":14,"href":"https:\/\/qualitrans.hu\/en\/wp-json\/wp\/v2\/pages\/38\/revisions"}],"predecessor-version":[{"id":301,"href":"https:\/\/qualitrans.hu\/en\/wp-json\/wp\/v2\/pages\/38\/revisions\/301"}],"wp:attachment":[{"href":"https:\/\/qualitrans.hu\/en\/wp-json\/wp\/v2\/media?parent=38"}],"curies":[{"name":"wp","href":"https:\/\/api.w.org\/{rel}","templated":true}]}}