{"id":52,"date":"2015-06-22T19:47:34","date_gmt":"2015-06-22T19:47:34","guid":{"rendered":"http:\/\/qualitrans.hu\/en\/?page_id=52"},"modified":"2016-12-20T15:08:56","modified_gmt":"2016-12-20T13:08:56","slug":"fooldal","status":"publish","type":"page","link":"https:\/\/qualitrans.hu\/en\/","title":{"rendered":"F\u0150OLDAL"},"content":{"rendered":"<div class=\"row\">\n<div class=\"col-md-4 col-sm-6\">\n<div class=\"lead-cards\">\n<figure><a href=\"http:\/\/qualitrans.hu\/en\/passenger-car-transport-2\/\"><img decoding=\"async\" class=\"img-responsive\" src=\"http:\/\/qualitrans.hu\/en\/wp-content\/uploads\/sites\/2\/2015\/06\/front-1.jpg\" alt=\"Aut\u00f3sz\u00e1ll\u00edt\u00e1s\" \/><\/a><\/figure>\n<h2><a href=\"http:\/\/qualitrans.hu\/en\/passenger-car-transport-2\/\">Passenger car transport<\/a><\/h2>\n<p>QUALITRANS \u2013 CARGO Ltd. is one of the leading passenger car transport companies in Hungary, looking back to twenty years of experience in this business.<\/p>\n<\/div>\n<\/div>\n<div class=\"col-md-4 col-sm-6\">\n<div class=\"lead-cards\">\n<figure><a href=\"http:\/\/qualitrans.hu\/en\/commercial-vehicle-transport\/\"><img decoding=\"async\" class=\"img-responsive\" src=\"http:\/\/qualitrans.hu\/en\/wp-content\/uploads\/sites\/2\/2016\/12\/front-2.jpg\" alt=\"Haszong\u00e9pj\u00e1rm\u0171 sz\u00e1ll\u00edt\u00e1s\" \/><\/a><\/figure>\n<h2><a href=\"http:\/\/qualitrans.hu\/en\/commercial-vehicle-transport\/\">Commercial vehicle transport<\/a><\/h2>\n<p>QUALITRANS \u2013 CARGO Ltd. is a Europe-wide carrier of commercial vehicles, agricultural machines and construction machinery.<\/p>\n<\/div>\n<\/div>\n<div class=\"col-md-4 col-sm-6\">\n<div class=\"lead-cards\">\n<figure><a href=\"http:\/\/qualitrans.hu\/en\/harvester-transport\/\"><img decoding=\"async\" class=\"img-responsive\" src=\"http:\/\/qualitrans.hu\/en\/wp-content\/uploads\/sites\/2\/2016\/12\/front-3.jpg\" alt=\"Betakar\u00edt\u00f3g\u00e9p sz\u00e1ll\u00edt\u00e1s\" \/><\/a><\/figure>\n<h2><a href=\"http:\/\/qualitrans.hu\/en\/harvester-transport\/\">Harvester transport<\/a><\/h2>\n<p>Have you purchased a second hand harvester abroad? Is it a problem to deliver it to your place? QUALITRANS \u2013 CARGO Ltd. is at your disposal to solve the problem!<\/p>\n<\/div>\n<\/div>\n<div class=\"col-md-4 col-sm-6\">\n<div class=\"lead-cards\">\n<figure><a href=\"http:\/\/qualitrans.hu\/en\/conventional-transport\/\"><img decoding=\"async\" class=\"img-responsive\" src=\"http:\/\/qualitrans.hu\/en\/wp-content\/uploads\/sites\/2\/2016\/12\/front-4.jpg\" alt=\"Konvencion\u00e1lis sz\u00e1ll\u00edt\u00e1s\" \/><\/a><\/figure>\n<h2><a href=\"http:\/\/qualitrans.hu\/en\/conventional-transport\/\">Conventional transport<\/a><\/h2>\n<p>A Qualitrans \u2013 Cargo Kft. konvencion\u00e1lis fuvaroz\u00e1sra alkalmas j\u00e1rm\u0171parkja 13,6-os s\u00edkplat\u00f3s szerelv\u00e9nyb\u0151l \u00e1ll.<\/p>\n<\/div>\n<\/div>\n<div class=\"col-md-4 col-sm-6\">\n<div class=\"lead-cards\">\n<figure><a href=\"http:\/\/qualitrans.hu\/en\/motor-vehicle-storage\/\"><img decoding=\"async\" class=\"img-responsive\" src=\"http:\/\/qualitrans.hu\/en\/wp-content\/uploads\/sites\/2\/2016\/12\/front-5.jpg\" alt=\"G\u00e9pj\u00e1rm\u0171 rakt\u00e1roz\u00e1s\" \/><\/a><\/figure>\n<h2><a href=\"http:\/\/qualitrans.hu\/en\/motor-vehicle-storage\/\">Motor vehicle storage<\/a><\/h2>\n<p>C\u00e9g\u00fcnk kom\u00e1romi telephely\u00e9n 7000 m2 \u2013 es nyitott rakt\u00e1r \u00e1ll megb\u00edz\u00f3ink rendelkez\u00e9s\u00e9re.<\/p>\n<\/div>\n<\/div>\n<div class=\"col-md-4 col-sm-6\">\n<div class=\"lead-cards\">\n<figure><a href=\"http:\/\/qualitrans.hu\/en\/maintenance-washing\/\"><img decoding=\"async\" class=\"img-responsive\" src=\"http:\/\/qualitrans.hu\/en\/wp-content\/uploads\/sites\/2\/2016\/12\/front-6.jpg\" alt=\"Szerv\u00edz, kamionmos\u00f3\" \/><\/a><\/figure>\n<h2><a href=\"http:\/\/qualitrans.hu\/en\/maintenance-washing\/\">Maintenance shop, truck washing<\/a><\/h2>\n<p>Upon arrival to the sites our vehicles undergo comprehensive review of technical and exterior condition.<\/p>\n<\/div>\n<\/div>\n<\/div>\n","protected":false},"excerpt":{"rendered":"<p>Passenger car transport QUALITRANS \u2013 CARGO Ltd. is one of the leading passenger car transport companies in Hungary, looking back to twenty years of experience in this business. Commercial vehicle transport QUALITRANS \u2013 CARGO Ltd. is a Europe-wide carrier of commercial vehicles, agricultural machines and construction machinery. Harvester transport Have you purchased a second hand [&hellip;]<\/p>\n","protected":false},"author":1,"featured_media":0,"parent":0,"menu_order":0,"comment_status":"open","ping_status":"open","template":"","meta":{"_acf_changed":false,"footnotes":""},"class_list":["post-52","page","type-page","status-publish","hentry"],"acf":[],"yoast_head":"<!-- This site is optimized with the Yoast SEO plugin v27.3 - https:\/\/yoast.com\/product\/yoast-seo-wordpress\/ -->\n<title>F\u0150OLDAL - Qualitrans - English<\/title>\n<meta name=\"robots\" content=\"index, follow, max-snippet:-1, max-image-preview:large, max-video-preview:-1\" \/>\n<link rel=\"canonical\" href=\"https:\/\/qualitrans.hu\/en\/\" \/>\n<meta property=\"og:locale\" content=\"hu_HU\" \/>\n<meta property=\"og:type\" content=\"article\" \/>\n<meta property=\"og:title\" content=\"F\u0150OLDAL - Qualitrans - English\" \/>\n<meta property=\"og:description\" content=\"Passenger car transport QUALITRANS \u2013 CARGO Ltd. is one of the leading passenger car transport companies in Hungary, looking back to twenty years of experience in this business. Commercial vehicle transport QUALITRANS \u2013 CARGO Ltd. is a Europe-wide carrier of commercial vehicles, agricultural machines and construction machinery. Harvester transport Have you purchased a second hand [&hellip;]\" \/>\n<meta property=\"og:url\" content=\"https:\/\/qualitrans.hu\/en\/\" \/>\n<meta property=\"og:site_name\" content=\"Qualitrans - English\" \/>\n<meta property=\"article:modified_time\" content=\"2016-12-20T13:08:56+00:00\" \/>\n<meta property=\"og:image\" content=\"http:\/\/qualitrans.hu\/en\/wp-content\/uploads\/sites\/2\/2015\/06\/front-1.jpg\" \/>\n<meta name=\"twitter:card\" content=\"summary_large_image\" \/>\n<meta name=\"twitter:label1\" content=\"Becs\u00fclt olvas\u00e1si id\u0151\" \/>\n\t<meta name=\"twitter:data1\" content=\"1 perc\" \/>\n<script type=\"application\/ld+json\" class=\"yoast-schema-graph\">{\"@context\":\"https:\\\/\\\/schema.org\",\"@graph\":[{\"@type\":\"WebPage\",\"@id\":\"https:\\\/\\\/qualitrans.hu\\\/en\\\/\",\"url\":\"https:\\\/\\\/qualitrans.hu\\\/en\\\/\",\"name\":\"F\u0150OLDAL - Qualitrans - English\",\"isPartOf\":{\"@id\":\"https:\\\/\\\/qualitrans.hu\\\/en\\\/#website\"},\"primaryImageOfPage\":{\"@id\":\"https:\\\/\\\/qualitrans.hu\\\/en\\\/#primaryimage\"},\"image\":{\"@id\":\"https:\\\/\\\/qualitrans.hu\\\/en\\\/#primaryimage\"},\"thumbnailUrl\":\"http:\\\/\\\/qualitrans.hu\\\/en\\\/wp-content\\\/uploads\\\/sites\\\/2\\\/2015\\\/06\\\/front-1.jpg\",\"datePublished\":\"2015-06-22T19:47:34+00:00\",\"dateModified\":\"2016-12-20T13:08:56+00:00\",\"breadcrumb\":{\"@id\":\"https:\\\/\\\/qualitrans.hu\\\/en\\\/#breadcrumb\"},\"inLanguage\":\"hu\",\"potentialAction\":[{\"@type\":\"ReadAction\",\"target\":[\"https:\\\/\\\/qualitrans.hu\\\/en\\\/\"]}]},{\"@type\":\"ImageObject\",\"inLanguage\":\"hu\",\"@id\":\"https:\\\/\\\/qualitrans.hu\\\/en\\\/#primaryimage\",\"url\":\"http:\\\/\\\/qualitrans.hu\\\/en\\\/wp-content\\\/uploads\\\/sites\\\/2\\\/2015\\\/06\\\/front-1.jpg\",\"contentUrl\":\"http:\\\/\\\/qualitrans.hu\\\/en\\\/wp-content\\\/uploads\\\/sites\\\/2\\\/2015\\\/06\\\/front-1.jpg\"},{\"@type\":\"BreadcrumbList\",\"@id\":\"https:\\\/\\\/qualitrans.hu\\\/en\\\/#breadcrumb\",\"itemListElement\":[{\"@type\":\"ListItem\",\"position\":1,\"name\":\"Home\",\"item\":\"https:\\\/\\\/qualitrans.hu\\\/en\\\/\"},{\"@type\":\"ListItem\",\"position\":2,\"name\":\"F\u0150OLDAL\"}]},{\"@type\":\"WebSite\",\"@id\":\"https:\\\/\\\/qualitrans.hu\\\/en\\\/#website\",\"url\":\"https:\\\/\\\/qualitrans.hu\\\/en\\\/\",\"name\":\"Qualitrans - English\",\"description\":\"27 years in the business of international road freight transport\",\"potentialAction\":[{\"@type\":\"SearchAction\",\"target\":{\"@type\":\"EntryPoint\",\"urlTemplate\":\"https:\\\/\\\/qualitrans.hu\\\/en\\\/?s={search_term_string}\"},\"query-input\":{\"@type\":\"PropertyValueSpecification\",\"valueRequired\":true,\"valueName\":\"search_term_string\"}}],\"inLanguage\":\"hu\"}]}<\/script>\n<!-- \/ Yoast SEO plugin. -->","yoast_head_json":{"title":"F\u0150OLDAL - Qualitrans - English","robots":{"index":"index","follow":"follow","max-snippet":"max-snippet:-1","max-image-preview":"max-image-preview:large","max-video-preview":"max-video-preview:-1"},"canonical":"https:\/\/qualitrans.hu\/en\/","og_locale":"hu_HU","og_type":"article","og_title":"F\u0150OLDAL - Qualitrans - English","og_description":"Passenger car transport QUALITRANS \u2013 CARGO Ltd. is one of the leading passenger car transport companies in Hungary, looking back to twenty years of experience in this business. Commercial vehicle transport QUALITRANS \u2013 CARGO Ltd. is a Europe-wide carrier of commercial vehicles, agricultural machines and construction machinery. Harvester transport Have you purchased a second hand [&hellip;]","og_url":"https:\/\/qualitrans.hu\/en\/","og_site_name":"Qualitrans - English","article_modified_time":"2016-12-20T13:08:56+00:00","og_image":[{"url":"http:\/\/qualitrans.hu\/en\/wp-content\/uploads\/sites\/2\/2015\/06\/front-1.jpg","type":"","width":"","height":""}],"twitter_card":"summary_large_image","twitter_misc":{"Becs\u00fclt olvas\u00e1si id\u0151":"1 perc"},"schema":{"@context":"https:\/\/schema.org","@graph":[{"@type":"WebPage","@id":"https:\/\/qualitrans.hu\/en\/","url":"https:\/\/qualitrans.hu\/en\/","name":"F\u0150OLDAL - Qualitrans - English","isPartOf":{"@id":"https:\/\/qualitrans.hu\/en\/#website"},"primaryImageOfPage":{"@id":"https:\/\/qualitrans.hu\/en\/#primaryimage"},"image":{"@id":"https:\/\/qualitrans.hu\/en\/#primaryimage"},"thumbnailUrl":"http:\/\/qualitrans.hu\/en\/wp-content\/uploads\/sites\/2\/2015\/06\/front-1.jpg","datePublished":"2015-06-22T19:47:34+00:00","dateModified":"2016-12-20T13:08:56+00:00","breadcrumb":{"@id":"https:\/\/qualitrans.hu\/en\/#breadcrumb"},"inLanguage":"hu","potentialAction":[{"@type":"ReadAction","target":["https:\/\/qualitrans.hu\/en\/"]}]},{"@type":"ImageObject","inLanguage":"hu","@id":"https:\/\/qualitrans.hu\/en\/#primaryimage","url":"http:\/\/qualitrans.hu\/en\/wp-content\/uploads\/sites\/2\/2015\/06\/front-1.jpg","contentUrl":"http:\/\/qualitrans.hu\/en\/wp-content\/uploads\/sites\/2\/2015\/06\/front-1.jpg"},{"@type":"BreadcrumbList","@id":"https:\/\/qualitrans.hu\/en\/#breadcrumb","itemListElement":[{"@type":"ListItem","position":1,"name":"Home","item":"https:\/\/qualitrans.hu\/en\/"},{"@type":"ListItem","position":2,"name":"F\u0150OLDAL"}]},{"@type":"WebSite","@id":"https:\/\/qualitrans.hu\/en\/#website","url":"https:\/\/qualitrans.hu\/en\/","name":"Qualitrans - English","description":"27 years in the business of international road freight transport","potentialAction":[{"@type":"SearchAction","target":{"@type":"EntryPoint","urlTemplate":"https:\/\/qualitrans.hu\/en\/?s={search_term_string}"},"query-input":{"@type":"PropertyValueSpecification","valueRequired":true,"valueName":"search_term_string"}}],"inLanguage":"hu"}]}},"_links":{"self":[{"href":"https:\/\/qualitrans.hu\/en\/wp-json\/wp\/v2\/pages\/52","targetHints":{"allow":["GET"]}}],"collection":[{"href":"https:\/\/qualitrans.hu\/en\/wp-json\/wp\/v2\/pages"}],"about":[{"href":"https:\/\/qualitrans.hu\/en\/wp-json\/wp\/v2\/types\/page"}],"author":[{"embeddable":true,"href":"https:\/\/qualitrans.hu\/en\/wp-json\/wp\/v2\/users\/1"}],"replies":[{"embeddable":true,"href":"https:\/\/qualitrans.hu\/en\/wp-json\/wp\/v2\/comments?post=52"}],"version-history":[{"count":12,"href":"https:\/\/qualitrans.hu\/en\/wp-json\/wp\/v2\/pages\/52\/revisions"}],"predecessor-version":[{"id":207,"href":"https:\/\/qualitrans.hu\/en\/wp-json\/wp\/v2\/pages\/52\/revisions\/207"}],"wp:attachment":[{"href":"https:\/\/qualitrans.hu\/en\/wp-json\/wp\/v2\/media?parent=52"}],"curies":[{"name":"wp","href":"https:\/\/api.w.org\/{rel}","templated":true}]}}