{"id":6,"date":"2015-06-18T19:41:59","date_gmt":"2015-06-18T19:41:59","guid":{"rendered":"http:\/\/qualitrans.hu\/en\/?page_id=6"},"modified":"2016-12-20T15:58:51","modified_gmt":"2016-12-20T13:58:51","slug":"about-us","status":"publish","type":"page","link":"https:\/\/qualitrans.hu\/en\/about-us\/","title":{"rendered":"About us"},"content":{"rendered":"<p>The seat of QUALITRANS \u2013 CARGO is located in Dunaszentbenedek, Hungary. We have a site in the region of Kom\u00e1rom.<\/p>\n<p>QUALITRANS \u2013 CARGO Ltd. is a business 100 % owned by Hungarian nationals, involved in international road freight transport. The core businesses are passenger car and utility vehicle transport, harvester \/ combine transport and conventional freight transport.<\/p>\n<p>In the past period QUALITRANS \u2013 CARGO Ltd. has intensively grown and strengthened its presence in the European markets. We have made efforts to turn our customer relations into solid and long-lasting business ties. Currently our fleet consists of over150 vehicle trains attested for international traffic. QUALITRANS \u2013 CARGO has a staff of 230 qualified and trained employees.<\/p>\n<p>The three corner-stones of our quality services are competence, commitment and experience.<\/p>\n","protected":false},"excerpt":{"rendered":"<p>The seat of QUALITRANS \u2013 CARGO is located in Dunaszentbenedek, Hungary. We have a site in the region of Kom\u00e1rom. QUALITRANS \u2013 CARGO Ltd. is a business 100 % owned by Hungarian nationals, involved in international road freight transport. The core businesses are passenger car and utility vehicle transport, harvester \/ combine transport and conventional [&hellip;]<\/p>\n","protected":false},"author":1,"featured_media":275,"parent":0,"menu_order":0,"comment_status":"open","ping_status":"open","template":"","meta":{"_acf_changed":false,"footnotes":""},"class_list":["post-6","page","type-page","status-publish","has-post-thumbnail","hentry"],"acf":[],"yoast_head":"<!-- This site is optimized with the Yoast SEO plugin v27.3 - https:\/\/yoast.com\/product\/yoast-seo-wordpress\/ -->\n<title>About us - Qualitrans - English<\/title>\n<meta name=\"robots\" content=\"index, follow, max-snippet:-1, max-image-preview:large, max-video-preview:-1\" \/>\n<link rel=\"canonical\" href=\"https:\/\/qualitrans.hu\/en\/about-us\/\" \/>\n<meta property=\"og:locale\" content=\"hu_HU\" \/>\n<meta property=\"og:type\" content=\"article\" \/>\n<meta property=\"og:title\" content=\"About us - Qualitrans - English\" \/>\n<meta property=\"og:description\" content=\"The seat of QUALITRANS \u2013 CARGO is located in Dunaszentbenedek, Hungary. We have a site in the region of Kom\u00e1rom. QUALITRANS \u2013 CARGO Ltd. is a business 100 % owned by Hungarian nationals, involved in international road freight transport. The core businesses are passenger car and utility vehicle transport, harvester \/ combine transport and conventional [&hellip;]\" \/>\n<meta property=\"og:url\" content=\"https:\/\/qualitrans.hu\/en\/about-us\/\" \/>\n<meta property=\"og:site_name\" content=\"Qualitrans - English\" \/>\n<meta property=\"article:modified_time\" content=\"2016-12-20T13:58:51+00:00\" \/>\n<meta property=\"og:image\" content=\"https:\/\/qualitrans.hu\/en\/wp-content\/uploads\/sites\/2\/2015\/06\/Nikon-152.jpg\" \/>\n\t<meta property=\"og:image:width\" content=\"1116\" \/>\n\t<meta property=\"og:image:height\" content=\"742\" \/>\n\t<meta property=\"og:image:type\" content=\"image\/jpeg\" \/>\n<meta name=\"twitter:card\" content=\"summary_large_image\" \/>\n<meta name=\"twitter:label1\" content=\"Becs\u00fclt olvas\u00e1si id\u0151\" \/>\n\t<meta name=\"twitter:data1\" content=\"1 perc\" \/>\n<script type=\"application\/ld+json\" class=\"yoast-schema-graph\">{\"@context\":\"https:\\\/\\\/schema.org\",\"@graph\":[{\"@type\":\"WebPage\",\"@id\":\"https:\\\/\\\/qualitrans.hu\\\/en\\\/about-us\\\/\",\"url\":\"https:\\\/\\\/qualitrans.hu\\\/en\\\/about-us\\\/\",\"name\":\"About us - Qualitrans - English\",\"isPartOf\":{\"@id\":\"https:\\\/\\\/qualitrans.hu\\\/en\\\/#website\"},\"primaryImageOfPage\":{\"@id\":\"https:\\\/\\\/qualitrans.hu\\\/en\\\/about-us\\\/#primaryimage\"},\"image\":{\"@id\":\"https:\\\/\\\/qualitrans.hu\\\/en\\\/about-us\\\/#primaryimage\"},\"thumbnailUrl\":\"https:\\\/\\\/qualitrans.hu\\\/en\\\/wp-content\\\/uploads\\\/sites\\\/2\\\/2015\\\/06\\\/Nikon-152.jpg\",\"datePublished\":\"2015-06-18T19:41:59+00:00\",\"dateModified\":\"2016-12-20T13:58:51+00:00\",\"breadcrumb\":{\"@id\":\"https:\\\/\\\/qualitrans.hu\\\/en\\\/about-us\\\/#breadcrumb\"},\"inLanguage\":\"hu\",\"potentialAction\":[{\"@type\":\"ReadAction\",\"target\":[\"https:\\\/\\\/qualitrans.hu\\\/en\\\/about-us\\\/\"]}]},{\"@type\":\"ImageObject\",\"inLanguage\":\"hu\",\"@id\":\"https:\\\/\\\/qualitrans.hu\\\/en\\\/about-us\\\/#primaryimage\",\"url\":\"https:\\\/\\\/qualitrans.hu\\\/en\\\/wp-content\\\/uploads\\\/sites\\\/2\\\/2015\\\/06\\\/Nikon-152.jpg\",\"contentUrl\":\"https:\\\/\\\/qualitrans.hu\\\/en\\\/wp-content\\\/uploads\\\/sites\\\/2\\\/2015\\\/06\\\/Nikon-152.jpg\",\"width\":1116,\"height\":742},{\"@type\":\"BreadcrumbList\",\"@id\":\"https:\\\/\\\/qualitrans.hu\\\/en\\\/about-us\\\/#breadcrumb\",\"itemListElement\":[{\"@type\":\"ListItem\",\"position\":1,\"name\":\"Home\",\"item\":\"https:\\\/\\\/qualitrans.hu\\\/en\\\/\"},{\"@type\":\"ListItem\",\"position\":2,\"name\":\"About us\"}]},{\"@type\":\"WebSite\",\"@id\":\"https:\\\/\\\/qualitrans.hu\\\/en\\\/#website\",\"url\":\"https:\\\/\\\/qualitrans.hu\\\/en\\\/\",\"name\":\"Qualitrans - English\",\"description\":\"27 years in the business of international road freight transport\",\"potentialAction\":[{\"@type\":\"SearchAction\",\"target\":{\"@type\":\"EntryPoint\",\"urlTemplate\":\"https:\\\/\\\/qualitrans.hu\\\/en\\\/?s={search_term_string}\"},\"query-input\":{\"@type\":\"PropertyValueSpecification\",\"valueRequired\":true,\"valueName\":\"search_term_string\"}}],\"inLanguage\":\"hu\"}]}<\/script>\n<!-- \/ Yoast SEO plugin. -->","yoast_head_json":{"title":"About us - Qualitrans - English","robots":{"index":"index","follow":"follow","max-snippet":"max-snippet:-1","max-image-preview":"max-image-preview:large","max-video-preview":"max-video-preview:-1"},"canonical":"https:\/\/qualitrans.hu\/en\/about-us\/","og_locale":"hu_HU","og_type":"article","og_title":"About us - Qualitrans - English","og_description":"The seat of QUALITRANS \u2013 CARGO is located in Dunaszentbenedek, Hungary. We have a site in the region of Kom\u00e1rom. QUALITRANS \u2013 CARGO Ltd. is a business 100 % owned by Hungarian nationals, involved in international road freight transport. The core businesses are passenger car and utility vehicle transport, harvester \/ combine transport and conventional [&hellip;]","og_url":"https:\/\/qualitrans.hu\/en\/about-us\/","og_site_name":"Qualitrans - English","article_modified_time":"2016-12-20T13:58:51+00:00","og_image":[{"width":1116,"height":742,"url":"https:\/\/qualitrans.hu\/en\/wp-content\/uploads\/sites\/2\/2015\/06\/Nikon-152.jpg","type":"image\/jpeg"}],"twitter_card":"summary_large_image","twitter_misc":{"Becs\u00fclt olvas\u00e1si id\u0151":"1 perc"},"schema":{"@context":"https:\/\/schema.org","@graph":[{"@type":"WebPage","@id":"https:\/\/qualitrans.hu\/en\/about-us\/","url":"https:\/\/qualitrans.hu\/en\/about-us\/","name":"About us - Qualitrans - English","isPartOf":{"@id":"https:\/\/qualitrans.hu\/en\/#website"},"primaryImageOfPage":{"@id":"https:\/\/qualitrans.hu\/en\/about-us\/#primaryimage"},"image":{"@id":"https:\/\/qualitrans.hu\/en\/about-us\/#primaryimage"},"thumbnailUrl":"https:\/\/qualitrans.hu\/en\/wp-content\/uploads\/sites\/2\/2015\/06\/Nikon-152.jpg","datePublished":"2015-06-18T19:41:59+00:00","dateModified":"2016-12-20T13:58:51+00:00","breadcrumb":{"@id":"https:\/\/qualitrans.hu\/en\/about-us\/#breadcrumb"},"inLanguage":"hu","potentialAction":[{"@type":"ReadAction","target":["https:\/\/qualitrans.hu\/en\/about-us\/"]}]},{"@type":"ImageObject","inLanguage":"hu","@id":"https:\/\/qualitrans.hu\/en\/about-us\/#primaryimage","url":"https:\/\/qualitrans.hu\/en\/wp-content\/uploads\/sites\/2\/2015\/06\/Nikon-152.jpg","contentUrl":"https:\/\/qualitrans.hu\/en\/wp-content\/uploads\/sites\/2\/2015\/06\/Nikon-152.jpg","width":1116,"height":742},{"@type":"BreadcrumbList","@id":"https:\/\/qualitrans.hu\/en\/about-us\/#breadcrumb","itemListElement":[{"@type":"ListItem","position":1,"name":"Home","item":"https:\/\/qualitrans.hu\/en\/"},{"@type":"ListItem","position":2,"name":"About us"}]},{"@type":"WebSite","@id":"https:\/\/qualitrans.hu\/en\/#website","url":"https:\/\/qualitrans.hu\/en\/","name":"Qualitrans - English","description":"27 years in the business of international road freight transport","potentialAction":[{"@type":"SearchAction","target":{"@type":"EntryPoint","urlTemplate":"https:\/\/qualitrans.hu\/en\/?s={search_term_string}"},"query-input":{"@type":"PropertyValueSpecification","valueRequired":true,"valueName":"search_term_string"}}],"inLanguage":"hu"}]}},"_links":{"self":[{"href":"https:\/\/qualitrans.hu\/en\/wp-json\/wp\/v2\/pages\/6","targetHints":{"allow":["GET"]}}],"collection":[{"href":"https:\/\/qualitrans.hu\/en\/wp-json\/wp\/v2\/pages"}],"about":[{"href":"https:\/\/qualitrans.hu\/en\/wp-json\/wp\/v2\/types\/page"}],"author":[{"embeddable":true,"href":"https:\/\/qualitrans.hu\/en\/wp-json\/wp\/v2\/users\/1"}],"replies":[{"embeddable":true,"href":"https:\/\/qualitrans.hu\/en\/wp-json\/wp\/v2\/comments?post=6"}],"version-history":[{"count":4,"href":"https:\/\/qualitrans.hu\/en\/wp-json\/wp\/v2\/pages\/6\/revisions"}],"predecessor-version":[{"id":137,"href":"https:\/\/qualitrans.hu\/en\/wp-json\/wp\/v2\/pages\/6\/revisions\/137"}],"wp:featuredmedia":[{"embeddable":true,"href":"https:\/\/qualitrans.hu\/en\/wp-json\/wp\/v2\/media\/275"}],"wp:attachment":[{"href":"https:\/\/qualitrans.hu\/en\/wp-json\/wp\/v2\/media?parent=6"}],"curies":[{"name":"wp","href":"https:\/\/api.w.org\/{rel}","templated":true}]}}